{"id":2924,"date":"2023-10-01T17:02:34","date_gmt":"2023-10-01T15:02:34","guid":{"rendered":"https:\/\/veganova.eu\/?post_type=product&#038;p=2924"},"modified":"2026-04-21T07:23:35","modified_gmt":"2026-04-21T05:23:35","slug":"doctors-best-fully-active-b12-1500mcg-60-kaps","status":"publish","type":"product","link":"https:\/\/veganova.eu\/fr\/shop\/doctors-best-fully-active-b12-1500mcg-60-kaps\/","title":{"rendered":"Doctor's Best Fully Active B12, 1500mcg (60 g\u00e9lules)"},"content":{"rendered":"<h3>Doctor's Best Fully Active B12<\/h3>\n<ul>\n<li>Doctor's Best Fully Active B12 favorise la sant\u00e9 de la m\u00e9moire, de l'humeur, de la circulation et du bien-\u00eatre physique et mental en g\u00e9n\u00e9ral.<\/li>\n<li>Fournit de la m\u00e9thylcobalamine, la forme biochimiquement la plus active de la vitamine B12.<\/li>\n<li>La vitamine B12 est essentielle pour l'homme \u00e0 tous les stades de la vie, de la conception \u00e0 l'\u00e2ge avanc\u00e9.<\/li>\n<li>Un taux sain de vitamine B12 est associ\u00e9 \u00e0 une bonne humeur et \u00e0 un syst\u00e8me nerveux sain.<\/li>\n<\/ul>","protected":false},"excerpt":{"rendered":"<p>Compl\u00e9ment alimentaire v\u00e9g\u00e9talien contenant la forme la plus active de la vitamine B12 Doctor's Best Fully Active B12, 1500mcg, paquet contenant : 60 g\u00e9lules. Sans gluten et sans OGM.<\/p>","protected":false},"featured_media":51758,"comment_status":"closed","ping_status":"closed","template":"","meta":{"advanced_seo_description":"","jetpack_seo_html_title":"","jetpack_seo_noindex":false},"pwb-brand":[147],"product_brand":[4565],"product_cat":[153,152],"product_tag":[1200,860,1094,1150],"class_list":{"0":"post-2924","1":"product","2":"type-product","3":"status-publish","4":"has-post-thumbnail","6":"pwb-brand-doctors-best","7":"product_brand-doctors-best","8":"product_cat-vitamins","9":"product_cat-vitamins-and-minerals","10":"product_tag-blood-circulation","11":"product_tag-energy","12":"product_tag-metabolism","13":"product_tag-nervous-system","14":"brand_woo-doctors-best","16":"first","17":"instock","18":"taxable","19":"shipping-taxable","20":"purchasable","21":"product-type-simple"},"jetpack_sharing_enabled":true,"brands":[{"id":147,"name":"Doctor's Best","slug":"doctors-best"}],"_links":{"self":[{"href":"https:\/\/veganova.eu\/fr\/wp-json\/wp\/v2\/product\/2924","targetHints":{"allow":["GET"]}}],"collection":[{"href":"https:\/\/veganova.eu\/fr\/wp-json\/wp\/v2\/product"}],"about":[{"href":"https:\/\/veganova.eu\/fr\/wp-json\/wp\/v2\/types\/product"}],"replies":[{"embeddable":true,"href":"https:\/\/veganova.eu\/fr\/wp-json\/wp\/v2\/comments?post=2924"}],"version-history":[{"count":1,"href":"https:\/\/veganova.eu\/fr\/wp-json\/wp\/v2\/product\/2924\/revisions"}],"predecessor-version":[{"id":57467,"href":"https:\/\/veganova.eu\/fr\/wp-json\/wp\/v2\/product\/2924\/revisions\/57467"}],"wp:featuredmedia":[{"embeddable":true,"href":"https:\/\/veganova.eu\/fr\/wp-json\/wp\/v2\/media\/51758"}],"wp:attachment":[{"href":"https:\/\/veganova.eu\/fr\/wp-json\/wp\/v2\/media?parent=2924"}],"wp:term":[{"taxonomy":"pwb-brand","embeddable":true,"href":"https:\/\/veganova.eu\/fr\/wp-json\/wp\/v2\/pwb-brand?post=2924"},{"taxonomy":"product_brand","embeddable":true,"href":"https:\/\/veganova.eu\/fr\/wp-json\/wp\/v2\/product_brand?post=2924"},{"taxonomy":"product_cat","embeddable":true,"href":"https:\/\/veganova.eu\/fr\/wp-json\/wp\/v2\/product_cat?post=2924"},{"taxonomy":"product_tag","embeddable":true,"href":"https:\/\/veganova.eu\/fr\/wp-json\/wp\/v2\/product_tag?post=2924"}],"curies":[{"name":"wp","href":"https:\/\/api.w.org\/{rel}","templated":true}]}}