{"id":2992,"date":"2023-10-01T17:02:48","date_gmt":"2023-10-01T15:02:48","guid":{"rendered":"https:\/\/veganova.eu\/?post_type=product&#038;p=2992"},"modified":"2026-04-21T07:23:38","modified_gmt":"2026-04-21T05:23:38","slug":"doctors-best-vitamin-c-with-quali-c-1000mg-120-kaps","status":"publish","type":"product","link":"https:\/\/veganova.eu\/fr\/shop\/doctors-best-vitamin-c-with-quali-c-1000mg-120-kaps\/","title":{"rendered":"Doctor's Best Vitamine C avec Quali-C, 1000mg (120 g\u00e9lules)"},"content":{"rendered":"<h3>Doctor's Best Vitamine C avec Quali-C<\/h3>\n<ul>\n<li>La vitamine C de Doctor's Best avec Quali-C soutient la r\u00e9ponse immunitaire, le syst\u00e8me cardiovasculaire et est essentielle pour les articulations et les autres tissus conjonctifs.<\/li>\n<li>Doctor's Best utilise Quali-C, une marque d'acide ascorbique fabriqu\u00e9e en \u00c9cosse et appr\u00e9ci\u00e9e pour sa qualit\u00e9 et sa fiabilit\u00e9.<\/li>\n<li>L'acide ascorbique est inestimable pour l'organisme en raison de son r\u00f4le de donneur d'\u00e9lectrons qui soutient un certain nombre d'enzymes m\u00e9taboliques et augmente en outre le potentiel antioxydant global de l'organisme.<\/li>\n<li>Elle est essentielle \u00e0 la synth\u00e8se du collag\u00e8ne, de la carnitine et de certains transmetteurs chimiques du cerveau.<\/li>\n<li>La recherche clinique confirme le soutien essentiel de la vitamine C pour le cerveau, les yeux, le c\u0153ur et la circulation sanguine, le syst\u00e8me immunitaire et tous les autres syst\u00e8mes organiques du corps.<\/li>\n<\/ul>","protected":false},"excerpt":{"rendered":"<p>Suppl\u00e9ment nutritionnel v\u00e9g\u00e9talien contenant de la vitamine C Doctor's Best Vitamin C with Quali-C, 1000mg, paquet contenant : 120 capsules. Sans gluten et sans OGM.<\/p>","protected":false},"featured_media":51672,"comment_status":"closed","ping_status":"closed","template":"","meta":{"advanced_seo_description":"","jetpack_seo_html_title":"","jetpack_seo_noindex":false},"pwb-brand":[147],"product_brand":[4565],"product_cat":[597,2600,153,152],"product_tag":[1167,854,860,1117,1155],"class_list":{"0":"post-2992","1":"product","2":"type-product","3":"status-publish","4":"has-post-thumbnail","6":"pwb-brand-doctors-best","7":"product_brand-doctors-best","8":"product_cat-body-immunity","9":"product_cat-inflammation","10":"product_cat-vitamins","11":"product_cat-vitamins-and-minerals","12":"product_tag-blood-vessels","13":"product_tag-collagen-booster","14":"product_tag-energy","15":"product_tag-immunity","16":"product_tag-inflammation","17":"brand_woo-doctors-best","19":"first","20":"instock","21":"taxable","22":"shipping-taxable","23":"purchasable","24":"product-type-simple"},"jetpack_sharing_enabled":true,"brands":[{"id":147,"name":"Doctor's Best","slug":"doctors-best"}],"_links":{"self":[{"href":"https:\/\/veganova.eu\/fr\/wp-json\/wp\/v2\/product\/2992","targetHints":{"allow":["GET"]}}],"collection":[{"href":"https:\/\/veganova.eu\/fr\/wp-json\/wp\/v2\/product"}],"about":[{"href":"https:\/\/veganova.eu\/fr\/wp-json\/wp\/v2\/types\/product"}],"replies":[{"embeddable":true,"href":"https:\/\/veganova.eu\/fr\/wp-json\/wp\/v2\/comments?post=2992"}],"version-history":[{"count":1,"href":"https:\/\/veganova.eu\/fr\/wp-json\/wp\/v2\/product\/2992\/revisions"}],"predecessor-version":[{"id":57498,"href":"https:\/\/veganova.eu\/fr\/wp-json\/wp\/v2\/product\/2992\/revisions\/57498"}],"wp:featuredmedia":[{"embeddable":true,"href":"https:\/\/veganova.eu\/fr\/wp-json\/wp\/v2\/media\/51672"}],"wp:attachment":[{"href":"https:\/\/veganova.eu\/fr\/wp-json\/wp\/v2\/media?parent=2992"}],"wp:term":[{"taxonomy":"pwb-brand","embeddable":true,"href":"https:\/\/veganova.eu\/fr\/wp-json\/wp\/v2\/pwb-brand?post=2992"},{"taxonomy":"product_brand","embeddable":true,"href":"https:\/\/veganova.eu\/fr\/wp-json\/wp\/v2\/product_brand?post=2992"},{"taxonomy":"product_cat","embeddable":true,"href":"https:\/\/veganova.eu\/fr\/wp-json\/wp\/v2\/product_cat?post=2992"},{"taxonomy":"product_tag","embeddable":true,"href":"https:\/\/veganova.eu\/fr\/wp-json\/wp\/v2\/product_tag?post=2992"}],"curies":[{"name":"wp","href":"https:\/\/api.w.org\/{rel}","templated":true}]}}