{"id":3148,"date":"2023-10-01T17:03:46","date_gmt":"2023-10-01T15:03:46","guid":{"rendered":"https:\/\/veganova.eu\/?post_type=product&#038;p=3148"},"modified":"2026-04-21T07:23:46","modified_gmt":"2026-04-21T05:23:46","slug":"jarrow-formulas-astaxanthin-12mg-30-softgels","status":"publish","type":"product","link":"https:\/\/veganova.eu\/fr\/shop\/jarrow-formulas-astaxanthin-12mg-30-softgels\/","title":{"rendered":"Jarrow Formulas Astaxanthine, 12mg (30 softgels)"},"content":{"rendered":"<h3>Jarrow Formulas Astaxanthine, 12mg (30 softgels)<\/h3>\n<p>Jarrow Formulas Astaxanthin, featuring AstaPure astaxanthin est naturellement d\u00e9riv\u00e9 de la culture d'une souche unique de microalgue Haematococcus pluvialis. Des \u00e9tudes cliniques ont d\u00e9montr\u00e9 que l'astaxanthine contribue \u00e0 la sant\u00e9 du syst\u00e8me immunitaire, de la peau et des yeux.<\/p>","protected":false},"excerpt":{"rendered":"<p>Compl\u00e9ment alimentaire contenant de l'astaxanthine Jarrow Formulas Astaxanthin, 12mg. L'astaxanthine est un antioxydant naturel qui prot\u00e8ge la peau des rayons du soleil. L'emballage contient : 30 comprim\u00e9s souples. Sans gluten.<\/p>","protected":false},"featured_media":53214,"comment_status":"closed","ping_status":"closed","template":"","meta":{"advanced_seo_description":"","jetpack_seo_html_title":"","jetpack_seo_noindex":false},"pwb-brand":[165],"product_brand":[4572],"product_cat":[152],"product_tag":[599],"class_list":{"0":"post-3148","1":"product","2":"type-product","3":"status-publish","4":"has-post-thumbnail","6":"pwb-brand-jarrow-formulas","7":"product_brand-jarrow-formulas","8":"product_cat-vitamins-and-minerals","9":"product_tag-gluten-free","10":"brand_woo-jarrow-formulas","12":"first","13":"outofstock","14":"taxable","15":"shipping-taxable","16":"purchasable","17":"product-type-simple"},"jetpack_sharing_enabled":true,"brands":[{"id":165,"name":"Jarrow Formulas","slug":"jarrow-formulas"}],"_links":{"self":[{"href":"https:\/\/veganova.eu\/fr\/wp-json\/wp\/v2\/product\/3148","targetHints":{"allow":["GET"]}}],"collection":[{"href":"https:\/\/veganova.eu\/fr\/wp-json\/wp\/v2\/product"}],"about":[{"href":"https:\/\/veganova.eu\/fr\/wp-json\/wp\/v2\/types\/product"}],"replies":[{"embeddable":true,"href":"https:\/\/veganova.eu\/fr\/wp-json\/wp\/v2\/comments?post=3148"}],"version-history":[{"count":1,"href":"https:\/\/veganova.eu\/fr\/wp-json\/wp\/v2\/product\/3148\/revisions"}],"predecessor-version":[{"id":57635,"href":"https:\/\/veganova.eu\/fr\/wp-json\/wp\/v2\/product\/3148\/revisions\/57635"}],"wp:featuredmedia":[{"embeddable":true,"href":"https:\/\/veganova.eu\/fr\/wp-json\/wp\/v2\/media\/53214"}],"wp:attachment":[{"href":"https:\/\/veganova.eu\/fr\/wp-json\/wp\/v2\/media?parent=3148"}],"wp:term":[{"taxonomy":"pwb-brand","embeddable":true,"href":"https:\/\/veganova.eu\/fr\/wp-json\/wp\/v2\/pwb-brand?post=3148"},{"taxonomy":"product_brand","embeddable":true,"href":"https:\/\/veganova.eu\/fr\/wp-json\/wp\/v2\/product_brand?post=3148"},{"taxonomy":"product_cat","embeddable":true,"href":"https:\/\/veganova.eu\/fr\/wp-json\/wp\/v2\/product_cat?post=3148"},{"taxonomy":"product_tag","embeddable":true,"href":"https:\/\/veganova.eu\/fr\/wp-json\/wp\/v2\/product_tag?post=3148"}],"curies":[{"name":"wp","href":"https:\/\/api.w.org\/{rel}","templated":true}]}}