{"id":3160,"date":"2023-10-01T17:03:51","date_gmt":"2023-10-01T15:03:51","guid":{"rendered":"https:\/\/veganova.eu\/?post_type=product&#038;p=3160"},"modified":"2026-04-21T07:23:47","modified_gmt":"2026-04-21T05:23:47","slug":"jarrow-formulas-gaba-soothe-30-kaps","status":"publish","type":"product","link":"https:\/\/veganova.eu\/fr\/shop\/jarrow-formulas-gaba-soothe-30-kaps\/","title":{"rendered":"Jarrow Formulas GABA Soothe (30 g\u00e9lules)"},"content":{"rendered":"<h3>Jarrow Formulas GABA Soothe (30 g\u00e9lules)<\/h3>\n<p>Jarrow Formulas GABA Soothe contient des ingr\u00e9dients \u00e9tudi\u00e9s cliniquement qui soutiennent la r\u00e9sistance au stress occasionnel (extrait d'Ashwagandha) et la formation d'ondes c\u00e9r\u00e9brales alpha (GABA et Th\u00e9anine), qui est associ\u00e9e \u00e0 la relaxation.<\/p>","protected":false},"excerpt":{"rendered":"<p>Le compl\u00e9ment alimentaire v\u00e9g\u00e9tarien Jarrow Formulas GABA Soothe est indiqu\u00e9 en cas d'\u00e9puisement mental, pour calmer, soulager le stress et favoriser la concentration. L'emballage contient : 30 g\u00e9lules v\u00e9g\u00e9tales.<\/p>","protected":false},"featured_media":11238,"comment_status":"closed","ping_status":"closed","template":"","meta":{"advanced_seo_description":"","jetpack_seo_html_title":"","jetpack_seo_noindex":false},"pwb-brand":[165],"product_brand":[4572],"product_cat":[286,2595,152],"product_tag":[1262,1261,1108,1107,1126],"class_list":{"0":"post-3160","1":"product","2":"type-product","3":"status-publish","4":"has-post-thumbnail","6":"pwb-brand-jarrow-formulas","7":"product_brand-jarrow-formulas","8":"product_cat-for-a-better-mood","9":"product_cat-stress","10":"product_cat-vitamins-and-minerals","11":"product_tag-calming","12":"product_tag-concentration","13":"product_tag-exhaustion","14":"product_tag-fatigue","15":"product_tag-stress","16":"brand_woo-jarrow-formulas","18":"first","19":"instock","20":"taxable","21":"shipping-taxable","22":"purchasable","23":"product-type-simple"},"jetpack_sharing_enabled":true,"brands":[{"id":165,"name":"Jarrow Formulas","slug":"jarrow-formulas"}],"_links":{"self":[{"href":"https:\/\/veganova.eu\/fr\/wp-json\/wp\/v2\/product\/3160","targetHints":{"allow":["GET"]}}],"collection":[{"href":"https:\/\/veganova.eu\/fr\/wp-json\/wp\/v2\/product"}],"about":[{"href":"https:\/\/veganova.eu\/fr\/wp-json\/wp\/v2\/types\/product"}],"replies":[{"embeddable":true,"href":"https:\/\/veganova.eu\/fr\/wp-json\/wp\/v2\/comments?post=3160"}],"version-history":[{"count":1,"href":"https:\/\/veganova.eu\/fr\/wp-json\/wp\/v2\/product\/3160\/revisions"}],"predecessor-version":[{"id":57647,"href":"https:\/\/veganova.eu\/fr\/wp-json\/wp\/v2\/product\/3160\/revisions\/57647"}],"wp:featuredmedia":[{"embeddable":true,"href":"https:\/\/veganova.eu\/fr\/wp-json\/wp\/v2\/media\/11238"}],"wp:attachment":[{"href":"https:\/\/veganova.eu\/fr\/wp-json\/wp\/v2\/media?parent=3160"}],"wp:term":[{"taxonomy":"pwb-brand","embeddable":true,"href":"https:\/\/veganova.eu\/fr\/wp-json\/wp\/v2\/pwb-brand?post=3160"},{"taxonomy":"product_brand","embeddable":true,"href":"https:\/\/veganova.eu\/fr\/wp-json\/wp\/v2\/product_brand?post=3160"},{"taxonomy":"product_cat","embeddable":true,"href":"https:\/\/veganova.eu\/fr\/wp-json\/wp\/v2\/product_cat?post=3160"},{"taxonomy":"product_tag","embeddable":true,"href":"https:\/\/veganova.eu\/fr\/wp-json\/wp\/v2\/product_tag?post=3160"}],"curies":[{"name":"wp","href":"https:\/\/api.w.org\/{rel}","templated":true}]}}