{"id":3165,"date":"2023-10-01T17:03:54","date_gmt":"2023-10-01T15:03:54","guid":{"rendered":"https:\/\/veganova.eu\/?post_type=product&#038;p=3165"},"modified":"2026-04-21T07:23:48","modified_gmt":"2026-04-21T05:23:48","slug":"jarrow-formulas-hyaluronic-acid-60-kaps","status":"publish","type":"product","link":"https:\/\/veganova.eu\/fr\/shop\/jarrow-formulas-hyaluronic-acid-60-kaps\/","title":{"rendered":"Jarrow Formulas Acide Hyaluronique (60 g\u00e9lules)"},"content":{"rendered":"<h3>Jarrow Formulas Acide Hyaluronique (60 g\u00e9lules)<\/h3>\n<p>L'acide hyaluronique Jarrow Formulas est issu de la fermentation biologique. Il est biodisponible et contribue \u00e0 la sant\u00e9 de la peau. L'acide hyaluronique est pr\u00e9sent dans l'organisme en tant que composant naturel du cartilage articulaire, du liquide articulaire synovial et du tissu conjonctif de la peau.<\/p>","protected":false},"excerpt":{"rendered":"<p>Compl\u00e9ment alimentaire v\u00e9g\u00e9tarien contenant de l'acide hyaluronique L'acide hyaluronique de Jarrow Formulas assure l'hydratation de la peau et des os. L'emballage contient : 60 g\u00e9lules v\u00e9g\u00e9tales.<\/p>","protected":false},"featured_media":11149,"comment_status":"closed","ping_status":"closed","template":"","meta":{"advanced_seo_description":"","jetpack_seo_html_title":"","jetpack_seo_noindex":false},"pwb-brand":[165],"product_brand":[4572],"product_cat":[688,284,152],"product_tag":[1159,1128,1263,1118],"class_list":{"0":"post-3165","1":"product","2":"type-product","3":"status-publish","4":"has-post-thumbnail","6":"pwb-brand-jarrow-formulas","7":"product_brand-jarrow-formulas","8":"product_cat-beauty-supplements","9":"product_cat-trace-elements","10":"product_cat-vitamins-and-minerals","11":"product_tag-aging","12":"product_tag-beauty","13":"product_tag-hair-hydration","14":"product_tag-skin-hydration","15":"brand_woo-jarrow-formulas","17":"first","18":"instock","19":"taxable","20":"shipping-taxable","21":"purchasable","22":"product-type-simple"},"jetpack_sharing_enabled":true,"brands":[{"id":165,"name":"Jarrow Formulas","slug":"jarrow-formulas"}],"_links":{"self":[{"href":"https:\/\/veganova.eu\/fr\/wp-json\/wp\/v2\/product\/3165","targetHints":{"allow":["GET"]}}],"collection":[{"href":"https:\/\/veganova.eu\/fr\/wp-json\/wp\/v2\/product"}],"about":[{"href":"https:\/\/veganova.eu\/fr\/wp-json\/wp\/v2\/types\/product"}],"replies":[{"embeddable":true,"href":"https:\/\/veganova.eu\/fr\/wp-json\/wp\/v2\/comments?post=3165"}],"version-history":[{"count":1,"href":"https:\/\/veganova.eu\/fr\/wp-json\/wp\/v2\/product\/3165\/revisions"}],"predecessor-version":[{"id":57652,"href":"https:\/\/veganova.eu\/fr\/wp-json\/wp\/v2\/product\/3165\/revisions\/57652"}],"wp:featuredmedia":[{"embeddable":true,"href":"https:\/\/veganova.eu\/fr\/wp-json\/wp\/v2\/media\/11149"}],"wp:attachment":[{"href":"https:\/\/veganova.eu\/fr\/wp-json\/wp\/v2\/media?parent=3165"}],"wp:term":[{"taxonomy":"pwb-brand","embeddable":true,"href":"https:\/\/veganova.eu\/fr\/wp-json\/wp\/v2\/pwb-brand?post=3165"},{"taxonomy":"product_brand","embeddable":true,"href":"https:\/\/veganova.eu\/fr\/wp-json\/wp\/v2\/product_brand?post=3165"},{"taxonomy":"product_cat","embeddable":true,"href":"https:\/\/veganova.eu\/fr\/wp-json\/wp\/v2\/product_cat?post=3165"},{"taxonomy":"product_tag","embeddable":true,"href":"https:\/\/veganova.eu\/fr\/wp-json\/wp\/v2\/product_tag?post=3165"}],"curies":[{"name":"wp","href":"https:\/\/api.w.org\/{rel}","templated":true}]}}