{"id":3166,"date":"2023-10-01T17:03:54","date_gmt":"2023-10-01T15:03:54","guid":{"rendered":"https:\/\/veganova.eu\/?post_type=product&#038;p=3166"},"modified":"2026-04-21T07:23:48","modified_gmt":"2026-04-21T05:23:48","slug":"jarrow-formulas-inositol-750mg-100-kaps","status":"publish","type":"product","link":"https:\/\/veganova.eu\/fr\/shop\/jarrow-formulas-inositol-750mg-100-kaps\/","title":{"rendered":"Jarrow Formulas Inositol, 750mg (100 g\u00e9lules)"},"content":{"rendered":"<h3>Jarrow Formulas Inositol, 750mg (100 g\u00e9lules)<\/h3>\n<p>L'inositol de Jarrow Formulas est facilement absorb\u00e9 et utilis\u00e9 pour produire les inositides actifs selon les besoins. Les diff\u00e9rentes formes d'inositol (phosphatidylinositol et inositides tels que IP3) sont actives dans la communication de cellule \u00e0 cellule (comme les impulsions nerveuses), y compris dans le cerveau, le foie et les muscles. L'inositol, \u00e9galement connu sous le nom de myoinositol, est une source indirecte d'acide glucuronique, essentiel \u00e0 la d\u00e9toxification du foie.<\/p>","protected":false},"excerpt":{"rendered":"<p>Le compl\u00e9ment alimentaire v\u00e9g\u00e9talien Jarrow Formulas Inositol, 750mg est adapt\u00e9 \u00e0 la sant\u00e9 du foie, du cerveau et des muscles. L'emballage contient : 100 g\u00e9lules.<\/p>","protected":false},"featured_media":11144,"comment_status":"closed","ping_status":"closed","template":"","meta":{"advanced_seo_description":"","jetpack_seo_html_title":"","jetpack_seo_noindex":false},"pwb-brand":[165],"product_brand":[4572],"product_cat":[2599,2592,2591,152],"product_tag":[1221,1037,1154,1208],"class_list":{"0":"post-3166","1":"product","2":"type-product","3":"status-publish","4":"has-post-thumbnail","6":"pwb-brand-jarrow-formulas","7":"product_brand-jarrow-formulas","8":"product_cat-brain-and-memory","9":"product_cat-detox","10":"product_cat-liver","11":"product_cat-vitamins-and-minerals","12":"product_tag-brain","13":"product_tag-detox","14":"product_tag-liver","15":"product_tag-muscles","16":"brand_woo-jarrow-formulas","18":"first","19":"instock","20":"taxable","21":"shipping-taxable","22":"purchasable","23":"product-type-simple"},"jetpack_sharing_enabled":true,"brands":[{"id":165,"name":"Jarrow Formulas","slug":"jarrow-formulas"}],"_links":{"self":[{"href":"https:\/\/veganova.eu\/fr\/wp-json\/wp\/v2\/product\/3166","targetHints":{"allow":["GET"]}}],"collection":[{"href":"https:\/\/veganova.eu\/fr\/wp-json\/wp\/v2\/product"}],"about":[{"href":"https:\/\/veganova.eu\/fr\/wp-json\/wp\/v2\/types\/product"}],"replies":[{"embeddable":true,"href":"https:\/\/veganova.eu\/fr\/wp-json\/wp\/v2\/comments?post=3166"}],"version-history":[{"count":1,"href":"https:\/\/veganova.eu\/fr\/wp-json\/wp\/v2\/product\/3166\/revisions"}],"predecessor-version":[{"id":57653,"href":"https:\/\/veganova.eu\/fr\/wp-json\/wp\/v2\/product\/3166\/revisions\/57653"}],"wp:featuredmedia":[{"embeddable":true,"href":"https:\/\/veganova.eu\/fr\/wp-json\/wp\/v2\/media\/11144"}],"wp:attachment":[{"href":"https:\/\/veganova.eu\/fr\/wp-json\/wp\/v2\/media?parent=3166"}],"wp:term":[{"taxonomy":"pwb-brand","embeddable":true,"href":"https:\/\/veganova.eu\/fr\/wp-json\/wp\/v2\/pwb-brand?post=3166"},{"taxonomy":"product_brand","embeddable":true,"href":"https:\/\/veganova.eu\/fr\/wp-json\/wp\/v2\/product_brand?post=3166"},{"taxonomy":"product_cat","embeddable":true,"href":"https:\/\/veganova.eu\/fr\/wp-json\/wp\/v2\/product_cat?post=3166"},{"taxonomy":"product_tag","embeddable":true,"href":"https:\/\/veganova.eu\/fr\/wp-json\/wp\/v2\/product_tag?post=3166"}],"curies":[{"name":"wp","href":"https:\/\/api.w.org\/{rel}","templated":true}]}}