{"id":3177,"date":"2023-10-01T17:03:58","date_gmt":"2023-10-01T15:03:58","guid":{"rendered":"https:\/\/veganova.eu\/?post_type=product&#038;p=3177"},"modified":"2026-04-27T02:22:34","modified_gmt":"2026-04-27T00:22:34","slug":"jarrow-formulas-mastic-gum-60-kaps","status":"publish","type":"product","link":"https:\/\/veganova.eu\/fr\/shop\/jarrow-formulas-mastic-gum-60-kaps\/","title":{"rendered":"Jarrow Formulas Gomme de mastic (60 g\u00e9lules)"},"content":{"rendered":"<h3>Jarrow Formulas Gomme de mastic (60 g\u00e9lules)<\/h3>\n<p>La gomme mastic favorise la sant\u00e9 de l'estomac et du duod\u00e9num. La gomme mastic favorise la sant\u00e9 des cellules et des tissus gastriques et duod\u00e9naux afin de promouvoir la sant\u00e9 gastro-intestinale. Elle contient de la r\u00e9sine de l'arbre \u00e0 mastic (Pistacia lentiscus), \u00e9galement appel\u00e9 mastiha, un arbre ressemblant \u00e0 un arbuste qui pousse principalement en Gr\u00e8ce et en Turquie. Compos\u00e9e d'un exsudat r\u00e9sineux contenant des huiles essentielles, la gomme de mastic est utilis\u00e9e depuis des si\u00e8cles.<\/p>","protected":false},"excerpt":{"rendered":"<p>Vegetarian nutritional supplement Jarrow Formulas Mastic Gum is suitable for a healthy environment of the digestive tract. The package contains: 60 veggie capsules.<\/p>","protected":false},"featured_media":53186,"comment_status":"closed","ping_status":"closed","template":"","meta":{"advanced_seo_description":"","jetpack_seo_html_title":"","jetpack_seo_noindex":false},"pwb-brand":[165],"product_brand":[4572],"product_cat":[596],"product_tag":[1265,1234],"class_list":{"0":"post-3177","1":"product","2":"type-product","3":"status-publish","4":"has-post-thumbnail","6":"pwb-brand-jarrow-formulas","7":"product_brand-jarrow-formulas","8":"product_cat-digestion","9":"product_tag-digestion-recovery","10":"product_tag-gut-recovery","11":"brand_woo-jarrow-formulas","13":"first","14":"instock","15":"taxable","16":"shipping-taxable","17":"purchasable","18":"product-type-simple"},"jetpack_sharing_enabled":true,"brands":[{"id":165,"name":"Jarrow Formulas","slug":"jarrow-formulas"}],"_links":{"self":[{"href":"https:\/\/veganova.eu\/fr\/wp-json\/wp\/v2\/product\/3177","targetHints":{"allow":["GET"]}}],"collection":[{"href":"https:\/\/veganova.eu\/fr\/wp-json\/wp\/v2\/product"}],"about":[{"href":"https:\/\/veganova.eu\/fr\/wp-json\/wp\/v2\/types\/product"}],"replies":[{"embeddable":true,"href":"https:\/\/veganova.eu\/fr\/wp-json\/wp\/v2\/comments?post=3177"}],"version-history":[{"count":1,"href":"https:\/\/veganova.eu\/fr\/wp-json\/wp\/v2\/product\/3177\/revisions"}],"predecessor-version":[{"id":57663,"href":"https:\/\/veganova.eu\/fr\/wp-json\/wp\/v2\/product\/3177\/revisions\/57663"}],"wp:featuredmedia":[{"embeddable":true,"href":"https:\/\/veganova.eu\/fr\/wp-json\/wp\/v2\/media\/53186"}],"wp:attachment":[{"href":"https:\/\/veganova.eu\/fr\/wp-json\/wp\/v2\/media?parent=3177"}],"wp:term":[{"taxonomy":"pwb-brand","embeddable":true,"href":"https:\/\/veganova.eu\/fr\/wp-json\/wp\/v2\/pwb-brand?post=3177"},{"taxonomy":"product_brand","embeddable":true,"href":"https:\/\/veganova.eu\/fr\/wp-json\/wp\/v2\/product_brand?post=3177"},{"taxonomy":"product_cat","embeddable":true,"href":"https:\/\/veganova.eu\/fr\/wp-json\/wp\/v2\/product_cat?post=3177"},{"taxonomy":"product_tag","embeddable":true,"href":"https:\/\/veganova.eu\/fr\/wp-json\/wp\/v2\/product_tag?post=3177"}],"curies":[{"name":"wp","href":"https:\/\/api.w.org\/{rel}","templated":true}]}}