{"id":3189,"date":"2023-10-01T17:04:03","date_gmt":"2023-10-01T15:04:03","guid":{"rendered":"https:\/\/veganova.eu\/?post_type=product&#038;p=3189"},"modified":"2026-04-21T07:23:49","modified_gmt":"2026-04-21T05:23:49","slug":"jarrow-formulas-resveratrol-100mg-60-kaps","status":"publish","type":"product","link":"https:\/\/veganova.eu\/fr\/shop\/jarrow-formulas-resveratrol-100mg-60-kaps\/","title":{"rendered":"Jarrow Formulas Resveratrol, 100mg (60 g\u00e9lules)"},"content":{"rendered":"<h3>Jarrow Formulas Resveratrol, 100mg (60 g\u00e9lules)<\/h3>\n<p>Quel est l'effet du resv\u00e9ratrol ?<br \/>\nJarrow Formulas Resveratrol contient 100 mg de resv\u00e9ratrol (3,4\u2032,5-trihydroxystilb\u00e8ne) et de glucosides de resv\u00e9ratrol (piceids) extraits de la racine Hu zhang (\"canne tigr\u00e9e\"), \u00e9galement connue sous le nom de Polygonum cuspidatum. Les extraits de polygonum sont utilis\u00e9s depuis longtemps dans la m\u00e9decine traditionnelle orientale comme cardiotoniques.<\/p>\n<p>Jarrow Formulas Resveratrol fournit environ 90% de resv\u00e9ratrol dans la configuration trans.<\/p>\n<p>En tant qu'antioxydant, le resv\u00e9ratrol soutient la fonction cardiovasculaire en inhibant l'oxydation des LDL, en stimulant la synth\u00e8se de l'oxyde nitrique et en favorisant l'int\u00e9grit\u00e9 des capillaires.<\/p>\n<p>Le resv\u00e9ratrol a \u00e9galement \u00e9t\u00e9 \u00e9tudi\u00e9 pour sa capacit\u00e9 \u00e0 activer les enzymes de d\u00e9toxification de la phase 2 afin de maintenir une r\u00e9plication cellulaire saine.<\/p>","protected":false},"excerpt":{"rendered":"<p>Compl\u00e9ment alimentaire v\u00e9g\u00e9talien contenant du resv\u00e9ratrol Jarrow Formulas Resveratrol 100mg convient pour soutenir un syst\u00e8me cardiovasculaire sain. Il a des effets antioxydants. L'emballage contient : 60 comprim\u00e9s v\u00e9g\u00e9tariens.<\/p>","protected":false},"featured_media":53172,"comment_status":"closed","ping_status":"closed","template":"","meta":{"advanced_seo_description":"","jetpack_seo_html_title":"","jetpack_seo_noindex":false},"pwb-brand":[165],"product_brand":[4572],"product_cat":[149],"product_tag":[1159,1093,1241,1158,1153,1133],"class_list":{"0":"post-3189","1":"product","2":"type-product","3":"status-publish","4":"has-post-thumbnail","6":"pwb-brand-jarrow-formulas","7":"product_brand-jarrow-formulas","8":"product_cat-superfoods","9":"product_tag-aging","10":"product_tag-antioxidant","11":"product_tag-cardiovascular-system","12":"product_tag-heart","13":"product_tag-vessels","14":"product_tag-wrinkles","15":"brand_woo-jarrow-formulas","17":"first","18":"outofstock","19":"taxable","20":"shipping-taxable","21":"purchasable","22":"product-type-simple"},"jetpack_sharing_enabled":true,"brands":[{"id":165,"name":"Jarrow Formulas","slug":"jarrow-formulas"}],"_links":{"self":[{"href":"https:\/\/veganova.eu\/fr\/wp-json\/wp\/v2\/product\/3189","targetHints":{"allow":["GET"]}}],"collection":[{"href":"https:\/\/veganova.eu\/fr\/wp-json\/wp\/v2\/product"}],"about":[{"href":"https:\/\/veganova.eu\/fr\/wp-json\/wp\/v2\/types\/product"}],"replies":[{"embeddable":true,"href":"https:\/\/veganova.eu\/fr\/wp-json\/wp\/v2\/comments?post=3189"}],"version-history":[{"count":1,"href":"https:\/\/veganova.eu\/fr\/wp-json\/wp\/v2\/product\/3189\/revisions"}],"predecessor-version":[{"id":57675,"href":"https:\/\/veganova.eu\/fr\/wp-json\/wp\/v2\/product\/3189\/revisions\/57675"}],"wp:featuredmedia":[{"embeddable":true,"href":"https:\/\/veganova.eu\/fr\/wp-json\/wp\/v2\/media\/53172"}],"wp:attachment":[{"href":"https:\/\/veganova.eu\/fr\/wp-json\/wp\/v2\/media?parent=3189"}],"wp:term":[{"taxonomy":"pwb-brand","embeddable":true,"href":"https:\/\/veganova.eu\/fr\/wp-json\/wp\/v2\/pwb-brand?post=3189"},{"taxonomy":"product_brand","embeddable":true,"href":"https:\/\/veganova.eu\/fr\/wp-json\/wp\/v2\/product_brand?post=3189"},{"taxonomy":"product_cat","embeddable":true,"href":"https:\/\/veganova.eu\/fr\/wp-json\/wp\/v2\/product_cat?post=3189"},{"taxonomy":"product_tag","embeddable":true,"href":"https:\/\/veganova.eu\/fr\/wp-json\/wp\/v2\/product_tag?post=3189"}],"curies":[{"name":"wp","href":"https:\/\/api.w.org\/{rel}","templated":true}]}}