{"id":3199,"date":"2023-10-01T17:04:08","date_gmt":"2023-10-01T15:04:08","guid":{"rendered":"https:\/\/veganova.eu\/?post_type=product&#038;p=3199"},"modified":"2026-04-26T02:21:33","modified_gmt":"2026-04-26T00:21:33","slug":"jarrow-formulas-wild-bitter-melon-extract-1500mg-60-tab","status":"publish","type":"product","link":"https:\/\/veganova.eu\/fr\/shop\/jarrow-formulas-wild-bitter-melon-extract-1500mg-60-tab\/","title":{"rendered":"Jarrow Formulas Extrait de melon amer sauvage, 1500mg (60 tab)"},"content":{"rendered":"<h3>Jarrow Formulas Extrait de melon amer sauvage, 1500mg (60 tab)<\/h3>\n<p>L'extrait de melon amer sauvage de Jarrow Formulas contient du Glycostat, un extrait exclusif d\u00e9riv\u00e9 d'un g\u00e9notype sauvage de melon amer (gourde am\u00e8re) qui utilise un processus de stabilisation pour conserver l'activit\u00e9 du melon amer frais. Le melon amer favorise un m\u00e9tabolisme insuline-glucose sain et des fonctions m\u00e9taboliques normales.<\/p>","protected":false},"excerpt":{"rendered":"<p>Le compl\u00e9ment alimentaire Jarrow Formulas Wild Bitter Melon Extract, 1500mg aide \u00e0 maintenir une glyc\u00e9mie et une tension art\u00e9rielle saines. L'emballage contient : 60 comprim\u00e9s.<\/p>","protected":false},"featured_media":53160,"comment_status":"closed","ping_status":"closed","template":"","meta":{"advanced_seo_description":"","jetpack_seo_html_title":"","jetpack_seo_noindex":false},"pwb-brand":[165],"product_brand":[4572],"product_cat":[149],"product_tag":[1274,1204],"class_list":{"0":"post-3199","1":"product","2":"type-product","3":"status-publish","4":"has-post-thumbnail","6":"pwb-brand-jarrow-formulas","7":"product_brand-jarrow-formulas","8":"product_cat-superfoods","9":"product_tag-blood-pressure","10":"product_tag-healthy-blood-sugar","11":"brand_woo-jarrow-formulas","13":"first","14":"instock","15":"taxable","16":"shipping-taxable","17":"purchasable","18":"product-type-simple"},"jetpack_sharing_enabled":true,"brands":[{"id":165,"name":"Jarrow Formulas","slug":"jarrow-formulas"}],"_links":{"self":[{"href":"https:\/\/veganova.eu\/fr\/wp-json\/wp\/v2\/product\/3199","targetHints":{"allow":["GET"]}}],"collection":[{"href":"https:\/\/veganova.eu\/fr\/wp-json\/wp\/v2\/product"}],"about":[{"href":"https:\/\/veganova.eu\/fr\/wp-json\/wp\/v2\/types\/product"}],"replies":[{"embeddable":true,"href":"https:\/\/veganova.eu\/fr\/wp-json\/wp\/v2\/comments?post=3199"}],"version-history":[{"count":1,"href":"https:\/\/veganova.eu\/fr\/wp-json\/wp\/v2\/product\/3199\/revisions"}],"predecessor-version":[{"id":57685,"href":"https:\/\/veganova.eu\/fr\/wp-json\/wp\/v2\/product\/3199\/revisions\/57685"}],"wp:featuredmedia":[{"embeddable":true,"href":"https:\/\/veganova.eu\/fr\/wp-json\/wp\/v2\/media\/53160"}],"wp:attachment":[{"href":"https:\/\/veganova.eu\/fr\/wp-json\/wp\/v2\/media?parent=3199"}],"wp:term":[{"taxonomy":"pwb-brand","embeddable":true,"href":"https:\/\/veganova.eu\/fr\/wp-json\/wp\/v2\/pwb-brand?post=3199"},{"taxonomy":"product_brand","embeddable":true,"href":"https:\/\/veganova.eu\/fr\/wp-json\/wp\/v2\/product_brand?post=3199"},{"taxonomy":"product_cat","embeddable":true,"href":"https:\/\/veganova.eu\/fr\/wp-json\/wp\/v2\/product_cat?post=3199"},{"taxonomy":"product_tag","embeddable":true,"href":"https:\/\/veganova.eu\/fr\/wp-json\/wp\/v2\/product_tag?post=3199"}],"curies":[{"name":"wp","href":"https:\/\/api.w.org\/{rel}","templated":true}]}}