{"id":3201,"date":"2023-10-01T17:04:09","date_gmt":"2023-10-01T15:04:09","guid":{"rendered":"https:\/\/veganova.eu\/?post_type=product&#038;p=3201"},"modified":"2026-04-21T07:23:50","modified_gmt":"2026-04-21T05:23:50","slug":"jarrow-formulas-yum-yum-dophilus-1-billion-120-chewable-tab","status":"publish","type":"product","link":"https:\/\/veganova.eu\/fr\/shop\/jarrow-formulas-yum-yum-dophilus-1-billion-120-chewable-tab\/","title":{"rendered":"Jarrow Formulas Yum-Yum Dophilus, 1 milliard (120 comprim\u00e9s \u00e0 m\u00e2cher)"},"content":{"rendered":"<h3>Jarrow Formulas Yum-Yum Dophilus, 1 milliard (120 comprim\u00e9s \u00e0 m\u00e2cher)<\/h3>\n<p>Que fait Yum-Yum Dophilus ?<br \/>\nJarrow Formulas Yum-Yum Dophilus fournit 4 souches de bact\u00e9ries b\u00e9n\u00e9fiques cliniquement document\u00e9es dans un d\u00e9licieux comprim\u00e9 \u00e0 m\u00e2cher. La flore intestinale b\u00e9n\u00e9fique peut \u00eatre affect\u00e9e n\u00e9gativement ou r\u00e9duite par une alimentation pauvre en fibres, riche en prot\u00e9ines animales, l'utilisation de m\u00e9dicaments, les voyages et le stress, etc. Il en r\u00e9sulte une dysbiose (c'est-\u00e0-dire une perturbation de la microflore intestinale normale), qui peut affecter n\u00e9gativement la fonction gastro-intestinale et le bien-\u00eatre.<\/p>\n<p>Les bact\u00e9ries amicales contenues dans Yum-Yum Dophilus aident \u00e0 maintenir une microflore intestinale \u00e9quilibr\u00e9e, \u00e0 soutenir la fonction immunitaire et \u00e0 promouvoir la sant\u00e9. Le xylitol est utilis\u00e9 pour rehausser le go\u00fbt et favoriser la sant\u00e9 dentaire.<\/p>\n<p>Sans sucre. Sans \u00e9dulcorant, ar\u00f4me ou colorant artificiels.<\/p>\n<p>Chaque comprim\u00e9 est emball\u00e9 individuellement sous blister pour une stabilit\u00e9 et une commodit\u00e9 accrues.<\/p>","protected":false},"excerpt":{"rendered":"<p>Suppl\u00e9ment nutritionnel contenant des probiotiques, de l'inuline et des fructo-oligosaccharides Jarrow Formulas Yum-Yum Dophilus, 1 milliard, paquet contient : 120 comprim\u00e9s \u00e0 croquer.<\/p>","protected":false},"featured_media":11337,"comment_status":"closed","ping_status":"closed","template":"","meta":{"advanced_seo_description":"","jetpack_seo_html_title":"","jetpack_seo_noindex":false},"pwb-brand":[165],"product_brand":[4572],"product_cat":[596],"product_tag":[1156,1276,1117,1275],"class_list":{"0":"post-3201","1":"product","2":"type-product","3":"status-publish","4":"has-post-thumbnail","6":"pwb-brand-jarrow-formulas","7":"product_brand-jarrow-formulas","8":"product_cat-digestion","9":"product_tag-healthy-digestion","10":"product_tag-healthy-intestine","11":"product_tag-immunity","12":"product_tag-intestinal-microflora","13":"brand_woo-jarrow-formulas","15":"first","16":"instock","17":"sale","18":"taxable","19":"shipping-taxable","20":"purchasable","21":"product-type-simple"},"jetpack_sharing_enabled":true,"brands":[{"id":165,"name":"Jarrow Formulas","slug":"jarrow-formulas"}],"_links":{"self":[{"href":"https:\/\/veganova.eu\/fr\/wp-json\/wp\/v2\/product\/3201","targetHints":{"allow":["GET"]}}],"collection":[{"href":"https:\/\/veganova.eu\/fr\/wp-json\/wp\/v2\/product"}],"about":[{"href":"https:\/\/veganova.eu\/fr\/wp-json\/wp\/v2\/types\/product"}],"replies":[{"embeddable":true,"href":"https:\/\/veganova.eu\/fr\/wp-json\/wp\/v2\/comments?post=3201"}],"version-history":[{"count":1,"href":"https:\/\/veganova.eu\/fr\/wp-json\/wp\/v2\/product\/3201\/revisions"}],"predecessor-version":[{"id":57687,"href":"https:\/\/veganova.eu\/fr\/wp-json\/wp\/v2\/product\/3201\/revisions\/57687"}],"wp:featuredmedia":[{"embeddable":true,"href":"https:\/\/veganova.eu\/fr\/wp-json\/wp\/v2\/media\/11337"}],"wp:attachment":[{"href":"https:\/\/veganova.eu\/fr\/wp-json\/wp\/v2\/media?parent=3201"}],"wp:term":[{"taxonomy":"pwb-brand","embeddable":true,"href":"https:\/\/veganova.eu\/fr\/wp-json\/wp\/v2\/pwb-brand?post=3201"},{"taxonomy":"product_brand","embeddable":true,"href":"https:\/\/veganova.eu\/fr\/wp-json\/wp\/v2\/product_brand?post=3201"},{"taxonomy":"product_cat","embeddable":true,"href":"https:\/\/veganova.eu\/fr\/wp-json\/wp\/v2\/product_cat?post=3201"},{"taxonomy":"product_tag","embeddable":true,"href":"https:\/\/veganova.eu\/fr\/wp-json\/wp\/v2\/product_tag?post=3201"}],"curies":[{"name":"wp","href":"https:\/\/api.w.org\/{rel}","templated":true}]}}