{"id":3353,"date":"2023-10-01T17:05:01","date_gmt":"2023-10-01T15:05:01","guid":{"rendered":"https:\/\/veganova.eu\/?post_type=product&#038;p=3353"},"modified":"2026-04-21T07:23:59","modified_gmt":"2026-04-21T05:23:59","slug":"now-foods-betterstevia-instant-tab-175-tab","status":"publish","type":"product","link":"https:\/\/veganova.eu\/fr\/shop\/now-foods-betterstevia-instant-tab-175-tab\/","title":{"rendered":"NOW Foods BetterStevia Instant tab. (175 tablettes)"},"content":{"rendered":"<h3>NOW Foods BetterStevia Instant tab<\/h3>\n<ul>\n<li>Dissolution rapide<\/li>\n<li>NOW BetterStevia est un \u00e9dulcorant naturel sans calories et \u00e0 faible indice glyc\u00e9mique qui est un substitut parfaitement sain du sucre de table et des \u00e9dulcorants artificiels.<\/li>\n<li>Contrairement aux \u00e9dulcorants chimiques, NOW BetterStevia contient de l'extrait de st\u00e9via certifi\u00e9 biologique.<\/li>\n<\/ul>","protected":false},"excerpt":{"rendered":"<p>L'\u00e9dulcorant naturel v\u00e9g\u00e9tal NOW Foods Better Stevia Instant tablets est un emballage pratique pour les voyages ou dans un sac \u00e0 main, pour sucrer le caf\u00e9 et les boissons. L'emballage contient : 175 comprim\u00e9s. Sans gluten, sans OGM.<\/p>","protected":false},"featured_media":51606,"comment_status":"closed","ping_status":"closed","template":"","meta":{"advanced_seo_description":"","jetpack_seo_html_title":"","jetpack_seo_noindex":false},"pwb-brand":[173],"product_brand":[4580],"product_cat":[143,234],"product_tag":[599,600,601,602,603],"class_list":{"0":"post-3353","1":"product","2":"type-product","3":"status-publish","4":"has-post-thumbnail","6":"pwb-brand-now-foods","7":"product_brand-now-foods","8":"product_cat-health-issues","9":"product_cat-healthy-sweetening","10":"product_tag-gluten-free","11":"product_tag-no-sugar","12":"product_tag-non-gmo","13":"product_tag-vegan","14":"product_tag-vege","15":"brand_woo-now-foods","17":"first","18":"instock","19":"taxable","20":"shipping-taxable","21":"purchasable","22":"product-type-simple"},"jetpack_sharing_enabled":true,"brands":[{"id":173,"name":"NOW Foods","slug":"now-foods"}],"_links":{"self":[{"href":"https:\/\/veganova.eu\/fr\/wp-json\/wp\/v2\/product\/3353","targetHints":{"allow":["GET"]}}],"collection":[{"href":"https:\/\/veganova.eu\/fr\/wp-json\/wp\/v2\/product"}],"about":[{"href":"https:\/\/veganova.eu\/fr\/wp-json\/wp\/v2\/types\/product"}],"replies":[{"embeddable":true,"href":"https:\/\/veganova.eu\/fr\/wp-json\/wp\/v2\/comments?post=3353"}],"version-history":[{"count":1,"href":"https:\/\/veganova.eu\/fr\/wp-json\/wp\/v2\/product\/3353\/revisions"}],"predecessor-version":[{"id":57792,"href":"https:\/\/veganova.eu\/fr\/wp-json\/wp\/v2\/product\/3353\/revisions\/57792"}],"wp:featuredmedia":[{"embeddable":true,"href":"https:\/\/veganova.eu\/fr\/wp-json\/wp\/v2\/media\/51606"}],"wp:attachment":[{"href":"https:\/\/veganova.eu\/fr\/wp-json\/wp\/v2\/media?parent=3353"}],"wp:term":[{"taxonomy":"pwb-brand","embeddable":true,"href":"https:\/\/veganova.eu\/fr\/wp-json\/wp\/v2\/pwb-brand?post=3353"},{"taxonomy":"product_brand","embeddable":true,"href":"https:\/\/veganova.eu\/fr\/wp-json\/wp\/v2\/product_brand?post=3353"},{"taxonomy":"product_cat","embeddable":true,"href":"https:\/\/veganova.eu\/fr\/wp-json\/wp\/v2\/product_cat?post=3353"},{"taxonomy":"product_tag","embeddable":true,"href":"https:\/\/veganova.eu\/fr\/wp-json\/wp\/v2\/product_tag?post=3353"}],"curies":[{"name":"wp","href":"https:\/\/api.w.org\/{rel}","templated":true}]}}