{"id":3356,"date":"2023-10-01T17:05:04","date_gmt":"2023-10-01T15:05:04","guid":{"rendered":"https:\/\/veganova.eu\/?post_type=product&#038;p=3356"},"modified":"2026-04-28T02:23:32","modified_gmt":"2026-04-28T00:23:32","slug":"now-foods-biotin-5000mcg-60-kaps","status":"publish","type":"product","link":"https:\/\/veganova.eu\/fr\/shop\/now-foods-biotin-5000mcg-60-kaps\/","title":{"rendered":"NOW Foods Biotine, 5000mcg (60 g\u00e9lules)"},"content":{"rendered":"<h3>NOW Foods Biotine<\/h3>\n<ul>\n<li>Favorise le m\u00e9tabolisme des acides amin\u00e9s<\/li>\n<li>Favorise une fonction immunitaire normale<\/li>\n<li>La biotine est une vitamine hydrosoluble n\u00e9cessaire \u00e0 une croissance normale et au bon fonctionnement de l'organisme.<\/li>\n<li>La biotine est un \u00e9l\u00e9ment r\u00e9gulateur cl\u00e9 de la glucon\u00e9ogen\u00e8se, de la synth\u00e8se des acides gras et du m\u00e9tabolisme de certains acides amin\u00e9s.<\/li>\n<li>Outre son r\u00f4le dans la production d'\u00e9nergie, la biotine augmente la synth\u00e8se de certaines prot\u00e9ines.<\/li>\n<li>En outre, la biotine contribue au bon fonctionnement du syst\u00e8me immunitaire et joue un r\u00f4le essentiel dans la sant\u00e9 de la peau.<\/li>\n<\/ul>","protected":false},"excerpt":{"rendered":"<p>Vegan nutritional supplement NOW Foods Biotin, 5000mcg supports amino acid metabolism, a healthy immune system, as well as healthy skin and complexion. The package contains: 60 capsules. Gluten-free, GMO-free.<\/p>","protected":false},"featured_media":51623,"comment_status":"closed","ping_status":"closed","template":"","meta":{"advanced_seo_description":"","jetpack_seo_html_title":"","jetpack_seo_noindex":false},"pwb-brand":[173],"product_brand":[4580],"product_cat":[153,152],"product_tag":[1128,850,1058,1117,928,1095],"class_list":{"0":"post-3356","1":"product","2":"type-product","3":"status-publish","4":"has-post-thumbnail","6":"pwb-brand-now-foods","7":"product_brand-now-foods","8":"product_cat-vitamins","9":"product_cat-vitamins-and-minerals","10":"product_tag-beauty","11":"product_tag-hair","12":"product_tag-healthy-skin","13":"product_tag-immunity","14":"product_tag-nails","15":"product_tag-protein-metabolism","16":"brand_woo-now-foods","18":"first","19":"instock","20":"taxable","21":"shipping-taxable","22":"purchasable","23":"product-type-simple"},"jetpack_sharing_enabled":true,"brands":[{"id":173,"name":"NOW Foods","slug":"now-foods"}],"_links":{"self":[{"href":"https:\/\/veganova.eu\/fr\/wp-json\/wp\/v2\/product\/3356","targetHints":{"allow":["GET"]}}],"collection":[{"href":"https:\/\/veganova.eu\/fr\/wp-json\/wp\/v2\/product"}],"about":[{"href":"https:\/\/veganova.eu\/fr\/wp-json\/wp\/v2\/types\/product"}],"replies":[{"embeddable":true,"href":"https:\/\/veganova.eu\/fr\/wp-json\/wp\/v2\/comments?post=3356"}],"version-history":[{"count":1,"href":"https:\/\/veganova.eu\/fr\/wp-json\/wp\/v2\/product\/3356\/revisions"}],"predecessor-version":[{"id":57795,"href":"https:\/\/veganova.eu\/fr\/wp-json\/wp\/v2\/product\/3356\/revisions\/57795"}],"wp:featuredmedia":[{"embeddable":true,"href":"https:\/\/veganova.eu\/fr\/wp-json\/wp\/v2\/media\/51623"}],"wp:attachment":[{"href":"https:\/\/veganova.eu\/fr\/wp-json\/wp\/v2\/media?parent=3356"}],"wp:term":[{"taxonomy":"pwb-brand","embeddable":true,"href":"https:\/\/veganova.eu\/fr\/wp-json\/wp\/v2\/pwb-brand?post=3356"},{"taxonomy":"product_brand","embeddable":true,"href":"https:\/\/veganova.eu\/fr\/wp-json\/wp\/v2\/product_brand?post=3356"},{"taxonomy":"product_cat","embeddable":true,"href":"https:\/\/veganova.eu\/fr\/wp-json\/wp\/v2\/product_cat?post=3356"},{"taxonomy":"product_tag","embeddable":true,"href":"https:\/\/veganova.eu\/fr\/wp-json\/wp\/v2\/product_tag?post=3356"}],"curies":[{"name":"wp","href":"https:\/\/api.w.org\/{rel}","templated":true}]}}