{"id":3357,"date":"2023-10-01T17:05:04","date_gmt":"2023-10-01T15:05:04","guid":{"rendered":"https:\/\/veganova.eu\/?post_type=product&#038;p=3357"},"modified":"2026-04-21T07:23:59","modified_gmt":"2026-04-21T05:23:59","slug":"now-foods-black-cohosh-root-80mg-90-kaps","status":"publish","type":"product","link":"https:\/\/veganova.eu\/fr\/shop\/now-foods-black-cohosh-root-80mg-90-kaps\/","title":{"rendered":"NOW Foods Racine d'act\u00e9e \u00e0 grappes noires, 80mg (90 g\u00e9lules)"},"content":{"rendered":"<h3>NOW Foods Racine d'act\u00e9e \u00e0 grappes noires<\/h3>\n<ul>\n<li>extrait standardis\u00e9 2,5%<\/li>\n<li>A la r\u00e9glisse et au Dong Quai.<\/li>\n<li>L'act\u00e9e \u00e0 grappes noires est une plante historiquement utilis\u00e9e par les femmes am\u00e9rindiennes. Les recherches scientifiques actuelles montrent que la racine d'act\u00e9e \u00e0 grappes noires peut contribuer \u00e0 une r\u00e9ponse saine aux changements naturels qui surviennent pendant la m\u00e9nopause.<\/li>\n<li>NOW Black Cohosh Root contient \u00e9galement de la racine de r\u00e9glisse et du Dong Quai, qui sont populaires depuis des si\u00e8cles en Asie, en particulier chez les femmes d'\u00e2ge moyen.<\/li>\n<\/ul>","protected":false},"excerpt":{"rendered":"<p>NOW Foods Black Cohosh Root Vegan nutrition Supplement est un extrait d'une plante qui est donn\u00e9e aux femmes m\u00e9nopaus\u00e9es en Asie. L'emballage contient : 90 capsules. Sans gluten.<\/p>","protected":false},"featured_media":51625,"comment_status":"closed","ping_status":"closed","template":"","meta":{"advanced_seo_description":"","jetpack_seo_html_title":"","jetpack_seo_noindex":false},"pwb-brand":[173],"product_brand":[4580],"product_cat":[2596,149],"product_tag":[1056,1219,1309],"class_list":{"0":"post-3357","1":"product","2":"type-product","3":"status-publish","4":"has-post-thumbnail","6":"pwb-brand-now-foods","7":"product_brand-now-foods","8":"product_cat-herbs","9":"product_cat-superfoods","10":"product_tag-hormonal-system","11":"product_tag-medicinal-plants","12":"product_tag-menopause","13":"brand_woo-now-foods","15":"first","16":"instock","17":"taxable","18":"shipping-taxable","19":"purchasable","20":"product-type-simple"},"jetpack_sharing_enabled":true,"brands":[{"id":173,"name":"NOW Foods","slug":"now-foods"}],"_links":{"self":[{"href":"https:\/\/veganova.eu\/fr\/wp-json\/wp\/v2\/product\/3357","targetHints":{"allow":["GET"]}}],"collection":[{"href":"https:\/\/veganova.eu\/fr\/wp-json\/wp\/v2\/product"}],"about":[{"href":"https:\/\/veganova.eu\/fr\/wp-json\/wp\/v2\/types\/product"}],"replies":[{"embeddable":true,"href":"https:\/\/veganova.eu\/fr\/wp-json\/wp\/v2\/comments?post=3357"}],"version-history":[{"count":1,"href":"https:\/\/veganova.eu\/fr\/wp-json\/wp\/v2\/product\/3357\/revisions"}],"predecessor-version":[{"id":57796,"href":"https:\/\/veganova.eu\/fr\/wp-json\/wp\/v2\/product\/3357\/revisions\/57796"}],"wp:featuredmedia":[{"embeddable":true,"href":"https:\/\/veganova.eu\/fr\/wp-json\/wp\/v2\/media\/51625"}],"wp:attachment":[{"href":"https:\/\/veganova.eu\/fr\/wp-json\/wp\/v2\/media?parent=3357"}],"wp:term":[{"taxonomy":"pwb-brand","embeddable":true,"href":"https:\/\/veganova.eu\/fr\/wp-json\/wp\/v2\/pwb-brand?post=3357"},{"taxonomy":"product_brand","embeddable":true,"href":"https:\/\/veganova.eu\/fr\/wp-json\/wp\/v2\/product_brand?post=3357"},{"taxonomy":"product_cat","embeddable":true,"href":"https:\/\/veganova.eu\/fr\/wp-json\/wp\/v2\/product_cat?post=3357"},{"taxonomy":"product_tag","embeddable":true,"href":"https:\/\/veganova.eu\/fr\/wp-json\/wp\/v2\/product_tag?post=3357"}],"curies":[{"name":"wp","href":"https:\/\/api.w.org\/{rel}","templated":true}]}}