{"id":3378,"date":"2023-10-01T17:05:12","date_gmt":"2023-10-01T15:05:12","guid":{"rendered":"https:\/\/veganova.eu\/?post_type=product&#038;p=3378"},"modified":"2026-04-21T07:24:00","modified_gmt":"2026-04-21T05:24:00","slug":"now-foods-cayenne-500mg-100-kaps","status":"publish","type":"product","link":"https:\/\/veganova.eu\/fr\/shop\/now-foods-cayenne-500mg-100-kaps\/","title":{"rendered":"NOW Foods Cayenne, 500mg (100 g\u00e9lules)"},"content":{"rendered":"<h3>NOW Foods Cayenne<\/h3>\n<ul>\n<li>Favorise une digestion saine<\/li>\n<li>Soutient les vaisseaux sanguins<\/li>\n<li>Le go\u00fbt piquant et \u00e9pic\u00e9 de la cayenne est principalement d\u00fb \u00e0 un ingr\u00e9dient connu sous le nom de capsa\u00efcine. Des \u00e9tudes scientifiques modernes ont montr\u00e9 que la consommation de cayenne peut contribuer \u00e0 soutenir les fonctions cardiovasculaires et digestives.<\/li>\n<\/ul>","protected":false},"excerpt":{"rendered":"<p>Vegan nutritional supplement NOW Foods Cayenne, 500mg supports blood circulation and healthy metabolism. The package contains: 100 capsules. Gluten-free, GMO-free.<\/p>","protected":false},"featured_media":51633,"comment_status":"closed","ping_status":"closed","template":"","meta":{"advanced_seo_description":"","jetpack_seo_html_title":"","jetpack_seo_noindex":false},"pwb-brand":[173],"product_brand":[4580],"product_cat":[149],"product_tag":[1200,1067,1094],"class_list":{"0":"post-3378","1":"product","2":"type-product","3":"status-publish","4":"has-post-thumbnail","6":"pwb-brand-now-foods","7":"product_brand-now-foods","8":"product_cat-superfoods","9":"product_tag-blood-circulation","10":"product_tag-digestion","11":"product_tag-metabolism","12":"brand_woo-now-foods","14":"first","15":"instock","16":"taxable","17":"shipping-taxable","18":"purchasable","19":"product-type-simple"},"jetpack_sharing_enabled":true,"brands":[{"id":173,"name":"NOW Foods","slug":"now-foods"}],"_links":{"self":[{"href":"https:\/\/veganova.eu\/fr\/wp-json\/wp\/v2\/product\/3378","targetHints":{"allow":["GET"]}}],"collection":[{"href":"https:\/\/veganova.eu\/fr\/wp-json\/wp\/v2\/product"}],"about":[{"href":"https:\/\/veganova.eu\/fr\/wp-json\/wp\/v2\/types\/product"}],"replies":[{"embeddable":true,"href":"https:\/\/veganova.eu\/fr\/wp-json\/wp\/v2\/comments?post=3378"}],"version-history":[{"count":1,"href":"https:\/\/veganova.eu\/fr\/wp-json\/wp\/v2\/product\/3378\/revisions"}],"predecessor-version":[{"id":57812,"href":"https:\/\/veganova.eu\/fr\/wp-json\/wp\/v2\/product\/3378\/revisions\/57812"}],"wp:featuredmedia":[{"embeddable":true,"href":"https:\/\/veganova.eu\/fr\/wp-json\/wp\/v2\/media\/51633"}],"wp:attachment":[{"href":"https:\/\/veganova.eu\/fr\/wp-json\/wp\/v2\/media?parent=3378"}],"wp:term":[{"taxonomy":"pwb-brand","embeddable":true,"href":"https:\/\/veganova.eu\/fr\/wp-json\/wp\/v2\/pwb-brand?post=3378"},{"taxonomy":"product_brand","embeddable":true,"href":"https:\/\/veganova.eu\/fr\/wp-json\/wp\/v2\/product_brand?post=3378"},{"taxonomy":"product_cat","embeddable":true,"href":"https:\/\/veganova.eu\/fr\/wp-json\/wp\/v2\/product_cat?post=3378"},{"taxonomy":"product_tag","embeddable":true,"href":"https:\/\/veganova.eu\/fr\/wp-json\/wp\/v2\/product_tag?post=3378"}],"curies":[{"name":"wp","href":"https:\/\/api.w.org\/{rel}","templated":true}]}}