{"id":3385,"date":"2023-10-01T17:05:15","date_gmt":"2023-10-01T15:05:15","guid":{"rendered":"https:\/\/veganova.eu\/?post_type=product&#038;p=3385"},"modified":"2026-04-21T07:24:01","modified_gmt":"2026-04-21T05:24:01","slug":"now-foods-chlorella-1000mg-120-tab","status":"publish","type":"product","link":"https:\/\/veganova.eu\/fr\/shop\/now-foods-chlorella-1000mg-120-tab\/","title":{"rendered":"NOW Foods Chlorella, 1000mg (120 tab)"},"content":{"rendered":"<h3>NOW Foods Chlorella<\/h3>\n<ul>\n<li>La chlorelle est une microalgue unicellulaire verte qui contient de la chlorophylle naturelle, ainsi que du b\u00eata-carot\u00e8ne, des carot\u00e9no\u00efdes mixtes, de la vitamine C, du fer et des prot\u00e9ines.<\/li>\n<li>La paroi cellulaire de cette chlorelle de haute qualit\u00e9 a \u00e9t\u00e9 bris\u00e9e m\u00e9caniquement pour favoriser la digestibilit\u00e9.<\/li>\n<\/ul>","protected":false},"excerpt":{"rendered":"<p>Le suppl\u00e9ment nutritionnel v\u00e9g\u00e9talien NOW Foods Chlorella, 1000mg est un super-aliment vert riche en chlorophylle, en carto\u00efdes, en vitamine C, en fer et en prot\u00e9ines. Elle aide \u00e9galement \u00e0 r\u00e9soudre les probl\u00e8mes de digestion et lie les toxines et les m\u00e9taux lourds. L'emballage contient : 120 comprim\u00e9s. Sans gluten, sans OGM.<\/p>","protected":false},"featured_media":51396,"comment_status":"closed","ping_status":"closed","template":"","meta":{"advanced_seo_description":"","jetpack_seo_html_title":"","jetpack_seo_noindex":false},"pwb-brand":[173],"product_brand":[4580],"product_cat":[2592,2600,149],"product_tag":[1037,1067,1320,1284,1286,1090],"class_list":{"0":"post-3385","1":"product","2":"type-product","3":"status-publish","4":"has-post-thumbnail","6":"pwb-brand-now-foods","7":"product_brand-now-foods","8":"product_cat-detox","9":"product_cat-inflammation","10":"product_cat-superfoods","11":"product_tag-detox","12":"product_tag-digestion","13":"product_tag-green-foods","14":"product_tag-heavy-metals","15":"product_tag-natural-deodorant","16":"product_tag-toxins","17":"brand_woo-now-foods","19":"first","20":"instock","21":"taxable","22":"shipping-taxable","23":"purchasable","24":"product-type-simple"},"jetpack_sharing_enabled":true,"brands":[{"id":173,"name":"NOW Foods","slug":"now-foods"}],"_links":{"self":[{"href":"https:\/\/veganova.eu\/fr\/wp-json\/wp\/v2\/product\/3385","targetHints":{"allow":["GET"]}}],"collection":[{"href":"https:\/\/veganova.eu\/fr\/wp-json\/wp\/v2\/product"}],"about":[{"href":"https:\/\/veganova.eu\/fr\/wp-json\/wp\/v2\/types\/product"}],"replies":[{"embeddable":true,"href":"https:\/\/veganova.eu\/fr\/wp-json\/wp\/v2\/comments?post=3385"}],"version-history":[{"count":1,"href":"https:\/\/veganova.eu\/fr\/wp-json\/wp\/v2\/product\/3385\/revisions"}],"predecessor-version":[{"id":57818,"href":"https:\/\/veganova.eu\/fr\/wp-json\/wp\/v2\/product\/3385\/revisions\/57818"}],"wp:featuredmedia":[{"embeddable":true,"href":"https:\/\/veganova.eu\/fr\/wp-json\/wp\/v2\/media\/51396"}],"wp:attachment":[{"href":"https:\/\/veganova.eu\/fr\/wp-json\/wp\/v2\/media?parent=3385"}],"wp:term":[{"taxonomy":"pwb-brand","embeddable":true,"href":"https:\/\/veganova.eu\/fr\/wp-json\/wp\/v2\/pwb-brand?post=3385"},{"taxonomy":"product_brand","embeddable":true,"href":"https:\/\/veganova.eu\/fr\/wp-json\/wp\/v2\/product_brand?post=3385"},{"taxonomy":"product_cat","embeddable":true,"href":"https:\/\/veganova.eu\/fr\/wp-json\/wp\/v2\/product_cat?post=3385"},{"taxonomy":"product_tag","embeddable":true,"href":"https:\/\/veganova.eu\/fr\/wp-json\/wp\/v2\/product_tag?post=3385"}],"curies":[{"name":"wp","href":"https:\/\/api.w.org\/{rel}","templated":true}]}}