{"id":3416,"date":"2023-10-01T17:05:31","date_gmt":"2023-10-01T15:05:31","guid":{"rendered":"https:\/\/veganova.eu\/?post_type=product&#038;p=3416"},"modified":"2026-04-21T07:24:04","modified_gmt":"2026-04-21T05:24:04","slug":"now-foods-curcumin-120-kaps","status":"publish","type":"product","link":"https:\/\/veganova.eu\/fr\/shop\/now-foods-curcumin-120-kaps\/","title":{"rendered":"NOW Foods Curcumine (120 g\u00e9lules)"},"content":{"rendered":"<h3>NOW Foods Curcumine (120 g\u00e9lules)<\/h3>\n<p>Extrait standardis\u00e9<br \/>\n95% Curcumino\u00efdes<\/p>\n<p>La curcumine est le principal composant bioactif pr\u00e9sent dans les racines du curcuma (Curcuma longa), une plante appartenant \u00e0 la famille du gingembre. Le curcuma est utilis\u00e9 comme colorant et agent aromatique dans les cuisines d'Asie du Sud depuis des si\u00e8cles, et il est \u00e9galement recommand\u00e9 par les herboristes ayurv\u00e9diques traditionnels depuis des milliers d'ann\u00e9es. La curcumine a fait l'objet de recherches approfondies par les scientifiques modernes pour ses diverses activit\u00e9s biologiques.<\/p>","protected":false},"excerpt":{"rendered":"<p>Suppl\u00e9ment nutritionnel v\u00e9g\u00e9talien NOW Foods Curcumine avec un extrait naturel de curcuma, qui est utilis\u00e9 pour l'inflammation dans le corps ou le renforcement de l'immunit\u00e9. Elle a des effets antibact\u00e9riens. L'emballage contient : 120 g\u00e9lules. Sans gluten, sans OGM.<\/p>","protected":false},"featured_media":51641,"comment_status":"closed","ping_status":"closed","template":"","meta":{"advanced_seo_description":"","jetpack_seo_html_title":"","jetpack_seo_noindex":false},"pwb-brand":[173],"product_brand":[4580],"product_cat":[2593,2592,2596,597,2600,2591,149],"product_tag":[1164,1117,1155],"class_list":{"0":"post-3416","1":"product","2":"type-product","3":"status-publish","4":"has-post-thumbnail","6":"pwb-brand-now-foods","7":"product_brand-now-foods","8":"product_cat-antioxidants","9":"product_cat-detox","10":"product_cat-herbs","11":"product_cat-body-immunity","12":"product_cat-inflammation","13":"product_cat-liver","14":"product_cat-superfoods","15":"product_tag-bacteria","16":"product_tag-immunity","17":"product_tag-inflammation","18":"brand_woo-now-foods","20":"first","21":"instock","22":"taxable","23":"shipping-taxable","24":"purchasable","25":"product-type-simple"},"jetpack_sharing_enabled":true,"brands":[{"id":173,"name":"NOW Foods","slug":"now-foods"}],"_links":{"self":[{"href":"https:\/\/veganova.eu\/fr\/wp-json\/wp\/v2\/product\/3416","targetHints":{"allow":["GET"]}}],"collection":[{"href":"https:\/\/veganova.eu\/fr\/wp-json\/wp\/v2\/product"}],"about":[{"href":"https:\/\/veganova.eu\/fr\/wp-json\/wp\/v2\/types\/product"}],"replies":[{"embeddable":true,"href":"https:\/\/veganova.eu\/fr\/wp-json\/wp\/v2\/comments?post=3416"}],"version-history":[{"count":1,"href":"https:\/\/veganova.eu\/fr\/wp-json\/wp\/v2\/product\/3416\/revisions"}],"predecessor-version":[{"id":57847,"href":"https:\/\/veganova.eu\/fr\/wp-json\/wp\/v2\/product\/3416\/revisions\/57847"}],"wp:featuredmedia":[{"embeddable":true,"href":"https:\/\/veganova.eu\/fr\/wp-json\/wp\/v2\/media\/51641"}],"wp:attachment":[{"href":"https:\/\/veganova.eu\/fr\/wp-json\/wp\/v2\/media?parent=3416"}],"wp:term":[{"taxonomy":"pwb-brand","embeddable":true,"href":"https:\/\/veganova.eu\/fr\/wp-json\/wp\/v2\/pwb-brand?post=3416"},{"taxonomy":"product_brand","embeddable":true,"href":"https:\/\/veganova.eu\/fr\/wp-json\/wp\/v2\/product_brand?post=3416"},{"taxonomy":"product_cat","embeddable":true,"href":"https:\/\/veganova.eu\/fr\/wp-json\/wp\/v2\/product_cat?post=3416"},{"taxonomy":"product_tag","embeddable":true,"href":"https:\/\/veganova.eu\/fr\/wp-json\/wp\/v2\/product_tag?post=3416"}],"curies":[{"name":"wp","href":"https:\/\/api.w.org\/{rel}","templated":true}]}}