{"id":3455,"date":"2023-10-01T17:05:44","date_gmt":"2023-10-01T15:05:44","guid":{"rendered":"https:\/\/veganova.eu\/?post_type=product&#038;p=3455"},"modified":"2026-04-22T22:03:46","modified_gmt":"2026-04-22T20:03:46","slug":"now-foods-gaba-chewable-with-taurine-inositol-and-l-theanine-90-chewables","status":"publish","type":"product","link":"https:\/\/veganova.eu\/fr\/shop\/now-foods-gaba-chewable-with-taurine-inositol-and-l-theanine-90-chewables\/","title":{"rendered":"NOW Foods GABA \u00e0 m\u00e2cher avec Taurine, Inositol et L-Th\u00e9anine (90 comprim\u00e9s \u00e0 m\u00e2cher)"},"content":{"rendered":"<h3>NOW Foods GABA \u00e0 m\u00e2cher avec Taurine, Inositol et L-Th\u00e9anine<\/h3>\n<ul>\n<li>Favorise la relaxation<\/li>\n<li>Soulage la tension nerveuse<\/li>\n<li>Plus taurine, inositol et L -th\u00e9anine<\/li>\n<li>Sucr\u00e9 au xylitol<\/li>\n<li>Le GABA (acide gamma-aminobutyrique) est un acide amin\u00e9 non prot\u00e9ique qui joue le r\u00f4le de neurotransmetteur dans le cerveau humain.<\/li>\n<li>Le GABA est produit naturellement par l'organisme et sa pr\u00e9sence dans le syst\u00e8me nerveux central peut favoriser la relaxation et soulager la tension nerveuse.<\/li>\n<li>La d\u00e9licieuse saveur d'orange de NOW Chewable GABA combine ce neurotransmetteur naturel avec les acides amin\u00e9s relaxants taurine et th\u00e9anine pour leurs fonctions compl\u00e9mentaires.<\/li>\n<\/ul>","protected":false},"excerpt":{"rendered":"<p>Suppl\u00e9ment nutritionnel v\u00e9g\u00e9talien NOW Foods GABA \u00e0 m\u00e2cher avec taurine, inositol et L-th\u00e9anine, l'emballage contient : 90 comprim\u00e9s souples. Sans gluten, sans OGM.<\/p>","protected":false},"featured_media":53547,"comment_status":"closed","ping_status":"closed","template":"","meta":{"advanced_seo_description":"","jetpack_seo_html_title":"","jetpack_seo_noindex":false},"pwb-brand":[173],"product_brand":[4580],"product_cat":[174,132],"product_tag":[1343,1150,1079,1126],"class_list":{"0":"post-3455","1":"product","2":"type-product","3":"status-publish","4":"has-post-thumbnail","6":"pwb-brand-now-foods","7":"product_brand-now-foods","8":"product_cat-amino-acids","9":"product_cat-sports-nutrition","10":"product_tag-calming-the-mind","11":"product_tag-nervous-system","12":"product_tag-relaxation","13":"product_tag-stress","14":"brand_woo-now-foods","16":"first","17":"instock","18":"taxable","19":"shipping-taxable","20":"purchasable","21":"product-type-simple"},"jetpack_sharing_enabled":true,"brands":[{"id":173,"name":"NOW Foods","slug":"now-foods"}],"_links":{"self":[{"href":"https:\/\/veganova.eu\/fr\/wp-json\/wp\/v2\/product\/3455","targetHints":{"allow":["GET"]}}],"collection":[{"href":"https:\/\/veganova.eu\/fr\/wp-json\/wp\/v2\/product"}],"about":[{"href":"https:\/\/veganova.eu\/fr\/wp-json\/wp\/v2\/types\/product"}],"replies":[{"embeddable":true,"href":"https:\/\/veganova.eu\/fr\/wp-json\/wp\/v2\/comments?post=3455"}],"version-history":[{"count":1,"href":"https:\/\/veganova.eu\/fr\/wp-json\/wp\/v2\/product\/3455\/revisions"}],"predecessor-version":[{"id":57881,"href":"https:\/\/veganova.eu\/fr\/wp-json\/wp\/v2\/product\/3455\/revisions\/57881"}],"wp:featuredmedia":[{"embeddable":true,"href":"https:\/\/veganova.eu\/fr\/wp-json\/wp\/v2\/media\/53547"}],"wp:attachment":[{"href":"https:\/\/veganova.eu\/fr\/wp-json\/wp\/v2\/media?parent=3455"}],"wp:term":[{"taxonomy":"pwb-brand","embeddable":true,"href":"https:\/\/veganova.eu\/fr\/wp-json\/wp\/v2\/pwb-brand?post=3455"},{"taxonomy":"product_brand","embeddable":true,"href":"https:\/\/veganova.eu\/fr\/wp-json\/wp\/v2\/product_brand?post=3455"},{"taxonomy":"product_cat","embeddable":true,"href":"https:\/\/veganova.eu\/fr\/wp-json\/wp\/v2\/product_cat?post=3455"},{"taxonomy":"product_tag","embeddable":true,"href":"https:\/\/veganova.eu\/fr\/wp-json\/wp\/v2\/product_tag?post=3455"}],"curies":[{"name":"wp","href":"https:\/\/api.w.org\/{rel}","templated":true}]}}