{"id":3538,"date":"2023-10-01T17:06:23","date_gmt":"2023-10-01T15:06:23","guid":{"rendered":"https:\/\/veganova.eu\/?post_type=product&#038;p=3538"},"modified":"2026-04-21T07:24:11","modified_gmt":"2026-04-21T05:24:11","slug":"now-foods-l-lysine-500mg-100-tablets","status":"publish","type":"product","link":"https:\/\/veganova.eu\/fr\/shop\/now-foods-l-lysine-500mg-100-tablets\/","title":{"rendered":"NOW Foods L-Lysine, 500mg (100 tab)"},"content":{"rendered":"<h3>NOW Foods L-Lysine<\/h3>\n<ul>\n<li>Favorise la sant\u00e9 du tissu conjonctif<\/li>\n<li>Favorise l'absorption du calcium<\/li>\n<li>La L-lysine est un acide amin\u00e9 essentiel, ce qui signifie que l'organisme ne peut pas la produire et qu'elle doit \u00eatre obtenue par le biais de l'alimentation ou de suppl\u00e9ments.<\/li>\n<li>La lysine est n\u00e9cessaire \u00e0 la production de toutes les prot\u00e9ines de l'organisme, y compris les hormones, les enzymes et les anticorps, ainsi que de la carnitine et du collag\u00e8ne, une prot\u00e9ine structurelle qui forme tous les tissus conjonctifs tels que la peau, les tendons et les os.<\/li>\n<li>La L-lysine joue \u00e9galement un r\u00f4le important dans l'absorption du calcium.<\/li>\n<li>Certaines donn\u00e9es sugg\u00e8rent qu'une suppl\u00e9mentation en L-lysine peut contribuer \u00e0 un syst\u00e8me immunitaire sain, ainsi qu'\u00e0 un bon fonctionnement cardiovasculaire.<\/li>\n<\/ul>","protected":false},"excerpt":{"rendered":"<p>Vegan nutritional supplement NOW Foods L-Lysine, 500mg, supports healthy connective tissue and calcium absorption. The package contains: 100 tablets. GMO free.<\/p>","protected":false},"featured_media":53531,"comment_status":"closed","ping_status":"closed","template":"","meta":{"advanced_seo_description":"","jetpack_seo_html_title":"","jetpack_seo_noindex":false},"pwb-brand":[173],"product_brand":[4580],"product_cat":[174,132],"product_tag":[1043,1117,1197],"class_list":{"0":"post-3538","1":"product","2":"type-product","3":"status-publish","4":"has-post-thumbnail","6":"pwb-brand-now-foods","7":"product_brand-now-foods","8":"product_cat-amino-acids","9":"product_cat-sports-nutrition","10":"product_tag-healthy-heart","11":"product_tag-immunity","12":"product_tag-regeneration","13":"brand_woo-now-foods","15":"first","16":"instock","17":"taxable","18":"shipping-taxable","19":"purchasable","20":"product-type-simple"},"jetpack_sharing_enabled":true,"brands":[{"id":173,"name":"NOW Foods","slug":"now-foods"}],"_links":{"self":[{"href":"https:\/\/veganova.eu\/fr\/wp-json\/wp\/v2\/product\/3538","targetHints":{"allow":["GET"]}}],"collection":[{"href":"https:\/\/veganova.eu\/fr\/wp-json\/wp\/v2\/product"}],"about":[{"href":"https:\/\/veganova.eu\/fr\/wp-json\/wp\/v2\/types\/product"}],"replies":[{"embeddable":true,"href":"https:\/\/veganova.eu\/fr\/wp-json\/wp\/v2\/comments?post=3538"}],"version-history":[{"count":1,"href":"https:\/\/veganova.eu\/fr\/wp-json\/wp\/v2\/product\/3538\/revisions"}],"predecessor-version":[{"id":57955,"href":"https:\/\/veganova.eu\/fr\/wp-json\/wp\/v2\/product\/3538\/revisions\/57955"}],"wp:featuredmedia":[{"embeddable":true,"href":"https:\/\/veganova.eu\/fr\/wp-json\/wp\/v2\/media\/53531"}],"wp:attachment":[{"href":"https:\/\/veganova.eu\/fr\/wp-json\/wp\/v2\/media?parent=3538"}],"wp:term":[{"taxonomy":"pwb-brand","embeddable":true,"href":"https:\/\/veganova.eu\/fr\/wp-json\/wp\/v2\/pwb-brand?post=3538"},{"taxonomy":"product_brand","embeddable":true,"href":"https:\/\/veganova.eu\/fr\/wp-json\/wp\/v2\/product_brand?post=3538"},{"taxonomy":"product_cat","embeddable":true,"href":"https:\/\/veganova.eu\/fr\/wp-json\/wp\/v2\/product_cat?post=3538"},{"taxonomy":"product_tag","embeddable":true,"href":"https:\/\/veganova.eu\/fr\/wp-json\/wp\/v2\/product_tag?post=3538"}],"curies":[{"name":"wp","href":"https:\/\/api.w.org\/{rel}","templated":true}]}}