{"id":3568,"date":"2023-10-01T17:06:39","date_gmt":"2023-10-01T15:06:39","guid":{"rendered":"https:\/\/veganova.eu\/?post_type=product&#038;p=3568"},"modified":"2026-04-21T07:24:15","modified_gmt":"2026-04-21T05:24:15","slug":"now-foods-magnesium-ascorbate-pure-buffered-powder-227g","status":"publish","type":"product","link":"https:\/\/veganova.eu\/fr\/shop\/now-foods-magnesium-ascorbate-pure-buffered-powder-227g\/","title":{"rendered":"NOW Foods Ascorbate de magn\u00e9sium, poudre pure tamponn\u00e9e (227g)"},"content":{"rendered":"<h3>NOW Foods Ascorbate de magn\u00e9sium<\/h3>\n<ul>\n<li>Vitamine C pure et tamponn\u00e9e en poudre. La vitamine C est un nutriment essentiel bien connu pour son r\u00f4le vital dans le fonctionnement du syst\u00e8me immunitaire.<\/li>\n<li>C'est un antioxydant tr\u00e8s efficace qui peut prot\u00e9ger les structures de l'organisme contre les dommages oxydatifs qui se produisent au cours du m\u00e9tabolisme normal.<\/li>\n<li>La vitamine C est \u00e9galement n\u00e9cessaire \u00e0 la formation du collag\u00e8ne et est donc importante pour la sant\u00e9 de la peau, des os et des articulations.<\/li>\n<li>Il est \u00e9galement n\u00e9cessaire au m\u00e9tabolisme des acides amin\u00e9s et \u00e0 l'utilisation de nombreux nutriments tels que l'acide folique et le fer.<\/li>\n<li>L'ascorbate de magn\u00e9sium est une forme non am\u00e8re, non acide et tamponn\u00e9e de vitamine C sous une forme hautement soluble.<\/li>\n<\/ul>","protected":false},"excerpt":{"rendered":"<p>Suppl\u00e9ment nutritionnel v\u00e9g\u00e9talien NOW Foods Ascorbate de magn\u00e9sium, poudre pure, l'emballage contient : 227g. Sans gluten, sans OGM.<\/p>","protected":false},"featured_media":51689,"comment_status":"closed","ping_status":"closed","template":"","meta":{"advanced_seo_description":"","jetpack_seo_html_title":"","jetpack_seo_noindex":false},"pwb-brand":[173],"product_brand":[4580],"product_cat":[172,2598,2595,152],"product_tag":[1093,860,1117],"class_list":{"0":"post-3568","1":"product","2":"type-product","3":"status-publish","4":"has-post-thumbnail","6":"pwb-brand-now-foods","7":"product_brand-now-foods","8":"product_cat-minerals","9":"product_cat-recovery","10":"product_cat-stress","11":"product_cat-vitamins-and-minerals","12":"product_tag-antioxidant","13":"product_tag-energy","14":"product_tag-immunity","15":"brand_woo-now-foods","17":"first","18":"instock","19":"sale","20":"taxable","21":"shipping-taxable","22":"purchasable","23":"product-type-simple"},"jetpack_sharing_enabled":true,"brands":[{"id":173,"name":"NOW Foods","slug":"now-foods"}],"_links":{"self":[{"href":"https:\/\/veganova.eu\/fr\/wp-json\/wp\/v2\/product\/3568","targetHints":{"allow":["GET"]}}],"collection":[{"href":"https:\/\/veganova.eu\/fr\/wp-json\/wp\/v2\/product"}],"about":[{"href":"https:\/\/veganova.eu\/fr\/wp-json\/wp\/v2\/types\/product"}],"replies":[{"embeddable":true,"href":"https:\/\/veganova.eu\/fr\/wp-json\/wp\/v2\/comments?post=3568"}],"version-history":[{"count":1,"href":"https:\/\/veganova.eu\/fr\/wp-json\/wp\/v2\/product\/3568\/revisions"}],"predecessor-version":[{"id":57983,"href":"https:\/\/veganova.eu\/fr\/wp-json\/wp\/v2\/product\/3568\/revisions\/57983"}],"wp:featuredmedia":[{"embeddable":true,"href":"https:\/\/veganova.eu\/fr\/wp-json\/wp\/v2\/media\/51689"}],"wp:attachment":[{"href":"https:\/\/veganova.eu\/fr\/wp-json\/wp\/v2\/media?parent=3568"}],"wp:term":[{"taxonomy":"pwb-brand","embeddable":true,"href":"https:\/\/veganova.eu\/fr\/wp-json\/wp\/v2\/pwb-brand?post=3568"},{"taxonomy":"product_brand","embeddable":true,"href":"https:\/\/veganova.eu\/fr\/wp-json\/wp\/v2\/product_brand?post=3568"},{"taxonomy":"product_cat","embeddable":true,"href":"https:\/\/veganova.eu\/fr\/wp-json\/wp\/v2\/product_cat?post=3568"},{"taxonomy":"product_tag","embeddable":true,"href":"https:\/\/veganova.eu\/fr\/wp-json\/wp\/v2\/product_tag?post=3568"}],"curies":[{"name":"wp","href":"https:\/\/api.w.org\/{rel}","templated":true}]}}