{"id":3611,"date":"2023-10-01T17:06:54","date_gmt":"2023-10-01T15:06:54","guid":{"rendered":"https:\/\/veganova.eu\/?post_type=product&#038;p=3611"},"modified":"2026-04-21T07:24:17","modified_gmt":"2026-04-21T05:24:17","slug":"now-foods-natural-resveratrol-with-red-wine-extract-200mg-120-kaps","status":"publish","type":"product","link":"https:\/\/veganova.eu\/fr\/shop\/now-foods-natural-resveratrol-with-red-wine-extract-200mg-120-kaps\/","title":{"rendered":"NOW Foods Resv\u00e9ratrol Naturel avec Extrait de Vin Rouge, 200mg (120 g\u00e9lules)"},"content":{"rendered":"<h3>NOW Foods Resv\u00e9ratrol Naturel avec Extrait de Vin Rouge, 200mg (120 g\u00e9lules)<\/h3>\n<p>Le pi\u00e9geur de radicaux libres<br \/>\nWith Red Wine Extract<br \/>\nResveratrol is a polyphenol naturally found in the skin of red grapes, certain berries, and other plants. Recent research has shown that Resveratrol can help to support healthy cardiovascular function. Resveratrol is best known for its cellular anti-aging properties, as well as for its ability to promote a healthy response to biological stress.<\/p>","protected":false},"excerpt":{"rendered":"<p>Vegan nutritional supplement NOW Foods Natural Resveratrol with Red Wine Extract, 200mg, is ideal for healthy blood vessels, blood circulation and skin. The package contains: 120 capsules. Gluten-free, GMO-free.<\/p>","protected":false},"featured_media":51487,"comment_status":"closed","ping_status":"closed","template":"","meta":{"advanced_seo_description":"","jetpack_seo_html_title":"","jetpack_seo_noindex":false},"pwb-brand":[173],"product_brand":[4580],"product_cat":[289,597,2600,149],"product_tag":[1159,1167,1040,860,1158,1052,1133],"class_list":{"0":"post-3611","1":"product","2":"type-product","3":"status-publish","4":"has-post-thumbnail","6":"pwb-brand-now-foods","7":"product_brand-now-foods","8":"product_cat-heart-and-blood-vessels","9":"product_cat-body-immunity","10":"product_cat-inflammation","11":"product_cat-superfoods","12":"product_tag-aging","13":"product_tag-blood-vessels","14":"product_tag-cholesterol","15":"product_tag-energy","16":"product_tag-heart","17":"product_tag-pigment-spots","18":"product_tag-wrinkles","19":"brand_woo-now-foods","21":"first","22":"instock","23":"taxable","24":"shipping-taxable","25":"purchasable","26":"product-type-simple"},"jetpack_sharing_enabled":true,"brands":[{"id":173,"name":"NOW Foods","slug":"now-foods"}],"_links":{"self":[{"href":"https:\/\/veganova.eu\/fr\/wp-json\/wp\/v2\/product\/3611","targetHints":{"allow":["GET"]}}],"collection":[{"href":"https:\/\/veganova.eu\/fr\/wp-json\/wp\/v2\/product"}],"about":[{"href":"https:\/\/veganova.eu\/fr\/wp-json\/wp\/v2\/types\/product"}],"replies":[{"embeddable":true,"href":"https:\/\/veganova.eu\/fr\/wp-json\/wp\/v2\/comments?post=3611"}],"version-history":[{"count":1,"href":"https:\/\/veganova.eu\/fr\/wp-json\/wp\/v2\/product\/3611\/revisions"}],"predecessor-version":[{"id":58015,"href":"https:\/\/veganova.eu\/fr\/wp-json\/wp\/v2\/product\/3611\/revisions\/58015"}],"wp:featuredmedia":[{"embeddable":true,"href":"https:\/\/veganova.eu\/fr\/wp-json\/wp\/v2\/media\/51487"}],"wp:attachment":[{"href":"https:\/\/veganova.eu\/fr\/wp-json\/wp\/v2\/media?parent=3611"}],"wp:term":[{"taxonomy":"pwb-brand","embeddable":true,"href":"https:\/\/veganova.eu\/fr\/wp-json\/wp\/v2\/pwb-brand?post=3611"},{"taxonomy":"product_brand","embeddable":true,"href":"https:\/\/veganova.eu\/fr\/wp-json\/wp\/v2\/product_brand?post=3611"},{"taxonomy":"product_cat","embeddable":true,"href":"https:\/\/veganova.eu\/fr\/wp-json\/wp\/v2\/product_cat?post=3611"},{"taxonomy":"product_tag","embeddable":true,"href":"https:\/\/veganova.eu\/fr\/wp-json\/wp\/v2\/product_tag?post=3611"}],"curies":[{"name":"wp","href":"https:\/\/api.w.org\/{rel}","templated":true}]}}