{"id":3640,"date":"2023-10-01T17:07:06","date_gmt":"2023-10-01T15:07:06","guid":{"rendered":"https:\/\/veganova.eu\/?post_type=product&#038;p=3640"},"modified":"2026-04-21T07:24:19","modified_gmt":"2026-04-21T05:24:19","slug":"now-foods-pine-bark-extract-240mg-90-kaps","status":"publish","type":"product","link":"https:\/\/veganova.eu\/fr\/shop\/now-foods-pine-bark-extract-240mg-90-kaps\/","title":{"rendered":"NOW Foods Extrait d'\u00e9corce de pin, 240mg (90 g\u00e9lules)"},"content":{"rendered":"<h3>NOW Foods Extrait d'\u00e9corce de pin, 240mg (90 g\u00e9lules)<\/h3>\n<p>90% OPC Pine Bark Extract<br \/>\nNOW Pine Bark Extract is derived from the inner bark of Chinese Red Pine (Pinus massoniana), which is prized for its powerful free radical-scavenging polyphenolic flavonoid constituents, oligomeric proanthocyanidins (OPCs). Scientific studies indicate that Chinese Red Pine Bark Extract may help to support healthy cellular growth and reproduction. Green Tea Extract with EGCg has been included in this product for its abundant flavonols that complement the oxidant neutralizing of Pine Bark Extract.<\/p>","protected":false},"excerpt":{"rendered":"<p>Vegan nutritional supplement NOW Foods Pine Bark Extract, 240mg, is supplemented with green tea extract, while it is suitable for combating the action of free radicals in the body. The package contains: 90 capsules. Gluten-free.<\/p>","protected":false},"featured_media":51706,"comment_status":"closed","ping_status":"closed","template":"","meta":{"advanced_seo_description":"","jetpack_seo_html_title":"","jetpack_seo_noindex":false},"pwb-brand":[173],"product_brand":[4580],"product_cat":[149],"product_tag":[1093,1235],"class_list":{"0":"post-3640","1":"product","2":"type-product","3":"status-publish","4":"has-post-thumbnail","6":"pwb-brand-now-foods","7":"product_brand-now-foods","8":"product_cat-superfoods","9":"product_tag-antioxidant","10":"product_tag-free-radical-scavenger","11":"brand_woo-now-foods","13":"first","14":"instock","15":"taxable","16":"shipping-taxable","17":"purchasable","18":"product-type-simple"},"jetpack_sharing_enabled":true,"brands":[{"id":173,"name":"NOW Foods","slug":"now-foods"}],"_links":{"self":[{"href":"https:\/\/veganova.eu\/fr\/wp-json\/wp\/v2\/product\/3640","targetHints":{"allow":["GET"]}}],"collection":[{"href":"https:\/\/veganova.eu\/fr\/wp-json\/wp\/v2\/product"}],"about":[{"href":"https:\/\/veganova.eu\/fr\/wp-json\/wp\/v2\/types\/product"}],"replies":[{"embeddable":true,"href":"https:\/\/veganova.eu\/fr\/wp-json\/wp\/v2\/comments?post=3640"}],"version-history":[{"count":1,"href":"https:\/\/veganova.eu\/fr\/wp-json\/wp\/v2\/product\/3640\/revisions"}],"predecessor-version":[{"id":58038,"href":"https:\/\/veganova.eu\/fr\/wp-json\/wp\/v2\/product\/3640\/revisions\/58038"}],"wp:featuredmedia":[{"embeddable":true,"href":"https:\/\/veganova.eu\/fr\/wp-json\/wp\/v2\/media\/51706"}],"wp:attachment":[{"href":"https:\/\/veganova.eu\/fr\/wp-json\/wp\/v2\/media?parent=3640"}],"wp:term":[{"taxonomy":"pwb-brand","embeddable":true,"href":"https:\/\/veganova.eu\/fr\/wp-json\/wp\/v2\/pwb-brand?post=3640"},{"taxonomy":"product_brand","embeddable":true,"href":"https:\/\/veganova.eu\/fr\/wp-json\/wp\/v2\/product_brand?post=3640"},{"taxonomy":"product_cat","embeddable":true,"href":"https:\/\/veganova.eu\/fr\/wp-json\/wp\/v2\/product_cat?post=3640"},{"taxonomy":"product_tag","embeddable":true,"href":"https:\/\/veganova.eu\/fr\/wp-json\/wp\/v2\/product_tag?post=3640"}],"curies":[{"name":"wp","href":"https:\/\/api.w.org\/{rel}","templated":true}]}}