{"id":3643,"date":"2023-10-01T17:07:07","date_gmt":"2023-10-01T15:07:07","guid":{"rendered":"https:\/\/veganova.eu\/?post_type=product&#038;p=3643"},"modified":"2026-04-21T07:24:19","modified_gmt":"2026-04-21T05:24:19","slug":"now-foods-plant-protein-complex-creamy-vanilla-907g","status":"publish","type":"product","link":"https:\/\/veganova.eu\/fr\/shop\/now-foods-plant-protein-complex-creamy-vanilla-907g\/","title":{"rendered":"NOW Foods Complexe de prot\u00e9ines v\u00e9g\u00e9tales, Vanille cr\u00e9meuse (907g)"},"content":{"rendered":"<h3>NOW Foods Complexe de prot\u00e9ines v\u00e9g\u00e9tales, Vanille cr\u00e9meuse (907g)<\/h3>\n<p>Si vous \u00eates un v\u00e9g\u00e9tarien ou un v\u00e9g\u00e9talien actif, vous savez \u00e0 quel point il peut \u00eatre difficile de trouver une prot\u00e9ine en poudre v\u00e9g\u00e9tarienne de premi\u00e8re qualit\u00e9. NOW Sports Plant Protein Complex est sp\u00e9cifiquement formul\u00e9 pour r\u00e9pondre \u00e0 vos besoins avec un m\u00e9lange de prot\u00e9ines v\u00e9g\u00e9taliennes sans OGM provenant de sources de pois, de riz brun, de chanvre et de quinoa. Chaque portion d'une mesure fournit 22 grammes de prot\u00e9ines et contient environ 3 900 mg d'acides amin\u00e9s ramifi\u00e9s et 1 800 mg de L-arginine. Naturellement sucr\u00e9 avec du Xylitol et de l'extrait de st\u00e9via BetterStevia, NOW Sports Plant Protein Complex est le produit prot\u00e9ique id\u00e9al pour votre style de vie v\u00e9g\u00e9tarien actif.<\/p>","protected":false},"excerpt":{"rendered":"<p>Le compl\u00e9ment alimentaire v\u00e9g\u00e9tal NOW Foods Plant Protein Complex contient un m\u00e9lange de prot\u00e9ines de pois, de riz brun, de chanvre et de quinoa. 22g de prot\u00e9ines par mesure. Compl\u00e9t\u00e9 avec des acides amin\u00e9s, sucr\u00e9 avec de la st\u00e9via. Saveur : Vanille cr\u00e9meuse, l'emballage contient : 907g. Sans gluten, sans OGM.<\/p>","protected":false},"featured_media":51553,"comment_status":"closed","ping_status":"closed","template":"","meta":{"advanced_seo_description":"","jetpack_seo_html_title":"","jetpack_seo_noindex":false},"pwb-brand":[173],"product_brand":[4580],"product_cat":[132,133],"product_tag":[1378,1377,1176,1145],"class_list":{"0":"post-3643","1":"product","2":"type-product","3":"status-publish","4":"has-post-thumbnail","6":"pwb-brand-now-foods","7":"product_brand-now-foods","8":"product_cat-sports-nutrition","9":"product_cat-vegan-proteins","10":"product_tag-protein-with-amino-acids","11":"product_tag-protein-without-sugar","12":"product_tag-sports-protein","13":"product_tag-vegan-protein","14":"brand_woo-now-foods","16":"first","17":"instock","18":"taxable","19":"shipping-taxable","20":"purchasable","21":"product-type-simple"},"jetpack_sharing_enabled":true,"brands":[{"id":173,"name":"NOW Foods","slug":"now-foods"}],"_links":{"self":[{"href":"https:\/\/veganova.eu\/fr\/wp-json\/wp\/v2\/product\/3643","targetHints":{"allow":["GET"]}}],"collection":[{"href":"https:\/\/veganova.eu\/fr\/wp-json\/wp\/v2\/product"}],"about":[{"href":"https:\/\/veganova.eu\/fr\/wp-json\/wp\/v2\/types\/product"}],"replies":[{"embeddable":true,"href":"https:\/\/veganova.eu\/fr\/wp-json\/wp\/v2\/comments?post=3643"}],"version-history":[{"count":1,"href":"https:\/\/veganova.eu\/fr\/wp-json\/wp\/v2\/product\/3643\/revisions"}],"predecessor-version":[{"id":58041,"href":"https:\/\/veganova.eu\/fr\/wp-json\/wp\/v2\/product\/3643\/revisions\/58041"}],"wp:featuredmedia":[{"embeddable":true,"href":"https:\/\/veganova.eu\/fr\/wp-json\/wp\/v2\/media\/51553"}],"wp:attachment":[{"href":"https:\/\/veganova.eu\/fr\/wp-json\/wp\/v2\/media?parent=3643"}],"wp:term":[{"taxonomy":"pwb-brand","embeddable":true,"href":"https:\/\/veganova.eu\/fr\/wp-json\/wp\/v2\/pwb-brand?post=3643"},{"taxonomy":"product_brand","embeddable":true,"href":"https:\/\/veganova.eu\/fr\/wp-json\/wp\/v2\/product_brand?post=3643"},{"taxonomy":"product_cat","embeddable":true,"href":"https:\/\/veganova.eu\/fr\/wp-json\/wp\/v2\/product_cat?post=3643"},{"taxonomy":"product_tag","embeddable":true,"href":"https:\/\/veganova.eu\/fr\/wp-json\/wp\/v2\/product_tag?post=3643"}],"curies":[{"name":"wp","href":"https:\/\/api.w.org\/{rel}","templated":true}]}}