{"id":3666,"date":"2023-10-01T17:07:18","date_gmt":"2023-10-01T15:07:18","guid":{"rendered":"https:\/\/veganova.eu\/?post_type=product&#038;p=3666"},"modified":"2026-04-21T07:24:20","modified_gmt":"2026-04-21T05:24:20","slug":"now-foods-quercetin-with-bromelain-240-kaps","status":"publish","type":"product","link":"https:\/\/veganova.eu\/fr\/shop\/now-foods-quercetin-with-bromelain-240-kaps\/","title":{"rendered":"NOW Foods Querc\u00e9tine avec Brom\u00e9line (240 g\u00e9lules)"},"content":{"rendered":"<h3>NOW Foods Querc\u00e9tine avec Brom\u00e9line (240 g\u00e9lules)<\/h3>\n<p>Supports Healthy Seasonal Immune Function<br \/>\nQuercetin is a naturally occurring free radical scavenger that supports healthy seasonal immune system function. Laboratory studies have demonstrated that Quercetin can also help to promote normal respiratory function. Bromelain has a long history of use by herbalists and is known to help support a balanced immune system response to environmental challenges. This complementary combination may thus promote year-round respiratory health and support overall seasonal comfort.<\/p>","protected":false},"excerpt":{"rendered":"<p>Vegan nutritional supplement NOW Foods Quercetin with Bromelain, for strengthening immunity, especially during flu season. The package contains: 240 capsules. Gluten-free, GMO-free.<\/p>","protected":false},"featured_media":51712,"comment_status":"closed","ping_status":"closed","template":"","meta":{"advanced_seo_description":"","jetpack_seo_html_title":"","jetpack_seo_noindex":false},"pwb-brand":[173],"product_brand":[4580],"product_cat":[289,597,2600,284,152],"product_tag":[1337,1117,1381,1382,1336],"class_list":{"0":"post-3666","1":"product","2":"type-product","3":"status-publish","4":"has-post-thumbnail","6":"pwb-brand-now-foods","7":"product_brand-now-foods","8":"product_cat-heart-and-blood-vessels","9":"product_cat-body-immunity","10":"product_cat-inflammation","11":"product_cat-trace-elements","12":"product_cat-vitamins-and-minerals","13":"product_tag-allergies","14":"product_tag-immunity","15":"product_tag-respiratory-tract","16":"product_tag-seasonal-allergies","17":"product_tag-seasonal-diseases","18":"brand_woo-now-foods","20":"first","21":"instock","22":"sale","23":"taxable","24":"shipping-taxable","25":"purchasable","26":"product-type-simple"},"jetpack_sharing_enabled":true,"brands":[{"id":173,"name":"NOW Foods","slug":"now-foods"}],"_links":{"self":[{"href":"https:\/\/veganova.eu\/fr\/wp-json\/wp\/v2\/product\/3666","targetHints":{"allow":["GET"]}}],"collection":[{"href":"https:\/\/veganova.eu\/fr\/wp-json\/wp\/v2\/product"}],"about":[{"href":"https:\/\/veganova.eu\/fr\/wp-json\/wp\/v2\/types\/product"}],"replies":[{"embeddable":true,"href":"https:\/\/veganova.eu\/fr\/wp-json\/wp\/v2\/comments?post=3666"}],"version-history":[{"count":1,"href":"https:\/\/veganova.eu\/fr\/wp-json\/wp\/v2\/product\/3666\/revisions"}],"predecessor-version":[{"id":58063,"href":"https:\/\/veganova.eu\/fr\/wp-json\/wp\/v2\/product\/3666\/revisions\/58063"}],"wp:featuredmedia":[{"embeddable":true,"href":"https:\/\/veganova.eu\/fr\/wp-json\/wp\/v2\/media\/51712"}],"wp:attachment":[{"href":"https:\/\/veganova.eu\/fr\/wp-json\/wp\/v2\/media?parent=3666"}],"wp:term":[{"taxonomy":"pwb-brand","embeddable":true,"href":"https:\/\/veganova.eu\/fr\/wp-json\/wp\/v2\/pwb-brand?post=3666"},{"taxonomy":"product_brand","embeddable":true,"href":"https:\/\/veganova.eu\/fr\/wp-json\/wp\/v2\/product_brand?post=3666"},{"taxonomy":"product_cat","embeddable":true,"href":"https:\/\/veganova.eu\/fr\/wp-json\/wp\/v2\/product_cat?post=3666"},{"taxonomy":"product_tag","embeddable":true,"href":"https:\/\/veganova.eu\/fr\/wp-json\/wp\/v2\/product_tag?post=3666"}],"curies":[{"name":"wp","href":"https:\/\/api.w.org\/{rel}","templated":true}]}}