{"id":3667,"date":"2023-10-01T17:07:20","date_gmt":"2023-10-01T15:07:20","guid":{"rendered":"https:\/\/veganova.eu\/?post_type=product&#038;p=3667"},"modified":"2026-04-21T07:24:20","modified_gmt":"2026-04-21T05:24:20","slug":"now-foods-red-mineral-algae-180-kaps","status":"publish","type":"product","link":"https:\/\/veganova.eu\/fr\/shop\/now-foods-red-mineral-algae-180-kaps\/","title":{"rendered":"NOW Foods Algues Min\u00e9rales Rouges (180 g\u00e9lules)"},"content":{"rendered":"<h3>NOW Foods Algues Min\u00e9rales Rouges<\/h3>\n<ul>\n<li>Calcium v\u00e9g\u00e9tarien calcium, magn\u00e9sium et oligo-\u00e9l\u00e9ments d\u00e9riv\u00e9s d'algues rouges<\/li>\n<li>Plus vitamine D-2 v\u00e9g\u00e9tarienne Aquamin est un m\u00e9lange min\u00e9ral d\u00e9riv\u00e9 d'algues rouges r\u00e9colt\u00e9es au large de l'Irlande et de l'Islande.<\/li>\n<li>Aquamin est une source v\u00e9g\u00e9tarienne de calcium et de magn\u00e9sium biodisponibles et de plus de 70 autres oligo-\u00e9l\u00e9ments importants.<\/li>\n<li>La recherche sugg\u00e8re que ce complexe multi-min\u00e9ral peut favoriser une min\u00e9ralisation osseuse correcte et aider \u00e0 r\u00e9guler les facteurs cl\u00e9s impliqu\u00e9s dans la r\u00e9ponse normale du syst\u00e8me immunitaire \u00e0 l'utilisation typique des articulations.<\/li>\n<li>Des \u00e9tudes cliniques montrent qu'Aquamin peut contribuer \u00e0 favoriser le confort et la mobilit\u00e9 des articulations.<\/li>\n<li>De plus, la vitamine D-2, adapt\u00e9e aux v\u00e9g\u00e9tariens, est ajout\u00e9e \u00e0 la formule pour renforcer la sant\u00e9 des os.<\/li>\n<\/ul>","protected":false},"excerpt":{"rendered":"<p>Suppl\u00e9ment nutritionnel v\u00e9g\u00e9talien NOW Foods Red Mineral Algae avec extrait d'algues, suppl\u00e9ment\u00e9 en vitamine D-2. L'emballage contient : 180 g\u00e9lules. Sans gluten, sans OGM.<\/p>","protected":false},"featured_media":51713,"comment_status":"closed","ping_status":"closed","template":"","meta":{"advanced_seo_description":"","jetpack_seo_html_title":"","jetpack_seo_noindex":false},"pwb-brand":[173],"product_brand":[4580],"product_cat":[149,2594],"product_tag":[1122,1117],"class_list":{"0":"post-3667","1":"product","2":"type-product","3":"status-publish","4":"has-post-thumbnail","6":"pwb-brand-now-foods","7":"product_brand-now-foods","8":"product_cat-superfoods","9":"product_cat-thyroid","10":"product_tag-healthy-bones","11":"product_tag-immunity","12":"brand_woo-now-foods","14":"first","15":"instock","16":"taxable","17":"shipping-taxable","18":"purchasable","19":"product-type-simple"},"jetpack_sharing_enabled":true,"brands":[{"id":173,"name":"NOW Foods","slug":"now-foods"}],"_links":{"self":[{"href":"https:\/\/veganova.eu\/fr\/wp-json\/wp\/v2\/product\/3667","targetHints":{"allow":["GET"]}}],"collection":[{"href":"https:\/\/veganova.eu\/fr\/wp-json\/wp\/v2\/product"}],"about":[{"href":"https:\/\/veganova.eu\/fr\/wp-json\/wp\/v2\/types\/product"}],"replies":[{"embeddable":true,"href":"https:\/\/veganova.eu\/fr\/wp-json\/wp\/v2\/comments?post=3667"}],"version-history":[{"count":1,"href":"https:\/\/veganova.eu\/fr\/wp-json\/wp\/v2\/product\/3667\/revisions"}],"predecessor-version":[{"id":58064,"href":"https:\/\/veganova.eu\/fr\/wp-json\/wp\/v2\/product\/3667\/revisions\/58064"}],"wp:featuredmedia":[{"embeddable":true,"href":"https:\/\/veganova.eu\/fr\/wp-json\/wp\/v2\/media\/51713"}],"wp:attachment":[{"href":"https:\/\/veganova.eu\/fr\/wp-json\/wp\/v2\/media?parent=3667"}],"wp:term":[{"taxonomy":"pwb-brand","embeddable":true,"href":"https:\/\/veganova.eu\/fr\/wp-json\/wp\/v2\/pwb-brand?post=3667"},{"taxonomy":"product_brand","embeddable":true,"href":"https:\/\/veganova.eu\/fr\/wp-json\/wp\/v2\/product_brand?post=3667"},{"taxonomy":"product_cat","embeddable":true,"href":"https:\/\/veganova.eu\/fr\/wp-json\/wp\/v2\/product_cat?post=3667"},{"taxonomy":"product_tag","embeddable":true,"href":"https:\/\/veganova.eu\/fr\/wp-json\/wp\/v2\/product_tag?post=3667"}],"curies":[{"name":"wp","href":"https:\/\/api.w.org\/{rel}","templated":true}]}}