{"id":3730,"date":"2023-10-01T17:07:48","date_gmt":"2023-10-01T15:07:48","guid":{"rendered":"https:\/\/veganova.eu\/?post_type=product&#038;p=3730"},"modified":"2026-04-21T07:24:24","modified_gmt":"2026-04-21T05:24:24","slug":"now-foods-tri-chromium-500mcg-180-kaps","status":"publish","type":"product","link":"https:\/\/veganova.eu\/fr\/shop\/now-foods-tri-chromium-500mcg-180-kaps\/","title":{"rendered":"NOW Foods Tri-Chromium, 500mcg (180 g\u00e9lules)"},"content":{"rendered":"<h3>NOW Foods Tri-Chromium<\/h3>\n<ul>\n<li>Favorise un m\u00e9tabolisme sain du glucose<\/li>\n<li>Le chrome est un oligo-\u00e9l\u00e9ment essentiel connu pour renforcer l'effet de l'insuline, un peptide crucial pour le m\u00e9tabolisme et le stockage des glucides, des graisses et des prot\u00e9ines dans l'organisme.<\/li>\n<li>Un apport suffisant en chrome est essentiel pour maintenir un m\u00e9tabolisme du glucose sain.<\/li>\n<li>NOW Tri-Chromium contient trois formes bien connues et \u00e9tudi\u00e9es de chrome pour maximiser son absorption.<\/li>\n<li>La cannelle a \u00e9t\u00e9 incluse en raison de son utilisation historique pour soutenir le bon fonctionnement du m\u00e9tabolisme.<\/li>\n<\/ul>","protected":false},"excerpt":{"rendered":"<p>NOW Foods Suppl\u00e9ment nutritionnel Tri-Chromium, 500mcg, pour une glyc\u00e9mie et un m\u00e9tabolisme du sucre sains. L'emballage contient : 180 g\u00e9lules. Sans OGM.<\/p>","protected":false},"featured_media":51736,"comment_status":"closed","ping_status":"closed","template":"","meta":{"advanced_seo_description":"","jetpack_seo_html_title":"","jetpack_seo_noindex":false},"pwb-brand":[173],"product_brand":[4580],"product_cat":[152,177],"product_tag":[1319,1094,1172,1170],"class_list":{"0":"post-3730","1":"product","2":"type-product","3":"status-publish","4":"has-post-thumbnail","6":"pwb-brand-now-foods","7":"product_brand-now-foods","8":"product_cat-vitamins-and-minerals","9":"product_cat-weight-loss","10":"product_tag-balanced-blood-sugar","11":"product_tag-metabolism","12":"product_tag-overeating","13":"product_tag-sweet-tooth","14":"brand_woo-now-foods","16":"first","17":"instock","18":"sale","19":"taxable","20":"shipping-taxable","21":"purchasable","22":"product-type-simple"},"jetpack_sharing_enabled":true,"brands":[{"id":173,"name":"NOW Foods","slug":"now-foods"}],"_links":{"self":[{"href":"https:\/\/veganova.eu\/fr\/wp-json\/wp\/v2\/product\/3730","targetHints":{"allow":["GET"]}}],"collection":[{"href":"https:\/\/veganova.eu\/fr\/wp-json\/wp\/v2\/product"}],"about":[{"href":"https:\/\/veganova.eu\/fr\/wp-json\/wp\/v2\/types\/product"}],"replies":[{"embeddable":true,"href":"https:\/\/veganova.eu\/fr\/wp-json\/wp\/v2\/comments?post=3730"}],"version-history":[{"count":1,"href":"https:\/\/veganova.eu\/fr\/wp-json\/wp\/v2\/product\/3730\/revisions"}],"predecessor-version":[{"id":58118,"href":"https:\/\/veganova.eu\/fr\/wp-json\/wp\/v2\/product\/3730\/revisions\/58118"}],"wp:featuredmedia":[{"embeddable":true,"href":"https:\/\/veganova.eu\/fr\/wp-json\/wp\/v2\/media\/51736"}],"wp:attachment":[{"href":"https:\/\/veganova.eu\/fr\/wp-json\/wp\/v2\/media?parent=3730"}],"wp:term":[{"taxonomy":"pwb-brand","embeddable":true,"href":"https:\/\/veganova.eu\/fr\/wp-json\/wp\/v2\/pwb-brand?post=3730"},{"taxonomy":"product_brand","embeddable":true,"href":"https:\/\/veganova.eu\/fr\/wp-json\/wp\/v2\/product_brand?post=3730"},{"taxonomy":"product_cat","embeddable":true,"href":"https:\/\/veganova.eu\/fr\/wp-json\/wp\/v2\/product_cat?post=3730"},{"taxonomy":"product_tag","embeddable":true,"href":"https:\/\/veganova.eu\/fr\/wp-json\/wp\/v2\/product_tag?post=3730"}],"curies":[{"name":"wp","href":"https:\/\/api.w.org\/{rel}","templated":true}]}}