{"id":3753,"date":"2023-10-01T17:07:58","date_gmt":"2023-10-01T15:07:58","guid":{"rendered":"https:\/\/veganova.eu\/?post_type=product&#038;p=3753"},"modified":"2026-04-21T07:24:27","modified_gmt":"2026-04-21T05:24:27","slug":"osavi-b-complex-oral-spray-orange-25-ml","status":"publish","type":"product","link":"https:\/\/veganova.eu\/fr\/shop\/osavi-b-complex-oral-spray-orange-25-ml\/","title":{"rendered":"Osavi B-Complex Oral Spray, Orange (25 ml)"},"content":{"rendered":"<h3>Osavi B-Complex Oral Spray<\/h3>\n<ul>\n<li>Une nouvelle forme de suppl\u00e9mentation.<\/li>\n<li>Une r\u00e9serve pour 4 mois dans un petit flacon pratique.<\/li>\n<li>Contient un complexe B complet (huit vitamines B).<\/li>\n<li>Avec du xylitol et un ar\u00f4me naturel d'orange.<\/li>\n<li>Facile \u00e0 utiliser : il n'est pas n\u00e9cessaire de le boire avec un verre d'eau ou de le dissoudre, ce qui facilite la t\u00e2che des personnes ayant des difficult\u00e9s \u00e0 avaler.<\/li>\n<li>plus de g\u00e9lules ni de comprim\u00e9s !<\/li>\n<\/ul>","protected":false},"excerpt":{"rendered":"<p>Compl\u00e9ment alimentaire v\u00e9g\u00e9talien contenant des vitamines du groupe B Osavi B-Complex Oral Spray. La forme spray oral est tr\u00e8s pratique pour son utilisation, l'absorption est rapide et ne p\u00e8se pas sur le tube digestif. Saveur : Orange, l'emballage contient : 25 ml. Sans gluten, sans OGM.<\/p>","protected":false},"featured_media":53471,"comment_status":"closed","ping_status":"closed","template":"","meta":{"advanced_seo_description":"","jetpack_seo_html_title":"","jetpack_seo_noindex":false},"pwb-brand":[379],"product_brand":[4700],"product_cat":[153,152],"product_tag":[860,1094,1150],"class_list":{"0":"post-3753","1":"product","2":"type-product","3":"status-publish","4":"has-post-thumbnail","6":"pwb-brand-osavi","7":"product_brand-osavi","8":"product_cat-vitamins","9":"product_cat-vitamins-and-minerals","10":"product_tag-energy","11":"product_tag-metabolism","12":"product_tag-nervous-system","13":"brand_woo-osavi","15":"first","16":"instock","17":"taxable","18":"shipping-taxable","19":"purchasable","20":"product-type-simple"},"jetpack_sharing_enabled":true,"brands":[{"id":379,"name":"Osavi","slug":"osavi"}],"_links":{"self":[{"href":"https:\/\/veganova.eu\/fr\/wp-json\/wp\/v2\/product\/3753","targetHints":{"allow":["GET"]}}],"collection":[{"href":"https:\/\/veganova.eu\/fr\/wp-json\/wp\/v2\/product"}],"about":[{"href":"https:\/\/veganova.eu\/fr\/wp-json\/wp\/v2\/types\/product"}],"replies":[{"embeddable":true,"href":"https:\/\/veganova.eu\/fr\/wp-json\/wp\/v2\/comments?post=3753"}],"version-history":[{"count":1,"href":"https:\/\/veganova.eu\/fr\/wp-json\/wp\/v2\/product\/3753\/revisions"}],"predecessor-version":[{"id":58141,"href":"https:\/\/veganova.eu\/fr\/wp-json\/wp\/v2\/product\/3753\/revisions\/58141"}],"wp:featuredmedia":[{"embeddable":true,"href":"https:\/\/veganova.eu\/fr\/wp-json\/wp\/v2\/media\/53471"}],"wp:attachment":[{"href":"https:\/\/veganova.eu\/fr\/wp-json\/wp\/v2\/media?parent=3753"}],"wp:term":[{"taxonomy":"pwb-brand","embeddable":true,"href":"https:\/\/veganova.eu\/fr\/wp-json\/wp\/v2\/pwb-brand?post=3753"},{"taxonomy":"product_brand","embeddable":true,"href":"https:\/\/veganova.eu\/fr\/wp-json\/wp\/v2\/product_brand?post=3753"},{"taxonomy":"product_cat","embeddable":true,"href":"https:\/\/veganova.eu\/fr\/wp-json\/wp\/v2\/product_cat?post=3753"},{"taxonomy":"product_tag","embeddable":true,"href":"https:\/\/veganova.eu\/fr\/wp-json\/wp\/v2\/product_tag?post=3753"}],"curies":[{"name":"wp","href":"https:\/\/api.w.org\/{rel}","templated":true}]}}