{"id":3812,"date":"2023-10-01T17:08:25","date_gmt":"2023-10-01T15:08:25","guid":{"rendered":"https:\/\/veganova.eu\/?post_type=product&#038;p=3812"},"modified":"2026-04-21T07:24:30","modified_gmt":"2026-04-21T05:24:30","slug":"revive-daily-greens-180-kaps","status":"publish","type":"product","link":"https:\/\/veganova.eu\/fr\/shop\/revive-daily-greens-180-kaps\/","title":{"rendered":"Revive Daily Greens (180 g\u00e9lules)"},"content":{"rendered":"<h3>Revive Daily Greens<\/h3>\n<ul>\n<li>La formule Daily Greens fournit une gamme de nutriments b\u00e9n\u00e9fiques provenant de baies, de fruits et de l\u00e9gumes pour soutenir un r\u00e9gime alimentaire sain et \u00e9quilibr\u00e9.<\/li>\n<li>Chaque g\u00e9lule contient un m\u00e9lange de \"super-aliments\" riches en antioxydants et en nutriments v\u00e9g\u00e9taux puissants qui aident \u00e0 r\u00e9duire l'inflammation et \u00e0 augmenter les niveaux d'\u00e9nergie.<\/li>\n<li>Cette formule compl\u00e8te contribue \u00e0 soutenir l'activit\u00e9 antioxydante et peut aider \u00e0 prot\u00e9ger l'organisme contre le stress cellulaire.<\/li>\n<li>Daily Greens a \u00e9t\u00e9 cr\u00e9\u00e9 pour les personnes ayant une alimentation pauvre en fruits et l\u00e9gumes. En d'autres termes, si votre consommation quotidienne de fruits et l\u00e9gumes est inf\u00e9rieure \u00e0 la quantit\u00e9 recommand\u00e9e, ce compl\u00e9ment est fait pour vous.<\/li>\n<li>L'utilisation quotidienne de cette composition naturelle peut aider \u00e0 am\u00e9liorer l'activit\u00e9 antioxydante, \u00e0 soutenir les processus naturels de d\u00e9toxification et sert \u00e9galement de m\u00e9lange ORAC (capacit\u00e9 d'absorption des radicaux oxyg\u00e9n\u00e9s) \u00e9lev\u00e9.<\/li>\n<li>Les g\u00e9lules de Daily Greens sont sans gluten et sans produits laitiers.<\/li>\n<\/ul>","protected":false},"excerpt":{"rendered":"<p>Le compl\u00e9ment alimentaire v\u00e9g\u00e9talien Revive Daily Greens est adapt\u00e9 \u00e0 une utilisation et une absorption maximales des substances saines contenues dans les fruits et les l\u00e9gumes. Il a des effets antioxydants et anti-inflammatoires. L'emballage contient : 180 g\u00e9lules. Sans gluten.<\/p>","protected":false},"featured_media":53419,"comment_status":"closed","ping_status":"closed","template":"","meta":{"advanced_seo_description":"","jetpack_seo_html_title":"","jetpack_seo_noindex":false},"pwb-brand":[406],"product_brand":[4719],"product_cat":[149],"product_tag":[1414,1037,1067,1117,1380,1153],"class_list":{"0":"post-3812","1":"product","2":"type-product","3":"status-publish","4":"has-post-thumbnail","6":"pwb-brand-revive","7":"product_brand-revive","8":"product_cat-superfoods","9":"product_tag-antioxidants","10":"product_tag-detox","11":"product_tag-digestion","12":"product_tag-immunity","13":"product_tag-oxidative-stress","14":"product_tag-vessels","15":"brand_woo-revive","17":"first","18":"instock","19":"sale","20":"taxable","21":"shipping-taxable","22":"purchasable","23":"product-type-simple"},"jetpack_sharing_enabled":true,"brands":[{"id":406,"name":"Raviver","slug":"revive"}],"_links":{"self":[{"href":"https:\/\/veganova.eu\/fr\/wp-json\/wp\/v2\/product\/3812","targetHints":{"allow":["GET"]}}],"collection":[{"href":"https:\/\/veganova.eu\/fr\/wp-json\/wp\/v2\/product"}],"about":[{"href":"https:\/\/veganova.eu\/fr\/wp-json\/wp\/v2\/types\/product"}],"replies":[{"embeddable":true,"href":"https:\/\/veganova.eu\/fr\/wp-json\/wp\/v2\/comments?post=3812"}],"version-history":[{"count":1,"href":"https:\/\/veganova.eu\/fr\/wp-json\/wp\/v2\/product\/3812\/revisions"}],"predecessor-version":[{"id":58185,"href":"https:\/\/veganova.eu\/fr\/wp-json\/wp\/v2\/product\/3812\/revisions\/58185"}],"wp:featuredmedia":[{"embeddable":true,"href":"https:\/\/veganova.eu\/fr\/wp-json\/wp\/v2\/media\/53419"}],"wp:attachment":[{"href":"https:\/\/veganova.eu\/fr\/wp-json\/wp\/v2\/media?parent=3812"}],"wp:term":[{"taxonomy":"pwb-brand","embeddable":true,"href":"https:\/\/veganova.eu\/fr\/wp-json\/wp\/v2\/pwb-brand?post=3812"},{"taxonomy":"product_brand","embeddable":true,"href":"https:\/\/veganova.eu\/fr\/wp-json\/wp\/v2\/product_brand?post=3812"},{"taxonomy":"product_cat","embeddable":true,"href":"https:\/\/veganova.eu\/fr\/wp-json\/wp\/v2\/product_cat?post=3812"},{"taxonomy":"product_tag","embeddable":true,"href":"https:\/\/veganova.eu\/fr\/wp-json\/wp\/v2\/product_tag?post=3812"}],"curies":[{"name":"wp","href":"https:\/\/api.w.org\/{rel}","templated":true}]}}