{"id":47663,"date":"2024-09-15T12:26:37","date_gmt":"2024-09-15T10:26:37","guid":{"rendered":"https:\/\/veganova.eu\/?post_type=product&#038;p=47663"},"modified":"2026-04-21T07:25:50","modified_gmt":"2026-04-21T05:25:50","slug":"applied-nutrition-abe-all-black-everything-candy-ice-blast-ean-5056555204764-375g","status":"publish","type":"product","link":"https:\/\/veganova.eu\/fr\/shop\/applied-nutrition-abe-all-black-everything-candy-ice-blast-ean-5056555204764-375g\/","title":{"rendered":"Applied Nutrition ABE - All Black Everything, Candy Ice Blast (EAN 5056555204764) - 375g"},"content":{"rendered":"<h3>Applied Nutrition ABE - All Black Everything, Candy Ice Blast (EAN 5056555204764) - 375g<\/h3>\n<p>ABE Ultimate Pre-Workout est un m\u00e9lange unique d'aides ergog\u00e9niques et d'ingr\u00e9dients de performance les plus \u00e9tudi\u00e9s pour alimenter vos performances physiques, r\u00e9duire la fatigue et am\u00e9liorer la concentration tout au long de votre s\u00e9ance d'entra\u00eenement.<\/p>","protected":false},"excerpt":{"rendered":"<p>Pre-workout Applied Nutrition ABE All Black Everything powder fournira de l'\u00e9nergie pour l'entra\u00eenement et tous les nutriments n\u00e9cessaires aux athl\u00e8tes. Saveur : Candy Ice Blast. Contenu de l'emballage : 375g. Le produit le plus vendu au Royaume-Uni.<\/p>","protected":false},"featured_media":47431,"comment_status":"closed","ping_status":"closed","template":"","meta":{"advanced_seo_description":"","jetpack_seo_html_title":"","jetpack_seo_noindex":false},"pwb-brand":[202],"product_brand":[4592],"product_cat":[203,132],"product_tag":[],"class_list":{"0":"post-47663","1":"product","2":"type-product","3":"status-publish","4":"has-post-thumbnail","6":"pwb-brand-applied-nutrition","7":"product_brand-applied-nutrition","8":"product_cat-pre-workout","9":"product_cat-sports-nutrition","10":"brand_woo-applied-nutrition","12":"first","13":"instock","14":"taxable","15":"shipping-taxable","16":"purchasable","17":"product-type-simple"},"jetpack_sharing_enabled":true,"brands":[{"id":202,"name":"Nutrition appliqu\u00e9e","slug":"applied-nutrition"}],"_links":{"self":[{"href":"https:\/\/veganova.eu\/fr\/wp-json\/wp\/v2\/product\/47663","targetHints":{"allow":["GET"]}}],"collection":[{"href":"https:\/\/veganova.eu\/fr\/wp-json\/wp\/v2\/product"}],"about":[{"href":"https:\/\/veganova.eu\/fr\/wp-json\/wp\/v2\/types\/product"}],"replies":[{"embeddable":true,"href":"https:\/\/veganova.eu\/fr\/wp-json\/wp\/v2\/comments?post=47663"}],"version-history":[{"count":1,"href":"https:\/\/veganova.eu\/fr\/wp-json\/wp\/v2\/product\/47663\/revisions"}],"predecessor-version":[{"id":59177,"href":"https:\/\/veganova.eu\/fr\/wp-json\/wp\/v2\/product\/47663\/revisions\/59177"}],"wp:featuredmedia":[{"embeddable":true,"href":"https:\/\/veganova.eu\/fr\/wp-json\/wp\/v2\/media\/47431"}],"wp:attachment":[{"href":"https:\/\/veganova.eu\/fr\/wp-json\/wp\/v2\/media?parent=47663"}],"wp:term":[{"taxonomy":"pwb-brand","embeddable":true,"href":"https:\/\/veganova.eu\/fr\/wp-json\/wp\/v2\/pwb-brand?post=47663"},{"taxonomy":"product_brand","embeddable":true,"href":"https:\/\/veganova.eu\/fr\/wp-json\/wp\/v2\/product_brand?post=47663"},{"taxonomy":"product_cat","embeddable":true,"href":"https:\/\/veganova.eu\/fr\/wp-json\/wp\/v2\/product_cat?post=47663"},{"taxonomy":"product_tag","embeddable":true,"href":"https:\/\/veganova.eu\/fr\/wp-json\/wp\/v2\/product_tag?post=47663"}],"curies":[{"name":"wp","href":"https:\/\/api.w.org\/{rel}","templated":true}]}}