{"id":47715,"date":"2024-09-15T12:27:40","date_gmt":"2024-09-15T10:27:40","guid":{"rendered":"https:\/\/veganova.eu\/?post_type=product&#038;p=47715"},"modified":"2026-04-21T07:25:51","modified_gmt":"2026-04-21T05:25:51","slug":"weider-ashwagandha-professional-120-vcaps","status":"publish","type":"product","link":"https:\/\/veganova.eu\/fr\/shop\/weider-ashwagandha-professional-120-vcaps\/","title":{"rendered":"Weider Ashwagandha Professional - 120 vcaps"},"content":{"rendered":"<h3>Weider Ashwagandha Professional - 120 vcaps<\/h3>\n<p>L'ashwagandha (Withania somnifera), \u00e9galement connu sous le nom de somnif\u00e8re, est utilis\u00e9 depuis des milliers d'ann\u00e9es dans la m\u00e9decine traditionnelle et la m\u00e9decine alternative \u00e0 des fins diverses. L'extrait de la plante est particuli\u00e8rement appr\u00e9ci\u00e9 en tant qu'agent th\u00e9rapeutique dans l'art de la gu\u00e9rison indien de l'Ayurveda. L'ashwaganda y est utilis\u00e9 principalement pour r\u00e9duire le stress, rajeunir et am\u00e9liorer la vitalit\u00e9 g\u00e9n\u00e9rale. La mati\u00e8re premi\u00e8re de marque KSM-66 est connue pour sa qualit\u00e9 exceptionnelle. La racine d'ashwagandha contient une vari\u00e9t\u00e9 de composants importants tels que des acides gras, des min\u00e9raux et des phytonutriments, mais les withanolides sont particuli\u00e8rement caract\u00e9ristiques et pr\u00e9cieux pour ce type de plante. KSM-66 est standardis\u00e9 pour un minimum de 5% withanolides gr\u00e2ce \u00e0 un processus d'extraction unique et est soumis aux contr\u00f4les de qualit\u00e9 et aux analyses les plus stricts. Gr\u00e2ce \u00e0 l'utilisation de l'exhausteur biologique AstraGin, notre formule d'Ashwagandha est encore plus efficace. Le m\u00e9lange d'extraits de plantes peut am\u00e9liorer l'absorption de divers autres ingr\u00e9dients dans l'intestin gr\u00eale. Nous recommandons de prendre deux g\u00e9lules d'Ashwagandha Professional par jour comme compl\u00e9ment nutritionnel dans le cadre d'une alimentation saine bas\u00e9e sur les besoins et d'un mode de vie actif et sportif. Ashwagandha Professional peut \u00eatre pris aussi bien pendant la journ\u00e9e qu'avant le coucher. Les enveloppes des g\u00e9lules ne contiennent pas de g\u00e9latine, ce qui rend le produit facilement compatible avec un r\u00e9gime v\u00e9g\u00e9tarien et v\u00e9g\u00e9talien.<\/p>","protected":false},"excerpt":{"rendered":"<p>Capsules v\u00e9g\u00e9tariennes Weider Ashwagandha Professional soutient votre sant\u00e9 mentale et vos niveaux d'\u00e9nergie. Contenu : 120 g\u00e9lules v\u00e9g\u00e9tariennes. Certification : V\u00e9g\u00e9talien, V\u00e9g\u00e9tarien.<\/p>","protected":false},"featured_media":52115,"comment_status":"closed","ping_status":"closed","template":"","meta":{"advanced_seo_description":"","jetpack_seo_html_title":"","jetpack_seo_noindex":false},"pwb-brand":[499],"product_brand":[4792],"product_cat":[2596,152],"product_tag":[],"class_list":{"0":"post-47715","1":"product","2":"type-product","3":"status-publish","4":"has-post-thumbnail","6":"pwb-brand-weider","7":"product_brand-weider","8":"product_cat-herbs","9":"product_cat-vitamins-and-minerals","10":"brand_woo-weider","12":"first","13":"instock","14":"taxable","15":"shipping-taxable","16":"purchasable","17":"product-type-simple"},"jetpack_sharing_enabled":true,"brands":[{"id":499,"name":"Weider","slug":"weider"}],"_links":{"self":[{"href":"https:\/\/veganova.eu\/fr\/wp-json\/wp\/v2\/product\/47715","targetHints":{"allow":["GET"]}}],"collection":[{"href":"https:\/\/veganova.eu\/fr\/wp-json\/wp\/v2\/product"}],"about":[{"href":"https:\/\/veganova.eu\/fr\/wp-json\/wp\/v2\/types\/product"}],"replies":[{"embeddable":true,"href":"https:\/\/veganova.eu\/fr\/wp-json\/wp\/v2\/comments?post=47715"}],"version-history":[{"count":1,"href":"https:\/\/veganova.eu\/fr\/wp-json\/wp\/v2\/product\/47715\/revisions"}],"predecessor-version":[{"id":59200,"href":"https:\/\/veganova.eu\/fr\/wp-json\/wp\/v2\/product\/47715\/revisions\/59200"}],"wp:featuredmedia":[{"embeddable":true,"href":"https:\/\/veganova.eu\/fr\/wp-json\/wp\/v2\/media\/52115"}],"wp:attachment":[{"href":"https:\/\/veganova.eu\/fr\/wp-json\/wp\/v2\/media?parent=47715"}],"wp:term":[{"taxonomy":"pwb-brand","embeddable":true,"href":"https:\/\/veganova.eu\/fr\/wp-json\/wp\/v2\/pwb-brand?post=47715"},{"taxonomy":"product_brand","embeddable":true,"href":"https:\/\/veganova.eu\/fr\/wp-json\/wp\/v2\/product_brand?post=47715"},{"taxonomy":"product_cat","embeddable":true,"href":"https:\/\/veganova.eu\/fr\/wp-json\/wp\/v2\/product_cat?post=47715"},{"taxonomy":"product_tag","embeddable":true,"href":"https:\/\/veganova.eu\/fr\/wp-json\/wp\/v2\/product_tag?post=47715"}],"curies":[{"name":"wp","href":"https:\/\/api.w.org\/{rel}","templated":true}]}}