{"id":47717,"date":"2024-09-15T12:27:42","date_gmt":"2024-09-15T10:27:42","guid":{"rendered":"https:\/\/veganova.eu\/?post_type=product&#038;p=47717"},"modified":"2026-04-21T07:25:51","modified_gmt":"2026-04-21T05:25:51","slug":"jarrow-formulas-ashwagandha-300mg-120-vcaps","status":"publish","type":"product","link":"https:\/\/veganova.eu\/fr\/shop\/jarrow-formulas-ashwagandha-300mg-120-vcaps\/","title":{"rendered":"Jarrow Formulas Ashwagandha, 300mg - 120 vcaps"},"content":{"rendered":"<h3>Jarrow Formulas Ashwagandha, 300mg - 120 vcaps<\/h3>\n<p>Jarrow Formulas Ashwagandha est un extrait \u00e0 spectre complet obtenu \u00e0 partir de la racine de la plante Ashwagandha (Withania somnifera). Les \u00e9tudes d\u00e9montrent que l'Ashwagandha est un adaptog\u00e8ne qui favorise une r\u00e9sistance normalis\u00e9e au stress physique et mental et soutient l'endurance, la r\u00e9cup\u00e9ration musculaire et la sant\u00e9 cognitive.<\/p>","protected":false},"excerpt":{"rendered":"<p>Jarrow Formulas Ashwagandha (300mg) soutient votre sant\u00e9 mentale et vos niveaux d'\u00e9nergie. Contenu : 120 g\u00e9lules v\u00e9g\u00e9tariennes. Certification : v\u00e9g\u00e9talien, v\u00e9g\u00e9tarien, sans gluten, NON GMO.<\/p>","protected":false},"featured_media":51893,"comment_status":"closed","ping_status":"closed","template":"","meta":{"advanced_seo_description":"","jetpack_seo_html_title":"","jetpack_seo_noindex":false},"pwb-brand":[165],"product_brand":[4572],"product_cat":[2596,152],"product_tag":[],"class_list":{"0":"post-47717","1":"product","2":"type-product","3":"status-publish","4":"has-post-thumbnail","6":"pwb-brand-jarrow-formulas","7":"product_brand-jarrow-formulas","8":"product_cat-herbs","9":"product_cat-vitamins-and-minerals","10":"brand_woo-jarrow-formulas","12":"first","13":"instock","14":"taxable","15":"shipping-taxable","16":"purchasable","17":"product-type-simple"},"jetpack_sharing_enabled":true,"brands":[{"id":165,"name":"Jarrow Formulas","slug":"jarrow-formulas"}],"_links":{"self":[{"href":"https:\/\/veganova.eu\/fr\/wp-json\/wp\/v2\/product\/47717","targetHints":{"allow":["GET"]}}],"collection":[{"href":"https:\/\/veganova.eu\/fr\/wp-json\/wp\/v2\/product"}],"about":[{"href":"https:\/\/veganova.eu\/fr\/wp-json\/wp\/v2\/types\/product"}],"replies":[{"embeddable":true,"href":"https:\/\/veganova.eu\/fr\/wp-json\/wp\/v2\/comments?post=47717"}],"version-history":[{"count":1,"href":"https:\/\/veganova.eu\/fr\/wp-json\/wp\/v2\/product\/47717\/revisions"}],"predecessor-version":[{"id":59201,"href":"https:\/\/veganova.eu\/fr\/wp-json\/wp\/v2\/product\/47717\/revisions\/59201"}],"wp:featuredmedia":[{"embeddable":true,"href":"https:\/\/veganova.eu\/fr\/wp-json\/wp\/v2\/media\/51893"}],"wp:attachment":[{"href":"https:\/\/veganova.eu\/fr\/wp-json\/wp\/v2\/media?parent=47717"}],"wp:term":[{"taxonomy":"pwb-brand","embeddable":true,"href":"https:\/\/veganova.eu\/fr\/wp-json\/wp\/v2\/pwb-brand?post=47717"},{"taxonomy":"product_brand","embeddable":true,"href":"https:\/\/veganova.eu\/fr\/wp-json\/wp\/v2\/product_brand?post=47717"},{"taxonomy":"product_cat","embeddable":true,"href":"https:\/\/veganova.eu\/fr\/wp-json\/wp\/v2\/product_cat?post=47717"},{"taxonomy":"product_tag","embeddable":true,"href":"https:\/\/veganova.eu\/fr\/wp-json\/wp\/v2\/product_tag?post=47717"}],"curies":[{"name":"wp","href":"https:\/\/api.w.org\/{rel}","templated":true}]}}