{"id":47755,"date":"2024-09-15T12:28:21","date_gmt":"2024-09-15T10:28:21","guid":{"rendered":"https:\/\/veganova.eu\/?post_type=product&#038;p=47755"},"modified":"2026-04-21T07:25:53","modified_gmt":"2026-04-21T05:25:53","slug":"jarrow-formulas-co-q10-200mg-60-vcaps","status":"publish","type":"product","link":"https:\/\/veganova.eu\/fr\/shop\/jarrow-formulas-co-q10-200mg-60-vcaps\/","title":{"rendered":"Jarrow Formulas Co-Q10, 200mg - 60 vcaps"},"content":{"rendered":"<h3>Jarrow Formulas Co-Q10, 200mg - 60 vcaps<\/h3>\n<p>Le Co-Q10 (Ubiquinone) de Jarrow Formulas est un antioxydant qui favorise le fonctionnement normal des mitochondries, les usines \u00e9nerg\u00e9tiques de nos cellules. On le trouve dans les cellules des tissus riches en \u00e9nergie comme le c\u0153ur, mais avec l'\u00e2ge ces niveaux diminuent. Le Co-Q10 contribue \u00e0 la sant\u00e9 des mitochondries, \u00e0 la production d'\u00e9nergie cellulaire et \u00e0 une fonction cardiovasculaire saine.<\/p>","protected":false},"excerpt":{"rendered":"<p>Jarrow Formulas Co-Q10, 200mg soutient la production d'\u00e9nergie cellulaire et la fonction cardiovasculaire. Contenu : 60 g\u00e9lules v\u00e9g\u00e9tariennes. Certification : v\u00e9g\u00e9talien, v\u00e9g\u00e9tarien, sans gluten, NON GMO.<\/p>","protected":false},"featured_media":51900,"comment_status":"closed","ping_status":"closed","template":"","meta":{"advanced_seo_description":"","jetpack_seo_html_title":"","jetpack_seo_noindex":false},"pwb-brand":[165],"product_brand":[4572],"product_cat":[688,684,143,289],"product_tag":[],"class_list":{"0":"post-47755","1":"product","2":"type-product","3":"status-publish","4":"has-post-thumbnail","6":"pwb-brand-jarrow-formulas","7":"product_brand-jarrow-formulas","8":"product_cat-beauty-supplements","9":"product_cat-clean-beauty","10":"product_cat-health-issues","11":"product_cat-heart-and-blood-vessels","12":"brand_woo-jarrow-formulas","14":"first","15":"instock","16":"taxable","17":"shipping-taxable","18":"purchasable","19":"product-type-simple"},"jetpack_sharing_enabled":true,"brands":[{"id":165,"name":"Jarrow Formulas","slug":"jarrow-formulas"}],"_links":{"self":[{"href":"https:\/\/veganova.eu\/fr\/wp-json\/wp\/v2\/product\/47755","targetHints":{"allow":["GET"]}}],"collection":[{"href":"https:\/\/veganova.eu\/fr\/wp-json\/wp\/v2\/product"}],"about":[{"href":"https:\/\/veganova.eu\/fr\/wp-json\/wp\/v2\/types\/product"}],"replies":[{"embeddable":true,"href":"https:\/\/veganova.eu\/fr\/wp-json\/wp\/v2\/comments?post=47755"}],"version-history":[{"count":1,"href":"https:\/\/veganova.eu\/fr\/wp-json\/wp\/v2\/product\/47755\/revisions"}],"predecessor-version":[{"id":59215,"href":"https:\/\/veganova.eu\/fr\/wp-json\/wp\/v2\/product\/47755\/revisions\/59215"}],"wp:featuredmedia":[{"embeddable":true,"href":"https:\/\/veganova.eu\/fr\/wp-json\/wp\/v2\/media\/51900"}],"wp:attachment":[{"href":"https:\/\/veganova.eu\/fr\/wp-json\/wp\/v2\/media?parent=47755"}],"wp:term":[{"taxonomy":"pwb-brand","embeddable":true,"href":"https:\/\/veganova.eu\/fr\/wp-json\/wp\/v2\/pwb-brand?post=47755"},{"taxonomy":"product_brand","embeddable":true,"href":"https:\/\/veganova.eu\/fr\/wp-json\/wp\/v2\/product_brand?post=47755"},{"taxonomy":"product_cat","embeddable":true,"href":"https:\/\/veganova.eu\/fr\/wp-json\/wp\/v2\/product_cat?post=47755"},{"taxonomy":"product_tag","embeddable":true,"href":"https:\/\/veganova.eu\/fr\/wp-json\/wp\/v2\/product_tag?post=47755"}],"curies":[{"name":"wp","href":"https:\/\/api.w.org\/{rel}","templated":true}]}}