{"id":47789,"date":"2024-09-15T12:28:59","date_gmt":"2024-09-15T10:28:59","guid":{"rendered":"https:\/\/veganova.eu\/?post_type=product&#038;p=47789"},"modified":"2026-04-21T07:25:55","modified_gmt":"2026-04-21T05:25:55","slug":"applied-nutrition-cream-of-rice-golden-syrup-1000g","status":"publish","type":"product","link":"https:\/\/veganova.eu\/fr\/shop\/applied-nutrition-cream-of-rice-golden-syrup-1000g\/","title":{"rendered":"Applied Nutrition Cr\u00e8me de riz, sirop d'or - 1000g"},"content":{"rendered":"<h3>Applied Nutrition Cr\u00e8me de riz, sirop d'or - 1000g<\/h3>\n<p>L'EN-CAS PARFAIT EN TERMES DE GLUCIDES !<\/p>\n<p>Par portion de 30 g<br \/>\n24g de glucides | 106 Calories<\/p>\n<p>1kg | 33 portions<\/p>\n<p>COMPL\u00c9MENT ALIMENTAIRE RICHE EN GLUCIDES AVEC \u00c9DULCORANT<\/p>\n<p>La cr\u00e8me de riz est une excellente source d'hydrates de carbone, facile \u00e0 dig\u00e9rer et savoureuse. Convenant aux v\u00e9g\u00e9taliens, c'est une excellente source d'\u00e9nergie qui vous permet de vous sentir rassasi\u00e9 et pr\u00eat \u00e0 affronter la journ\u00e9e qui s'annonce.<\/p>","protected":false},"excerpt":{"rendered":"<p>Perfect morning fitness meal Applied Nutrition Cream of Rice, flavor: Golden Syrup. Content: 1000g. Certification: Vegan, Halal.<\/p>","protected":false},"featured_media":52288,"comment_status":"closed","ping_status":"closed","template":"","meta":{"advanced_seo_description":"","jetpack_seo_html_title":"","jetpack_seo_noindex":false},"pwb-brand":[202],"product_brand":[4592],"product_cat":[225,132],"product_tag":[],"class_list":{"0":"post-47789","1":"product","2":"type-product","3":"status-publish","4":"has-post-thumbnail","6":"pwb-brand-applied-nutrition","7":"product_brand-applied-nutrition","8":"product_cat-carbohydrates","9":"product_cat-sports-nutrition","10":"brand_woo-applied-nutrition","12":"first","13":"instock","14":"taxable","15":"shipping-taxable","16":"purchasable","17":"product-type-simple"},"jetpack_sharing_enabled":true,"brands":[{"id":202,"name":"Nutrition appliqu\u00e9e","slug":"applied-nutrition"}],"_links":{"self":[{"href":"https:\/\/veganova.eu\/fr\/wp-json\/wp\/v2\/product\/47789","targetHints":{"allow":["GET"]}}],"collection":[{"href":"https:\/\/veganova.eu\/fr\/wp-json\/wp\/v2\/product"}],"about":[{"href":"https:\/\/veganova.eu\/fr\/wp-json\/wp\/v2\/types\/product"}],"replies":[{"embeddable":true,"href":"https:\/\/veganova.eu\/fr\/wp-json\/wp\/v2\/comments?post=47789"}],"version-history":[{"count":1,"href":"https:\/\/veganova.eu\/fr\/wp-json\/wp\/v2\/product\/47789\/revisions"}],"predecessor-version":[{"id":59231,"href":"https:\/\/veganova.eu\/fr\/wp-json\/wp\/v2\/product\/47789\/revisions\/59231"}],"wp:featuredmedia":[{"embeddable":true,"href":"https:\/\/veganova.eu\/fr\/wp-json\/wp\/v2\/media\/52288"}],"wp:attachment":[{"href":"https:\/\/veganova.eu\/fr\/wp-json\/wp\/v2\/media?parent=47789"}],"wp:term":[{"taxonomy":"pwb-brand","embeddable":true,"href":"https:\/\/veganova.eu\/fr\/wp-json\/wp\/v2\/pwb-brand?post=47789"},{"taxonomy":"product_brand","embeddable":true,"href":"https:\/\/veganova.eu\/fr\/wp-json\/wp\/v2\/product_brand?post=47789"},{"taxonomy":"product_cat","embeddable":true,"href":"https:\/\/veganova.eu\/fr\/wp-json\/wp\/v2\/product_cat?post=47789"},{"taxonomy":"product_tag","embeddable":true,"href":"https:\/\/veganova.eu\/fr\/wp-json\/wp\/v2\/product_tag?post=47789"}],"curies":[{"name":"wp","href":"https:\/\/api.w.org\/{rel}","templated":true}]}}