{"id":47793,"date":"2024-09-15T12:29:02","date_gmt":"2024-09-15T10:29:02","guid":{"rendered":"https:\/\/veganova.eu\/?post_type=product&#038;p=47793"},"modified":"2026-04-21T07:25:55","modified_gmt":"2026-04-21T05:25:55","slug":"trained-by-jp-cream-of-rice-maple-syrup-2000g","status":"publish","type":"product","link":"https:\/\/veganova.eu\/fr\/shop\/trained-by-jp-cream-of-rice-maple-syrup-2000g\/","title":{"rendered":"Entra\u00een\u00e9 par JP Cr\u00e8me de riz, sirop d'\u00e9rable - 2000g"},"content":{"rendered":"<h3>Entra\u00een\u00e9 par JP Cr\u00e8me de riz, sirop d'\u00e9rable - 2000g<\/h3>\n<p>Pourquoi la cr\u00e8me de riz ?<\/p>\n<p>Pendant la pr\u00e9paration, l'intersaison ou toute autre phase d'entra\u00eenement, le fait de manger des produits savoureux, plut\u00f4t que du riz plus ennuyeux, peut vous aider \u00e0 garder le cap sur votre r\u00e9gime, car vous aurez souvent l'impression de vous faire plaisir, mais il est tout \u00e0 fait possible de respecter vos besoins en glucides pour la journ\u00e9e.<\/p>\n<p>Pendant l'intersaison, lorsque la nourriture est plus abondante, la digestion est souvent un peu plus difficile. Dans cette phase, le fait de disposer d'une vari\u00e9t\u00e9 de saveurs qui se dig\u00e8rent toujours parfaitement vous permettra de garder l'app\u00e9tit et de continuer \u00e0 progresser.<\/p>\n<p>JP met lui-m\u00eame l'accent sur la digestion, car il atteint des poids de corps et des apports caloriques consid\u00e9rables. C'est pourquoi tout ce que nous fabriquons est test\u00e9 par lui, pour s'assurer qu'il n'y a pas trop d'\u00e9dulcorants, que les ar\u00f4mes ne sont pas trop forts - toutes les choses qui sont importantes lorsque l'on vit et que l'on respire le bodybuilding.<\/p>\n<p>2kg COR est disponible en 13 saveurs d\u00e9licieuses pour le plus grand plaisir de vos papilles !<\/p>\n<p>Glucides \u00e0 action rapide<\/p>\n<p>Un go\u00fbt incroyable<br \/>\nFacile \u00e0 m\u00e9langer<br \/>\nUne digestion parfaite<br \/>\n2KG, c'est 80 portions de 25g<\/p>","protected":false},"excerpt":{"rendered":"<p>Power fitness breakfast Trained by JP Cream of Rice, flavor: Maple Syrup. Content: 2000g. Certification: vegan, vegetarian, gluten free.<\/p>","protected":false},"featured_media":52220,"comment_status":"closed","ping_status":"closed","template":"","meta":{"advanced_seo_description":"","jetpack_seo_html_title":"","jetpack_seo_noindex":false},"pwb-brand":[2217],"product_brand":[4954],"product_cat":[225,132],"product_tag":[],"class_list":{"0":"post-47793","1":"product","2":"type-product","3":"status-publish","4":"has-post-thumbnail","6":"pwb-brand-trained-by-jp","7":"product_brand-trained-by-jp","8":"product_cat-carbohydrates","9":"product_cat-sports-nutrition","10":"brand_woo-trained-by-jp","12":"first","13":"instock","14":"taxable","15":"shipping-taxable","16":"purchasable","17":"product-type-simple"},"jetpack_sharing_enabled":true,"brands":[{"id":2217,"name":"Form\u00e9 par JP","slug":"trained-by-jp"}],"_links":{"self":[{"href":"https:\/\/veganova.eu\/fr\/wp-json\/wp\/v2\/product\/47793","targetHints":{"allow":["GET"]}}],"collection":[{"href":"https:\/\/veganova.eu\/fr\/wp-json\/wp\/v2\/product"}],"about":[{"href":"https:\/\/veganova.eu\/fr\/wp-json\/wp\/v2\/types\/product"}],"replies":[{"embeddable":true,"href":"https:\/\/veganova.eu\/fr\/wp-json\/wp\/v2\/comments?post=47793"}],"version-history":[{"count":1,"href":"https:\/\/veganova.eu\/fr\/wp-json\/wp\/v2\/product\/47793\/revisions"}],"predecessor-version":[{"id":59233,"href":"https:\/\/veganova.eu\/fr\/wp-json\/wp\/v2\/product\/47793\/revisions\/59233"}],"wp:featuredmedia":[{"embeddable":true,"href":"https:\/\/veganova.eu\/fr\/wp-json\/wp\/v2\/media\/52220"}],"wp:attachment":[{"href":"https:\/\/veganova.eu\/fr\/wp-json\/wp\/v2\/media?parent=47793"}],"wp:term":[{"taxonomy":"pwb-brand","embeddable":true,"href":"https:\/\/veganova.eu\/fr\/wp-json\/wp\/v2\/pwb-brand?post=47793"},{"taxonomy":"product_brand","embeddable":true,"href":"https:\/\/veganova.eu\/fr\/wp-json\/wp\/v2\/product_brand?post=47793"},{"taxonomy":"product_cat","embeddable":true,"href":"https:\/\/veganova.eu\/fr\/wp-json\/wp\/v2\/product_cat?post=47793"},{"taxonomy":"product_tag","embeddable":true,"href":"https:\/\/veganova.eu\/fr\/wp-json\/wp\/v2\/product_tag?post=47793"}],"curies":[{"name":"wp","href":"https:\/\/api.w.org\/{rel}","templated":true}]}}