{"id":47813,"date":"2024-09-15T12:29:20","date_gmt":"2024-09-15T10:29:20","guid":{"rendered":"https:\/\/veganova.eu\/?post_type=product&#038;p=47813"},"modified":"2026-05-06T02:31:43","modified_gmt":"2026-05-06T00:31:43","slug":"applied-nutrition-critical-greens-apple-burst-150g","status":"publish","type":"product","link":"https:\/\/veganova.eu\/fr\/shop\/applied-nutrition-critical-greens-apple-burst-150g\/","title":{"rendered":"Applied Nutrition Critical Greens, Pomme \u00e9clat\u00e9e - 150g"},"content":{"rendered":"<h3>Applied Nutrition Critical Greens, Pomme \u00e9clat\u00e9e - 150g<\/h3>\n<p>Critical Greens contient 17 extraits de super-verts, dont du brocoli, du c\u00e9leri, des \u00e9pinards, de l'herbe de bl\u00e9 et de la poudre de chou fris\u00e9. Notre m\u00e9lange critique peut simplement \u00eatre ajout\u00e9 \u00e0 votre boisson prot\u00e9in\u00e9e, \u00e0 votre smoothie aux fruits ou peut \u00eatre m\u00e9lang\u00e9 \u00e0 de l'eau pour un go\u00fbt frais et naturel.<\/p>\n<p>AVANTAGES PRINCIPAUX<\/p>\n<p>M\u00e9lange ultime de super verdures athl\u00e9tiques<br \/>\nUtilis\u00e9 en conjonction avec vos cinq par jour<br \/>\n17 ingr\u00e9dients super-verts<br \/>\nGo\u00fbt frais et naturel<br \/>\nConvient aux v\u00e9g\u00e9taliens et aux v\u00e9g\u00e9tariens<br \/>\nProduit certifi\u00e9 Halal<\/p>","protected":false},"excerpt":{"rendered":"<p>Superfood drink in powder form Applied Nutrition Critical Greens, with flavor: Apple Burst. Content: 150g. Certification: Vegan, vegetarian, halal.<\/p>","protected":false},"featured_media":52020,"comment_status":"closed","ping_status":"closed","template":"","meta":{"advanced_seo_description":"","jetpack_seo_html_title":"","jetpack_seo_noindex":false},"pwb-brand":[202],"product_brand":[4592],"product_cat":[149],"product_tag":[],"class_list":{"0":"post-47813","1":"product","2":"type-product","3":"status-publish","4":"has-post-thumbnail","6":"pwb-brand-applied-nutrition","7":"product_brand-applied-nutrition","8":"product_cat-superfoods","9":"brand_woo-applied-nutrition","11":"first","12":"instock","13":"taxable","14":"shipping-taxable","15":"purchasable","16":"product-type-simple"},"jetpack_sharing_enabled":true,"brands":[{"id":202,"name":"Nutrition appliqu\u00e9e","slug":"applied-nutrition"}],"_links":{"self":[{"href":"https:\/\/veganova.eu\/fr\/wp-json\/wp\/v2\/product\/47813","targetHints":{"allow":["GET"]}}],"collection":[{"href":"https:\/\/veganova.eu\/fr\/wp-json\/wp\/v2\/product"}],"about":[{"href":"https:\/\/veganova.eu\/fr\/wp-json\/wp\/v2\/types\/product"}],"replies":[{"embeddable":true,"href":"https:\/\/veganova.eu\/fr\/wp-json\/wp\/v2\/comments?post=47813"}],"version-history":[{"count":1,"href":"https:\/\/veganova.eu\/fr\/wp-json\/wp\/v2\/product\/47813\/revisions"}],"predecessor-version":[{"id":59242,"href":"https:\/\/veganova.eu\/fr\/wp-json\/wp\/v2\/product\/47813\/revisions\/59242"}],"wp:featuredmedia":[{"embeddable":true,"href":"https:\/\/veganova.eu\/fr\/wp-json\/wp\/v2\/media\/52020"}],"wp:attachment":[{"href":"https:\/\/veganova.eu\/fr\/wp-json\/wp\/v2\/media?parent=47813"}],"wp:term":[{"taxonomy":"pwb-brand","embeddable":true,"href":"https:\/\/veganova.eu\/fr\/wp-json\/wp\/v2\/pwb-brand?post=47813"},{"taxonomy":"product_brand","embeddable":true,"href":"https:\/\/veganova.eu\/fr\/wp-json\/wp\/v2\/product_brand?post=47813"},{"taxonomy":"product_cat","embeddable":true,"href":"https:\/\/veganova.eu\/fr\/wp-json\/wp\/v2\/product_cat?post=47813"},{"taxonomy":"product_tag","embeddable":true,"href":"https:\/\/veganova.eu\/fr\/wp-json\/wp\/v2\/product_tag?post=47813"}],"curies":[{"name":"wp","href":"https:\/\/api.w.org\/{rel}","templated":true}]}}