{"id":47827,"date":"2024-09-15T12:29:34","date_gmt":"2024-09-15T10:29:34","guid":{"rendered":"https:\/\/veganova.eu\/?post_type=product&#038;p=47827"},"modified":"2026-04-21T07:25:56","modified_gmt":"2026-04-21T05:25:56","slug":"applied-nutrition-critical-plant-protein-vanilla-1800g","status":"publish","type":"product","link":"https:\/\/veganova.eu\/fr\/shop\/applied-nutrition-critical-plant-protein-vanilla-1800g\/","title":{"rendered":"Applied Nutrition Critical Plant Protein, Vanille - 1800g"},"content":{"rendered":"<h3>Applied Nutrition Critical Plant Protein, Vanille - 1800g<\/h3>\n<p>Prot\u00e9ines v\u00e9g\u00e9tales en poudre<br \/>\nProt\u00e9ine de soja - Prot\u00e9ine de pois - Prot\u00e9ine de riz brun<\/p>\n<p>Critical Plant Protein est le m\u00e9lange parfait de prot\u00e9ines v\u00e9g\u00e9tales combinant l'isolat de prot\u00e9ine de soja, l'isolat de prot\u00e9ine de pois et la prot\u00e9ine de riz brun pour fournir une poudre de prot\u00e9ines v\u00e9g\u00e9tales de premi\u00e8re qualit\u00e9 avec une gamme compl\u00e8te d'acides amin\u00e9s essentiels et plus de 24 g de prot\u00e9ines par portion.<\/p>\n<p>Critical Plant Protein est un bon choix pour tous ceux qui cherchent \u00e0 augmenter leur apport en prot\u00e9ines. Dot\u00e9 d'un profil \u00e9lev\u00e9 d'acides amin\u00e9s ramifi\u00e9s (BCAA) (leucine, isoleucine et valine), Critical Plant Protein peut \u00e9galement contribuer \u00e0 la croissance et au maintien de la masse musculaire.<\/p>","protected":false},"excerpt":{"rendered":"<p>Prot\u00e9ine en poudre v\u00e9g\u00e9talienne Applied Nutrition Critical Plant Protein, avec ar\u00f4me : Vanille. Contenu : 1800g. Certification : V\u00e9g\u00e9talien, v\u00e9g\u00e9tarien, halal.<\/p>","protected":false},"featured_media":52245,"comment_status":"closed","ping_status":"closed","template":"","meta":{"advanced_seo_description":"","jetpack_seo_html_title":"","jetpack_seo_noindex":false},"pwb-brand":[202],"product_brand":[4592],"product_cat":[132,133],"product_tag":[],"class_list":{"0":"post-47827","1":"product","2":"type-product","3":"status-publish","4":"has-post-thumbnail","6":"pwb-brand-applied-nutrition","7":"product_brand-applied-nutrition","8":"product_cat-sports-nutrition","9":"product_cat-vegan-proteins","10":"brand_woo-applied-nutrition","12":"first","13":"instock","14":"taxable","15":"shipping-taxable","16":"purchasable","17":"product-type-simple"},"jetpack_sharing_enabled":true,"brands":[{"id":202,"name":"Nutrition appliqu\u00e9e","slug":"applied-nutrition"}],"_links":{"self":[{"href":"https:\/\/veganova.eu\/fr\/wp-json\/wp\/v2\/product\/47827","targetHints":{"allow":["GET"]}}],"collection":[{"href":"https:\/\/veganova.eu\/fr\/wp-json\/wp\/v2\/product"}],"about":[{"href":"https:\/\/veganova.eu\/fr\/wp-json\/wp\/v2\/types\/product"}],"replies":[{"embeddable":true,"href":"https:\/\/veganova.eu\/fr\/wp-json\/wp\/v2\/comments?post=47827"}],"version-history":[{"count":1,"href":"https:\/\/veganova.eu\/fr\/wp-json\/wp\/v2\/product\/47827\/revisions"}],"predecessor-version":[{"id":59248,"href":"https:\/\/veganova.eu\/fr\/wp-json\/wp\/v2\/product\/47827\/revisions\/59248"}],"wp:featuredmedia":[{"embeddable":true,"href":"https:\/\/veganova.eu\/fr\/wp-json\/wp\/v2\/media\/52245"}],"wp:attachment":[{"href":"https:\/\/veganova.eu\/fr\/wp-json\/wp\/v2\/media?parent=47827"}],"wp:term":[{"taxonomy":"pwb-brand","embeddable":true,"href":"https:\/\/veganova.eu\/fr\/wp-json\/wp\/v2\/pwb-brand?post=47827"},{"taxonomy":"product_brand","embeddable":true,"href":"https:\/\/veganova.eu\/fr\/wp-json\/wp\/v2\/product_brand?post=47827"},{"taxonomy":"product_cat","embeddable":true,"href":"https:\/\/veganova.eu\/fr\/wp-json\/wp\/v2\/product_cat?post=47827"},{"taxonomy":"product_tag","embeddable":true,"href":"https:\/\/veganova.eu\/fr\/wp-json\/wp\/v2\/product_tag?post=47827"}],"curies":[{"name":"wp","href":"https:\/\/api.w.org\/{rel}","templated":true}]}}