{"id":47849,"date":"2024-09-15T12:29:54","date_gmt":"2024-09-15T10:29:54","guid":{"rendered":"https:\/\/veganova.eu\/?post_type=product&#038;p=47849"},"modified":"2026-04-21T07:25:57","modified_gmt":"2026-04-21T05:25:57","slug":"nutrend-delicious-vegan-chocolate-hazelnut-450g","status":"publish","type":"product","link":"https:\/\/veganova.eu\/fr\/shop\/nutrend-delicious-vegan-chocolate-hazelnut-450g\/","title":{"rendered":"Nutrend Delicious Vegan, Chocolat Noisette - 450g"},"content":{"rendered":"<h3>Nutrend Delicious Vegan, Chocolat Noisette - 450g<\/h3>\n<p>Un cocktail v\u00e9g\u00e9talien d\u00e9licieux et cr\u00e9meux \u00e0 base de prot\u00e9ines et de super-aliments<br \/>\navec une formule nutritionnellement \u00e9quilibr\u00e9e. La s\u00e9lection de quatre types de prot\u00e9ines v\u00e9g\u00e9tales repr\u00e9sente une source compl\u00e8te de prot\u00e9ines enti\u00e8res compl\u00e9t\u00e9e par des nutriments importants.<\/p>\n<p>Convient \u00e0 ceux qui pr\u00e9f\u00e8rent un mode de vie sain. Avec des ingr\u00e9dients de premi\u00e8re qualit\u00e9 et une formule unique, il s'agit clairement d'un aliment intelligent de l'avenir.<\/p>\n<p>Prot\u00e9ine 60%<br \/>\nQuatre types de prot\u00e9ines v\u00e9g\u00e9tales (pois, pois chiche, chanvre, citrouille)<br \/>\nM\u00e9lange de c\u00e9r\u00e9ales (avoine, amarante, sarrasin, millet et quinoa)<br \/>\nM\u00e9lange d'enzymes digestives DigeZyme<br \/>\nVitamines B2 et B12<br \/>\nIode et fer<br \/>\nAcides gras om\u00e9ga-3<br \/>\nConvient aux v\u00e9g\u00e9taliens<br \/>\nSans lactose<br \/>\nSans gluten<\/p>","protected":false},"excerpt":{"rendered":"<p>Superfood protein drink in powder form Nutrend Delicious Vegan (Chocolate Hazelnut) supports healthy lifestyle. Content: 450g. Flavor: Chocolate Hazelnut. Certification: vegan, vegetarian, gluten free, no sugar.<\/p>","protected":false},"featured_media":51962,"comment_status":"closed","ping_status":"closed","template":"","meta":{"advanced_seo_description":"","jetpack_seo_html_title":"","jetpack_seo_noindex":false},"pwb-brand":[375],"product_brand":[4697],"product_cat":[132,133],"product_tag":[],"class_list":{"0":"post-47849","1":"product","2":"type-product","3":"status-publish","4":"has-post-thumbnail","6":"pwb-brand-nutrend","7":"product_brand-nutrend","8":"product_cat-sports-nutrition","9":"product_cat-vegan-proteins","10":"brand_woo-nutrend","12":"first","13":"instock","14":"sale","15":"featured","16":"taxable","17":"shipping-taxable","18":"purchasable","19":"product-type-simple"},"jetpack_sharing_enabled":true,"brands":[{"id":375,"name":"Nutrend","slug":"nutrend"}],"_links":{"self":[{"href":"https:\/\/veganova.eu\/fr\/wp-json\/wp\/v2\/product\/47849","targetHints":{"allow":["GET"]}}],"collection":[{"href":"https:\/\/veganova.eu\/fr\/wp-json\/wp\/v2\/product"}],"about":[{"href":"https:\/\/veganova.eu\/fr\/wp-json\/wp\/v2\/types\/product"}],"replies":[{"embeddable":true,"href":"https:\/\/veganova.eu\/fr\/wp-json\/wp\/v2\/comments?post=47849"}],"version-history":[{"count":1,"href":"https:\/\/veganova.eu\/fr\/wp-json\/wp\/v2\/product\/47849\/revisions"}],"predecessor-version":[{"id":59258,"href":"https:\/\/veganova.eu\/fr\/wp-json\/wp\/v2\/product\/47849\/revisions\/59258"}],"wp:featuredmedia":[{"embeddable":true,"href":"https:\/\/veganova.eu\/fr\/wp-json\/wp\/v2\/media\/51962"}],"wp:attachment":[{"href":"https:\/\/veganova.eu\/fr\/wp-json\/wp\/v2\/media?parent=47849"}],"wp:term":[{"taxonomy":"pwb-brand","embeddable":true,"href":"https:\/\/veganova.eu\/fr\/wp-json\/wp\/v2\/pwb-brand?post=47849"},{"taxonomy":"product_brand","embeddable":true,"href":"https:\/\/veganova.eu\/fr\/wp-json\/wp\/v2\/product_brand?post=47849"},{"taxonomy":"product_cat","embeddable":true,"href":"https:\/\/veganova.eu\/fr\/wp-json\/wp\/v2\/product_cat?post=47849"},{"taxonomy":"product_tag","embeddable":true,"href":"https:\/\/veganova.eu\/fr\/wp-json\/wp\/v2\/product_tag?post=47849"}],"curies":[{"name":"wp","href":"https:\/\/api.w.org\/{rel}","templated":true}]}}