{"id":47875,"date":"2024-09-15T12:30:27","date_gmt":"2024-09-15T10:30:27","guid":{"rendered":"https:\/\/veganova.eu\/?post_type=product&#038;p=47875"},"modified":"2026-05-03T02:28:34","modified_gmt":"2026-05-03T00:28:34","slug":"naughty-boy-energy-citrus-dream-390g","status":"publish","type":"product","link":"https:\/\/veganova.eu\/fr\/shop\/naughty-boy-energy-citrus-dream-390g\/","title":{"rendered":"Naughty Boy Energy, R\u00eave d'agrumes - 390g"},"content":{"rendered":"<h3>Naughty Boy Energy, R\u00eave d'agrumes - 390g<\/h3>\n<p>NaughtyBoy ENERGY 30 portions<\/p>\n<p>NaughtyBoy ENERGY powered by VitaCholine, PureWay-C &amp; BioPerine.<\/p>\n<p>NaughtyBoy ENERGY est un Pre-Workout tout-en-un qui couvre la PUMP, la Performance et la Concentration. Chaque ingr\u00e9dient est cliniquement dos\u00e9 et a \u00e9t\u00e9 sp\u00e9cifiquement choisi pour travailler en synergie.<\/p>\n<p>NaughtyBoy ENERGY contient 200 mg de caf\u00e9ine, ce qui est, \u00e0 notre avis, la dose id\u00e9ale. Mais si vous vous sentez un peu NAUGHTY, vous pouvez toujours doubler la dose !<\/p>\n<p>NaughtyBoy ENERGY est totalement transparent et exempt de substances interdites.<\/p>","protected":false},"excerpt":{"rendered":"<p>Fitness powder drink Naughty Boy Energy supports your energy, focus and performance. Flavor: Citrus Dream. Content: 390g. Certification: vegan.<\/p>","protected":false},"featured_media":47544,"comment_status":"closed","ping_status":"closed","template":"","meta":{"advanced_seo_description":"","jetpack_seo_html_title":"","jetpack_seo_noindex":false},"pwb-brand":[488],"product_brand":[4785],"product_cat":[203,132],"product_tag":[],"class_list":{"0":"post-47875","1":"product","2":"type-product","3":"status-publish","4":"has-post-thumbnail","6":"pwb-brand-naughty-boy","7":"product_brand-naughty-boy","8":"product_cat-pre-workout","9":"product_cat-sports-nutrition","10":"brand_woo-naughty-boy","12":"first","13":"outofstock","14":"taxable","15":"shipping-taxable","16":"purchasable","17":"product-type-simple"},"jetpack_sharing_enabled":true,"brands":[{"id":488,"name":"Vilain gar\u00e7on","slug":"naughty-boy"}],"_links":{"self":[{"href":"https:\/\/veganova.eu\/fr\/wp-json\/wp\/v2\/product\/47875","targetHints":{"allow":["GET"]}}],"collection":[{"href":"https:\/\/veganova.eu\/fr\/wp-json\/wp\/v2\/product"}],"about":[{"href":"https:\/\/veganova.eu\/fr\/wp-json\/wp\/v2\/types\/product"}],"replies":[{"embeddable":true,"href":"https:\/\/veganova.eu\/fr\/wp-json\/wp\/v2\/comments?post=47875"}],"version-history":[{"count":1,"href":"https:\/\/veganova.eu\/fr\/wp-json\/wp\/v2\/product\/47875\/revisions"}],"predecessor-version":[{"id":59268,"href":"https:\/\/veganova.eu\/fr\/wp-json\/wp\/v2\/product\/47875\/revisions\/59268"}],"wp:featuredmedia":[{"embeddable":true,"href":"https:\/\/veganova.eu\/fr\/wp-json\/wp\/v2\/media\/47544"}],"wp:attachment":[{"href":"https:\/\/veganova.eu\/fr\/wp-json\/wp\/v2\/media?parent=47875"}],"wp:term":[{"taxonomy":"pwb-brand","embeddable":true,"href":"https:\/\/veganova.eu\/fr\/wp-json\/wp\/v2\/pwb-brand?post=47875"},{"taxonomy":"product_brand","embeddable":true,"href":"https:\/\/veganova.eu\/fr\/wp-json\/wp\/v2\/product_brand?post=47875"},{"taxonomy":"product_cat","embeddable":true,"href":"https:\/\/veganova.eu\/fr\/wp-json\/wp\/v2\/product_cat?post=47875"},{"taxonomy":"product_tag","embeddable":true,"href":"https:\/\/veganova.eu\/fr\/wp-json\/wp\/v2\/product_tag?post=47875"}],"curies":[{"name":"wp","href":"https:\/\/api.w.org\/{rel}","templated":true}]}}