{"id":47931,"date":"2024-09-15T12:31:28","date_gmt":"2024-09-15T10:31:28","guid":{"rendered":"https:\/\/veganova.eu\/?post_type=product&#038;p=47931"},"modified":"2026-05-02T02:27:34","modified_gmt":"2026-05-02T00:27:34","slug":"kaged-muscle-hydra-charge-orange-mango-288g","status":"publish","type":"product","link":"https:\/\/veganova.eu\/fr\/shop\/kaged-muscle-hydra-charge-orange-mango-288g\/","title":{"rendered":"Kaged Muscle Hydra-Charge, Mangue Orange - 288g"},"content":{"rendered":"<h3>Kaged Muscle Hydra-Charge, Mangue Orange - 288g<\/h3>\n<p>Hydra-Charge est un d\u00e9licieux m\u00e9lange de boissons \u00e9lectrolytiques qui assure l'hydratation, l'endurance et le soutien antioxydant pour les athl\u00e8tes de tous niveaux, le tout avec moins de 1 g de sucre*.<\/p>\n<p>Fournit 5 \u00e9lectrolytes essentiels<br \/>\nAm\u00e9liore les performances et l'endurance*<br \/>\nRafra\u00eechissant, d\u00e9licieux et d\u00e9salt\u00e9rant<br \/>\nFournit un soutien antioxydant puissant*<br \/>\nSans colorants, ar\u00f4mes ou teintures artificiels<\/p>","protected":false},"excerpt":{"rendered":"<p>Fitness electrolyte drink in powder form Kaged Muscle Hydra-Charge is perfect for hydratation during sport activity, flavour: Orange Mango. Content: 288g. Certification: vegan.<\/p>","protected":false},"featured_media":51918,"comment_status":"closed","ping_status":"closed","template":"","meta":{"advanced_seo_description":"","jetpack_seo_html_title":"","jetpack_seo_noindex":false},"pwb-brand":[331],"product_brand":[4658],"product_cat":[203,132],"product_tag":[],"class_list":{"0":"post-47931","1":"product","2":"type-product","3":"status-publish","4":"has-post-thumbnail","6":"pwb-brand-kaged-muscle","7":"product_brand-kaged-muscle","8":"product_cat-pre-workout","9":"product_cat-sports-nutrition","10":"brand_woo-kaged-muscle","12":"first","13":"instock","14":"taxable","15":"shipping-taxable","16":"purchasable","17":"product-type-simple"},"jetpack_sharing_enabled":true,"brands":[{"id":331,"name":"Kaged Muscle","slug":"kaged-muscle"}],"_links":{"self":[{"href":"https:\/\/veganova.eu\/fr\/wp-json\/wp\/v2\/product\/47931","targetHints":{"allow":["GET"]}}],"collection":[{"href":"https:\/\/veganova.eu\/fr\/wp-json\/wp\/v2\/product"}],"about":[{"href":"https:\/\/veganova.eu\/fr\/wp-json\/wp\/v2\/types\/product"}],"replies":[{"embeddable":true,"href":"https:\/\/veganova.eu\/fr\/wp-json\/wp\/v2\/comments?post=47931"}],"version-history":[{"count":1,"href":"https:\/\/veganova.eu\/fr\/wp-json\/wp\/v2\/product\/47931\/revisions"}],"predecessor-version":[{"id":59290,"href":"https:\/\/veganova.eu\/fr\/wp-json\/wp\/v2\/product\/47931\/revisions\/59290"}],"wp:featuredmedia":[{"embeddable":true,"href":"https:\/\/veganova.eu\/fr\/wp-json\/wp\/v2\/media\/51918"}],"wp:attachment":[{"href":"https:\/\/veganova.eu\/fr\/wp-json\/wp\/v2\/media?parent=47931"}],"wp:term":[{"taxonomy":"pwb-brand","embeddable":true,"href":"https:\/\/veganova.eu\/fr\/wp-json\/wp\/v2\/pwb-brand?post=47931"},{"taxonomy":"product_brand","embeddable":true,"href":"https:\/\/veganova.eu\/fr\/wp-json\/wp\/v2\/product_brand?post=47931"},{"taxonomy":"product_cat","embeddable":true,"href":"https:\/\/veganova.eu\/fr\/wp-json\/wp\/v2\/product_cat?post=47931"},{"taxonomy":"product_tag","embeddable":true,"href":"https:\/\/veganova.eu\/fr\/wp-json\/wp\/v2\/product_tag?post=47931"}],"curies":[{"name":"wp","href":"https:\/\/api.w.org\/{rel}","templated":true}]}}