{"id":47985,"date":"2024-09-15T12:32:41","date_gmt":"2024-09-15T10:32:41","guid":{"rendered":"https:\/\/veganova.eu\/?post_type=product&#038;p=47985"},"modified":"2026-05-06T02:31:43","modified_gmt":"2026-05-06T00:31:43","slug":"swanson-magnesium-gummies-watermelon-120-gummies","status":"publish","type":"product","link":"https:\/\/veganova.eu\/fr\/shop\/swanson-magnesium-gummies-watermelon-120-gummies\/","title":{"rendered":"Swanson Magn\u00e9sium Gummies, Past\u00e8que - 120 gummies"},"content":{"rendered":"<h3>Swanson Magn\u00e9sium Gummies, Past\u00e8que - 120 gummies<\/h3>\n<p>Soutien au stress, aux muscles et aux os<br \/>\nV\u00e9g\u00e9talien<br \/>\nSans gluten<br \/>\nSans OGM<br \/>\nCompl\u00e9ment alimentaire<br \/>\nFavorise une r\u00e9action saine au stress<br \/>\nEssentiel pour la sant\u00e9 du c\u0153ur, des os et des muscles<br \/>\nFavorise la relaxation de l'esprit et du corps<br \/>\nV\u00e9g\u00e9tarien<\/p>\n<p>Le magn\u00e9sium occupe une place importante dans les r\u00e9gimes de sant\u00e9 osseuse depuis des d\u00e9cennies, mais il gagne en popularit\u00e9 pour favoriser la relaxation mentale et physique. Pour une version savoureuse de ce min\u00e9ral essentiel, essayez les Swanson Magnesium Citrate Gummies. Ces gommes v\u00e9g\u00e9taliennes et sans gluten fournissent 84 mg de citrate de magn\u00e9sium doux dans chaque gomme avec une saveur de past\u00e8que juteuse qui ne manquera pas de plaire \u00e0 tous les palais.<\/p>","protected":false},"excerpt":{"rendered":"<p>Les gommes de magn\u00e9sium Swanson soutiennent le corps et l'esprit. Contenu : 120 gommes. Certification : v\u00e9g\u00e9talien, sans gluten, sans OGM.<\/p>","protected":false},"featured_media":52304,"comment_status":"closed","ping_status":"closed","template":"","meta":{"advanced_seo_description":"","jetpack_seo_html_title":"","jetpack_seo_noindex":false},"pwb-brand":[450],"product_brand":[4753],"product_cat":[172,2598,132,152],"product_tag":[],"class_list":{"0":"post-47985","1":"product","2":"type-product","3":"status-publish","4":"has-post-thumbnail","6":"pwb-brand-swanson","7":"product_brand-swanson","8":"product_cat-minerals","9":"product_cat-recovery","10":"product_cat-sports-nutrition","11":"product_cat-vitamins-and-minerals","12":"brand_woo-swanson","14":"first","15":"outofstock","16":"taxable","17":"shipping-taxable","18":"purchasable","19":"product-type-simple"},"jetpack_sharing_enabled":true,"brands":[{"id":450,"name":"Swanson","slug":"swanson"}],"_links":{"self":[{"href":"https:\/\/veganova.eu\/fr\/wp-json\/wp\/v2\/product\/47985","targetHints":{"allow":["GET"]}}],"collection":[{"href":"https:\/\/veganova.eu\/fr\/wp-json\/wp\/v2\/product"}],"about":[{"href":"https:\/\/veganova.eu\/fr\/wp-json\/wp\/v2\/types\/product"}],"replies":[{"embeddable":true,"href":"https:\/\/veganova.eu\/fr\/wp-json\/wp\/v2\/comments?post=47985"}],"version-history":[{"count":1,"href":"https:\/\/veganova.eu\/fr\/wp-json\/wp\/v2\/product\/47985\/revisions"}],"predecessor-version":[{"id":59313,"href":"https:\/\/veganova.eu\/fr\/wp-json\/wp\/v2\/product\/47985\/revisions\/59313"}],"wp:featuredmedia":[{"embeddable":true,"href":"https:\/\/veganova.eu\/fr\/wp-json\/wp\/v2\/media\/52304"}],"wp:attachment":[{"href":"https:\/\/veganova.eu\/fr\/wp-json\/wp\/v2\/media?parent=47985"}],"wp:term":[{"taxonomy":"pwb-brand","embeddable":true,"href":"https:\/\/veganova.eu\/fr\/wp-json\/wp\/v2\/pwb-brand?post=47985"},{"taxonomy":"product_brand","embeddable":true,"href":"https:\/\/veganova.eu\/fr\/wp-json\/wp\/v2\/product_brand?post=47985"},{"taxonomy":"product_cat","embeddable":true,"href":"https:\/\/veganova.eu\/fr\/wp-json\/wp\/v2\/product_cat?post=47985"},{"taxonomy":"product_tag","embeddable":true,"href":"https:\/\/veganova.eu\/fr\/wp-json\/wp\/v2\/product_tag?post=47985"}],"curies":[{"name":"wp","href":"https:\/\/api.w.org\/{rel}","templated":true}]}}