{"id":47997,"date":"2024-09-15T12:32:52","date_gmt":"2024-09-15T10:32:52","guid":{"rendered":"https:\/\/veganova.eu\/?post_type=product&#038;p=47997"},"modified":"2026-04-21T07:26:03","modified_gmt":"2026-04-21T05:26:03","slug":"applied-nutrition-mct-oil-490-ml","status":"publish","type":"product","link":"https:\/\/veganova.eu\/fr\/shop\/applied-nutrition-mct-oil-490-ml\/","title":{"rendered":"Applied Nutrition MCT Oil - 490 ml."},"content":{"rendered":"<h3>Applied Nutrition Huile MCT - 490 ml<\/h3>\n<p>HUILE MCT - 100% TRIGLYC\u00c9RIDES \u00c0 CHA\u00ceNE MOYENNE<\/p>\n<p>490ml | 35 portions<\/p>\n<ul>\n<li>L'huile MCT de Applied Nutrition est une source unique de MCT riche en C8 et C10.<\/li>\n<li>Les triglyc\u00e9rides \u00e0 cha\u00eene moyenne repr\u00e9sentent une source b\u00e9n\u00e9fique d'acides gras qui peuvent \u00eatre ajout\u00e9s au caf\u00e9, aux shakes ou aux aliments.<\/li>\n<\/ul>","protected":false},"excerpt":{"rendered":"<p>L'huile MCT Applied Nutrition est parfaite pour le r\u00e9gime Keto. Elle peut \u00eatre ajout\u00e9e \u00e0 votre caf\u00e9, \u00e0 votre smoothie ou \u00e0 votre nourriture. Contenu : 490 ml. Certification : v\u00e9g\u00e9talien, halal.<\/p>","protected":false},"featured_media":52295,"comment_status":"closed","ping_status":"closed","template":"","meta":{"advanced_seo_description":"","jetpack_seo_html_title":"","jetpack_seo_noindex":false},"pwb-brand":[202],"product_brand":[4592],"product_cat":[2599,143,177],"product_tag":[],"class_list":{"0":"post-47997","1":"product","2":"type-product","3":"status-publish","4":"has-post-thumbnail","6":"pwb-brand-applied-nutrition","7":"product_brand-applied-nutrition","8":"product_cat-brain-and-memory","9":"product_cat-health-issues","10":"product_cat-weight-loss","11":"brand_woo-applied-nutrition","13":"first","14":"instock","15":"taxable","16":"shipping-taxable","17":"purchasable","18":"product-type-simple"},"jetpack_sharing_enabled":true,"brands":[{"id":202,"name":"Nutrition appliqu\u00e9e","slug":"applied-nutrition"}],"_links":{"self":[{"href":"https:\/\/veganova.eu\/fr\/wp-json\/wp\/v2\/product\/47997","targetHints":{"allow":["GET"]}}],"collection":[{"href":"https:\/\/veganova.eu\/fr\/wp-json\/wp\/v2\/product"}],"about":[{"href":"https:\/\/veganova.eu\/fr\/wp-json\/wp\/v2\/types\/product"}],"replies":[{"embeddable":true,"href":"https:\/\/veganova.eu\/fr\/wp-json\/wp\/v2\/comments?post=47997"}],"version-history":[{"count":1,"href":"https:\/\/veganova.eu\/fr\/wp-json\/wp\/v2\/product\/47997\/revisions"}],"predecessor-version":[{"id":59316,"href":"https:\/\/veganova.eu\/fr\/wp-json\/wp\/v2\/product\/47997\/revisions\/59316"}],"wp:featuredmedia":[{"embeddable":true,"href":"https:\/\/veganova.eu\/fr\/wp-json\/wp\/v2\/media\/52295"}],"wp:attachment":[{"href":"https:\/\/veganova.eu\/fr\/wp-json\/wp\/v2\/media?parent=47997"}],"wp:term":[{"taxonomy":"pwb-brand","embeddable":true,"href":"https:\/\/veganova.eu\/fr\/wp-json\/wp\/v2\/pwb-brand?post=47997"},{"taxonomy":"product_brand","embeddable":true,"href":"https:\/\/veganova.eu\/fr\/wp-json\/wp\/v2\/product_brand?post=47997"},{"taxonomy":"product_cat","embeddable":true,"href":"https:\/\/veganova.eu\/fr\/wp-json\/wp\/v2\/product_cat?post=47997"},{"taxonomy":"product_tag","embeddable":true,"href":"https:\/\/veganova.eu\/fr\/wp-json\/wp\/v2\/product_tag?post=47997"}],"curies":[{"name":"wp","href":"https:\/\/api.w.org\/{rel}","templated":true}]}}