{"id":48015,"date":"2024-09-15T12:33:13","date_gmt":"2024-09-15T10:33:13","guid":{"rendered":"https:\/\/veganova.eu\/?post_type=product&#038;p=48015"},"modified":"2026-04-21T07:26:04","modified_gmt":"2026-04-21T05:26:04","slug":"jarrow-formulas-milk-thistle-150mg-200-vcaps","status":"publish","type":"product","link":"https:\/\/veganova.eu\/fr\/shop\/jarrow-formulas-milk-thistle-150mg-200-vcaps\/","title":{"rendered":"Jarrow Formulas Chardon Marie, 150mg - 200 vcaps"},"content":{"rendered":"<h3>Jarrow Formulas Chardon Marie, 150mg - 200 vcaps<\/h3>\n<p>L'extrait 30:1 de chardon-Marie (Silybum marianum) de Jarrow Formulas est normalis\u00e9 pour contenir 80% de flavono\u00efdes de chardon-Marie, y compris des isosilybinines, des silybinines, de la silychristine et de la silydianine. Ce groupe de flavono\u00efdes, connu collectivement sous le nom de silymarine, soutient la fonction h\u00e9patique en favorisant les niveaux de glutathion.<\/p>","protected":false},"excerpt":{"rendered":"<p>Jarrow Formulas Milk Thistle soutient les fonctions h\u00e9patiques. Contenu : 200 g\u00e9lules v\u00e9g\u00e9tales. Certification : v\u00e9g\u00e9talien, sans gluten, sans OGM.<\/p>","protected":false},"featured_media":51898,"comment_status":"closed","ping_status":"closed","template":"","meta":{"advanced_seo_description":"","jetpack_seo_html_title":"","jetpack_seo_noindex":false},"pwb-brand":[165],"product_brand":[4572],"product_cat":[143,2591,152],"product_tag":[],"class_list":{"0":"post-48015","1":"product","2":"type-product","3":"status-publish","4":"has-post-thumbnail","6":"pwb-brand-jarrow-formulas","7":"product_brand-jarrow-formulas","8":"product_cat-health-issues","9":"product_cat-liver","10":"product_cat-vitamins-and-minerals","11":"brand_woo-jarrow-formulas","13":"first","14":"instock","15":"taxable","16":"shipping-taxable","17":"purchasable","18":"product-type-simple"},"jetpack_sharing_enabled":true,"brands":[{"id":165,"name":"Jarrow Formulas","slug":"jarrow-formulas"}],"_links":{"self":[{"href":"https:\/\/veganova.eu\/fr\/wp-json\/wp\/v2\/product\/48015","targetHints":{"allow":["GET"]}}],"collection":[{"href":"https:\/\/veganova.eu\/fr\/wp-json\/wp\/v2\/product"}],"about":[{"href":"https:\/\/veganova.eu\/fr\/wp-json\/wp\/v2\/types\/product"}],"replies":[{"embeddable":true,"href":"https:\/\/veganova.eu\/fr\/wp-json\/wp\/v2\/comments?post=48015"}],"version-history":[{"count":1,"href":"https:\/\/veganova.eu\/fr\/wp-json\/wp\/v2\/product\/48015\/revisions"}],"predecessor-version":[{"id":59324,"href":"https:\/\/veganova.eu\/fr\/wp-json\/wp\/v2\/product\/48015\/revisions\/59324"}],"wp:featuredmedia":[{"embeddable":true,"href":"https:\/\/veganova.eu\/fr\/wp-json\/wp\/v2\/media\/51898"}],"wp:attachment":[{"href":"https:\/\/veganova.eu\/fr\/wp-json\/wp\/v2\/media?parent=48015"}],"wp:term":[{"taxonomy":"pwb-brand","embeddable":true,"href":"https:\/\/veganova.eu\/fr\/wp-json\/wp\/v2\/pwb-brand?post=48015"},{"taxonomy":"product_brand","embeddable":true,"href":"https:\/\/veganova.eu\/fr\/wp-json\/wp\/v2\/product_brand?post=48015"},{"taxonomy":"product_cat","embeddable":true,"href":"https:\/\/veganova.eu\/fr\/wp-json\/wp\/v2\/product_cat?post=48015"},{"taxonomy":"product_tag","embeddable":true,"href":"https:\/\/veganova.eu\/fr\/wp-json\/wp\/v2\/product_tag?post=48015"}],"curies":[{"name":"wp","href":"https:\/\/api.w.org\/{rel}","templated":true}]}}