{"id":48073,"date":"2024-09-15T12:34:14","date_gmt":"2024-09-15T10:34:14","guid":{"rendered":"https:\/\/veganova.eu\/?post_type=product&#038;p=48073"},"modified":"2026-04-21T07:26:07","modified_gmt":"2026-04-21T05:26:07","slug":"rule-one-plant-protein-chocolate-670g","status":"publish","type":"product","link":"https:\/\/veganova.eu\/fr\/shop\/rule-one-plant-protein-chocolate-670g\/","title":{"rendered":"Rule One Plant Protein, Chocolat - 670g"},"content":{"rendered":"<h3>Rule One Plant Protein, Chocolat - 670g<\/h3>\n<p>Formul\u00e9 pour les personnes qui veulent plus de prot\u00e9ines mais qui cherchent \u00e0 limiter ou \u00e0 \u00e9viter compl\u00e8tement les produits d'origine animale, R1 Plant Protein fournit 20 g de prot\u00e9ines v\u00e9g\u00e9taliennes et pal\u00e9o compl\u00e8tes avec les 9 acides amin\u00e9s essentiels (AAE).<\/p>","protected":false},"excerpt":{"rendered":"<p>Rule One Plant Protein fournit 20 g de prot\u00e9ines v\u00e9g\u00e9taliennes et pal\u00e9o, compl\u00e8tes avec les 9 acides amin\u00e9s essentiels (AAE). Saveur : Chocolat. Contenu : 620g. Certification : v\u00e9g\u00e9talien, sans gluten.<\/p>","protected":false},"featured_media":52133,"comment_status":"closed","ping_status":"closed","template":"","meta":{"advanced_seo_description":"","jetpack_seo_html_title":"","jetpack_seo_noindex":false},"pwb-brand":[411],"product_brand":[4723],"product_cat":[132,133],"product_tag":[],"class_list":{"0":"post-48073","1":"product","2":"type-product","3":"status-publish","4":"has-post-thumbnail","6":"pwb-brand-rule-one","7":"product_brand-rule-one","8":"product_cat-sports-nutrition","9":"product_cat-vegan-proteins","10":"brand_woo-rule-one","12":"first","13":"instock","14":"sale","15":"taxable","16":"shipping-taxable","17":"purchasable","18":"product-type-simple"},"jetpack_sharing_enabled":true,"brands":[{"id":411,"name":"Premi\u00e8re r\u00e8gle","slug":"rule-one"}],"_links":{"self":[{"href":"https:\/\/veganova.eu\/fr\/wp-json\/wp\/v2\/product\/48073","targetHints":{"allow":["GET"]}}],"collection":[{"href":"https:\/\/veganova.eu\/fr\/wp-json\/wp\/v2\/product"}],"about":[{"href":"https:\/\/veganova.eu\/fr\/wp-json\/wp\/v2\/types\/product"}],"replies":[{"embeddable":true,"href":"https:\/\/veganova.eu\/fr\/wp-json\/wp\/v2\/comments?post=48073"}],"version-history":[{"count":1,"href":"https:\/\/veganova.eu\/fr\/wp-json\/wp\/v2\/product\/48073\/revisions"}],"predecessor-version":[{"id":59341,"href":"https:\/\/veganova.eu\/fr\/wp-json\/wp\/v2\/product\/48073\/revisions\/59341"}],"wp:featuredmedia":[{"embeddable":true,"href":"https:\/\/veganova.eu\/fr\/wp-json\/wp\/v2\/media\/52133"}],"wp:attachment":[{"href":"https:\/\/veganova.eu\/fr\/wp-json\/wp\/v2\/media?parent=48073"}],"wp:term":[{"taxonomy":"pwb-brand","embeddable":true,"href":"https:\/\/veganova.eu\/fr\/wp-json\/wp\/v2\/pwb-brand?post=48073"},{"taxonomy":"product_brand","embeddable":true,"href":"https:\/\/veganova.eu\/fr\/wp-json\/wp\/v2\/product_brand?post=48073"},{"taxonomy":"product_cat","embeddable":true,"href":"https:\/\/veganova.eu\/fr\/wp-json\/wp\/v2\/product_cat?post=48073"},{"taxonomy":"product_tag","embeddable":true,"href":"https:\/\/veganova.eu\/fr\/wp-json\/wp\/v2\/product_tag?post=48073"}],"curies":[{"name":"wp","href":"https:\/\/api.w.org\/{rel}","templated":true}]}}