{"id":48075,"date":"2024-09-15T12:34:17","date_gmt":"2024-09-15T10:34:17","guid":{"rendered":"https:\/\/veganova.eu\/?post_type=product&#038;p=48075"},"modified":"2026-05-06T02:31:45","modified_gmt":"2026-05-06T00:31:45","slug":"rule-one-plant-protein-vanilla-creme-620g","status":"publish","type":"product","link":"https:\/\/veganova.eu\/fr\/shop\/rule-one-plant-protein-vanilla-creme-620g\/","title":{"rendered":"Rule One Plant Protein, cr\u00e8me \u00e0 la vanille - 620g"},"content":{"rendered":"<h3>Rule One Plant Protein, cr\u00e8me \u00e0 la vanille - 620g<\/h3>\n<p>Formul\u00e9 pour les personnes qui veulent plus de prot\u00e9ines mais qui cherchent \u00e0 limiter ou \u00e0 \u00e9viter compl\u00e8tement les produits d'origine animale, R1 Plant Protein fournit 20 g de prot\u00e9ines v\u00e9g\u00e9taliennes et pal\u00e9o compl\u00e8tes avec les 9 acides amin\u00e9s essentiels (AAE).<\/p>","protected":false},"excerpt":{"rendered":"<p>Rule One Plant Protein provides 20g of vegan and paleo friendly protein, complete with all 9 essential amino acids (EAAs). Flavor: Vanilla Creme. Content: 620g. Certification: vegan, gluten free.<\/p>","protected":false},"featured_media":52072,"comment_status":"closed","ping_status":"closed","template":"","meta":{"advanced_seo_description":"","jetpack_seo_html_title":"","jetpack_seo_noindex":false},"pwb-brand":[411],"product_brand":[4723],"product_cat":[132,133],"product_tag":[],"class_list":{"0":"post-48075","1":"product","2":"type-product","3":"status-publish","4":"has-post-thumbnail","6":"pwb-brand-rule-one","7":"product_brand-rule-one","8":"product_cat-sports-nutrition","9":"product_cat-vegan-proteins","10":"brand_woo-rule-one","12":"first","13":"instock","14":"taxable","15":"shipping-taxable","16":"purchasable","17":"product-type-simple"},"jetpack_sharing_enabled":true,"brands":[{"id":411,"name":"Premi\u00e8re r\u00e8gle","slug":"rule-one"}],"_links":{"self":[{"href":"https:\/\/veganova.eu\/fr\/wp-json\/wp\/v2\/product\/48075","targetHints":{"allow":["GET"]}}],"collection":[{"href":"https:\/\/veganova.eu\/fr\/wp-json\/wp\/v2\/product"}],"about":[{"href":"https:\/\/veganova.eu\/fr\/wp-json\/wp\/v2\/types\/product"}],"replies":[{"embeddable":true,"href":"https:\/\/veganova.eu\/fr\/wp-json\/wp\/v2\/comments?post=48075"}],"version-history":[{"count":1,"href":"https:\/\/veganova.eu\/fr\/wp-json\/wp\/v2\/product\/48075\/revisions"}],"predecessor-version":[{"id":59342,"href":"https:\/\/veganova.eu\/fr\/wp-json\/wp\/v2\/product\/48075\/revisions\/59342"}],"wp:featuredmedia":[{"embeddable":true,"href":"https:\/\/veganova.eu\/fr\/wp-json\/wp\/v2\/media\/52072"}],"wp:attachment":[{"href":"https:\/\/veganova.eu\/fr\/wp-json\/wp\/v2\/media?parent=48075"}],"wp:term":[{"taxonomy":"pwb-brand","embeddable":true,"href":"https:\/\/veganova.eu\/fr\/wp-json\/wp\/v2\/pwb-brand?post=48075"},{"taxonomy":"product_brand","embeddable":true,"href":"https:\/\/veganova.eu\/fr\/wp-json\/wp\/v2\/product_brand?post=48075"},{"taxonomy":"product_cat","embeddable":true,"href":"https:\/\/veganova.eu\/fr\/wp-json\/wp\/v2\/product_cat?post=48075"},{"taxonomy":"product_tag","embeddable":true,"href":"https:\/\/veganova.eu\/fr\/wp-json\/wp\/v2\/product_tag?post=48075"}],"curies":[{"name":"wp","href":"https:\/\/api.w.org\/{rel}","templated":true}]}}