{"id":48097,"date":"2024-09-15T12:34:39","date_gmt":"2024-09-15T10:34:39","guid":{"rendered":"https:\/\/veganova.eu\/?post_type=product&#038;p=48097"},"modified":"2026-04-21T07:26:08","modified_gmt":"2026-04-21T05:26:08","slug":"jarrow-formulas-quercetin-500mg-200-vcaps","status":"publish","type":"product","link":"https:\/\/veganova.eu\/fr\/shop\/jarrow-formulas-quercetin-500mg-200-vcaps\/","title":{"rendered":"Jarrow Formulas Querc\u00e9tine, 500mg - 200 vcaps"},"content":{"rendered":"<h3>Jarrow Formulas Querc\u00e9tine, 500mg - 200 vcaps<\/h3>\n<p>La querc\u00e9tine est un bioflavono\u00efde antioxydant que l'on trouve dans les oignons, les l\u00e9gumes \u00e0 feuilles vertes et les fruits tels que les pommes et les cerises. La querc\u00e9tine contribue au bon fonctionnement des cellules, \u00e0 la sant\u00e9 cardiovasculaire et au bon fonctionnement du syst\u00e8me immunitaire.<\/p>","protected":false},"excerpt":{"rendered":"<p>Jarrow Formulas Querc\u00e9tine (500mg) soutient les fonctions cellulaires saines et la sant\u00e9 cardiovasculaire. Contenu : 200 g\u00e9lules v\u00e9g\u00e9tariennes. Certification : v\u00e9g\u00e9talien.<\/p>","protected":false},"featured_media":51901,"comment_status":"closed","ping_status":"closed","template":"","meta":{"advanced_seo_description":"","jetpack_seo_html_title":"","jetpack_seo_noindex":false},"pwb-brand":[165],"product_brand":[4572],"product_cat":[143,289,597],"product_tag":[],"class_list":{"0":"post-48097","1":"product","2":"type-product","3":"status-publish","4":"has-post-thumbnail","6":"pwb-brand-jarrow-formulas","7":"product_brand-jarrow-formulas","8":"product_cat-health-issues","9":"product_cat-heart-and-blood-vessels","10":"product_cat-body-immunity","11":"brand_woo-jarrow-formulas","13":"first","14":"instock","15":"taxable","16":"shipping-taxable","17":"purchasable","18":"product-type-simple"},"jetpack_sharing_enabled":true,"brands":[{"id":165,"name":"Jarrow Formulas","slug":"jarrow-formulas"}],"_links":{"self":[{"href":"https:\/\/veganova.eu\/fr\/wp-json\/wp\/v2\/product\/48097","targetHints":{"allow":["GET"]}}],"collection":[{"href":"https:\/\/veganova.eu\/fr\/wp-json\/wp\/v2\/product"}],"about":[{"href":"https:\/\/veganova.eu\/fr\/wp-json\/wp\/v2\/types\/product"}],"replies":[{"embeddable":true,"href":"https:\/\/veganova.eu\/fr\/wp-json\/wp\/v2\/comments?post=48097"}],"version-history":[{"count":1,"href":"https:\/\/veganova.eu\/fr\/wp-json\/wp\/v2\/product\/48097\/revisions"}],"predecessor-version":[{"id":59348,"href":"https:\/\/veganova.eu\/fr\/wp-json\/wp\/v2\/product\/48097\/revisions\/59348"}],"wp:featuredmedia":[{"embeddable":true,"href":"https:\/\/veganova.eu\/fr\/wp-json\/wp\/v2\/media\/51901"}],"wp:attachment":[{"href":"https:\/\/veganova.eu\/fr\/wp-json\/wp\/v2\/media?parent=48097"}],"wp:term":[{"taxonomy":"pwb-brand","embeddable":true,"href":"https:\/\/veganova.eu\/fr\/wp-json\/wp\/v2\/pwb-brand?post=48097"},{"taxonomy":"product_brand","embeddable":true,"href":"https:\/\/veganova.eu\/fr\/wp-json\/wp\/v2\/product_brand?post=48097"},{"taxonomy":"product_cat","embeddable":true,"href":"https:\/\/veganova.eu\/fr\/wp-json\/wp\/v2\/product_cat?post=48097"},{"taxonomy":"product_tag","embeddable":true,"href":"https:\/\/veganova.eu\/fr\/wp-json\/wp\/v2\/product_tag?post=48097"}],"curies":[{"name":"wp","href":"https:\/\/api.w.org\/{rel}","templated":true}]}}