{"id":48121,"date":"2024-09-15T12:35:04","date_gmt":"2024-09-15T10:35:04","guid":{"rendered":"https:\/\/veganova.eu\/?post_type=product&#038;p=48121"},"modified":"2026-04-21T07:26:08","modified_gmt":"2026-04-21T05:26:08","slug":"jarrow-formulas-same-200-20-tabs","status":"publish","type":"product","link":"https:\/\/veganova.eu\/fr\/shop\/jarrow-formulas-same-200-20-tabs\/","title":{"rendered":"Jarrow Formulas SAMe 200 - 20 comprim\u00e9s"},"content":{"rendered":"<h3>Jarrow Formulas SAMe 200 - 20 comprim\u00e9s<\/h3>\n<p>Jarrow Formulas SAMe 200 fournit 200 mg de SAMe (rendement net) \u00e0 partir de 400 mg de disulfate de tosylate de SAMe. La SAMe 200 est fabriqu\u00e9e \u00e0 basse temp\u00e9rature et \u00e0 faible humidit\u00e9 et est enrob\u00e9e d'ent\u00e9rosol pour garantir un produit biologiquement actif.<\/p>\n<p>Avec plus de S,S biologiquement actif que de R,S<br \/>\nPr\u00e9sente dans toutes les cellules vivantes, la SAMe est un m\u00e9tabolite de la m\u00e9thionine (un acide amin\u00e9 essentiel). La SAMe est une mol\u00e9cule chirale qui se pr\u00e9sente sous deux formes : (S,S) SAMe et (R,S) SAMe. La forme biologiquement active est la structure (S,S), tandis que la structure (R,S) est biologiquement inactive. La SAMe de Jarrow Formulas est fabriqu\u00e9e par fermentation microbiologique puis trait\u00e9e sans solvants chimiques pour pr\u00e9server la SAMe 68-80% (S,S).<\/p>\n<p>La SAMe soutient :<\/p>\n<p>M\u00e9tabolisme c\u00e9r\u00e9bral et humeur*<br \/>\nLes r\u00e9actions de m\u00e9thylation de la SAMe interviennent dans la synth\u00e8se de la phosphatidylcholine, un constituant important de la mati\u00e8re grise du cerveau et des membranes cellulaires*.<br \/>\ndans la formation ou le m\u00e9tabolisme des neurotransmetteurs, ce qui contribue \u00e0<br \/>\nfavorisent une humeur \u00e9quilibr\u00e9e*.<\/p>\n<p>Sant\u00e9 des articulations*<br \/>\nDans ce processus de transsulfuration, les composants essentiels du tissu conjonctif connus sous le nom de glycosaminoglycanes (GAG), y compris la glucosamine et la chondro\u00eftine, sont sulfat\u00e9s par les m\u00e9tabolites de la SAMe pour produire des GAG sulfat\u00e9s, tels que le sulfate de glucosamine et le sulfate de chondro\u00eftine, qui sont les \u00e9l\u00e9ments constitutifs du cartilage*.<\/p>\n<p>Fonction h\u00e9patique*<br \/>\nLa SAMe favorise la synth\u00e8se du glutathion (GSH), qui est essentiel pour les d\u00e9fenses antioxydantes et les fonctions h\u00e9patiques, y compris la phase II de la d\u00e9toxification*.<\/p>\n<p>Jarrow Formulas SAMe 200 est emball\u00e9 sous blister pour maximiser la stabilit\u00e9 et fournit 200 mg de S-Adenosyl Methionine d\u00e9riv\u00e9e de 400 mg de SAMe Tosylate Disulfate.<\/p>","protected":false},"excerpt":{"rendered":"<p>Jarrow Formulas SAMe 200 favorise la sant\u00e9 du foie et des articulations et am\u00e9liore l'humeur. Contenu : 20 comprim\u00e9s. Certification : sans gluten, v\u00e9g\u00e9talien.<\/p>","protected":false},"featured_media":51903,"comment_status":"closed","ping_status":"closed","template":"","meta":{"advanced_seo_description":"","jetpack_seo_html_title":"","jetpack_seo_noindex":false},"pwb-brand":[165],"product_brand":[4572],"product_cat":[2593,286,143,2591,152],"product_tag":[],"class_list":{"0":"post-48121","1":"product","2":"type-product","3":"status-publish","4":"has-post-thumbnail","6":"pwb-brand-jarrow-formulas","7":"product_brand-jarrow-formulas","8":"product_cat-antioxidants","9":"product_cat-for-a-better-mood","10":"product_cat-health-issues","11":"product_cat-liver","12":"product_cat-vitamins-and-minerals","13":"brand_woo-jarrow-formulas","15":"first","16":"outofstock","17":"taxable","18":"shipping-taxable","19":"purchasable","20":"product-type-simple"},"jetpack_sharing_enabled":true,"brands":[{"id":165,"name":"Jarrow Formulas","slug":"jarrow-formulas"}],"_links":{"self":[{"href":"https:\/\/veganova.eu\/fr\/wp-json\/wp\/v2\/product\/48121","targetHints":{"allow":["GET"]}}],"collection":[{"href":"https:\/\/veganova.eu\/fr\/wp-json\/wp\/v2\/product"}],"about":[{"href":"https:\/\/veganova.eu\/fr\/wp-json\/wp\/v2\/types\/product"}],"replies":[{"embeddable":true,"href":"https:\/\/veganova.eu\/fr\/wp-json\/wp\/v2\/comments?post=48121"}],"version-history":[{"count":1,"href":"https:\/\/veganova.eu\/fr\/wp-json\/wp\/v2\/product\/48121\/revisions"}],"predecessor-version":[{"id":59357,"href":"https:\/\/veganova.eu\/fr\/wp-json\/wp\/v2\/product\/48121\/revisions\/59357"}],"wp:featuredmedia":[{"embeddable":true,"href":"https:\/\/veganova.eu\/fr\/wp-json\/wp\/v2\/media\/51903"}],"wp:attachment":[{"href":"https:\/\/veganova.eu\/fr\/wp-json\/wp\/v2\/media?parent=48121"}],"wp:term":[{"taxonomy":"pwb-brand","embeddable":true,"href":"https:\/\/veganova.eu\/fr\/wp-json\/wp\/v2\/pwb-brand?post=48121"},{"taxonomy":"product_brand","embeddable":true,"href":"https:\/\/veganova.eu\/fr\/wp-json\/wp\/v2\/product_brand?post=48121"},{"taxonomy":"product_cat","embeddable":true,"href":"https:\/\/veganova.eu\/fr\/wp-json\/wp\/v2\/product_cat?post=48121"},{"taxonomy":"product_tag","embeddable":true,"href":"https:\/\/veganova.eu\/fr\/wp-json\/wp\/v2\/product_tag?post=48121"}],"curies":[{"name":"wp","href":"https:\/\/api.w.org\/{rel}","templated":true}]}}