{"id":48209,"date":"2024-09-15T12:36:41","date_gmt":"2024-09-15T10:36:41","guid":{"rendered":"https:\/\/veganova.eu\/?post_type=product&#038;p=48209"},"modified":"2026-04-21T07:26:12","modified_gmt":"2026-04-21T05:26:12","slug":"allnutrition-vegan-protein-pistachio-500g","status":"publish","type":"product","link":"https:\/\/veganova.eu\/fr\/shop\/allnutrition-vegan-protein-pistachio-500g\/","title":{"rendered":"Allnutrition Vegan Protein, Pistache - 500g"},"content":{"rendered":"<h3>Allnutrition Vegan Protein, Pistache - 500g<\/h3>\n<p>VEGAN PROTEIN est un compl\u00e9ment prot\u00e9ique v\u00e9g\u00e9talien aux saveurs d\u00e9licieuses, \u00e0 base d'isolat de prot\u00e9ines de soja et de prot\u00e9ines provenant de 6 autres plantes, qui ensemble fournissent jusqu'\u00e0 75% de prot\u00e9ines pures dans chaque portion. Ce compl\u00e9ment est donc adapt\u00e9 aux v\u00e9g\u00e9taliens et aux v\u00e9g\u00e9tariens.<\/p>","protected":false},"excerpt":{"rendered":"<p>Allnutrition Vegan Protein est compos\u00e9 d'isolat de prot\u00e9ine de soja et de prot\u00e9ines provenant de 6 autres plantes. Saveur : Pistache. Contenu : 500g. Certification : v\u00e9g\u00e9talien.<\/p>","protected":false},"featured_media":52185,"comment_status":"closed","ping_status":"closed","template":"","meta":{"advanced_seo_description":"","jetpack_seo_html_title":"","jetpack_seo_noindex":false},"pwb-brand":[475],"product_brand":[4774],"product_cat":[132,133],"product_tag":[],"class_list":{"0":"post-48209","1":"product","2":"type-product","3":"status-publish","4":"has-post-thumbnail","6":"pwb-brand-allnutrition","7":"product_brand-allnutrition","8":"product_cat-sports-nutrition","9":"product_cat-vegan-proteins","10":"brand_woo-allnutrition","12":"first","13":"outofstock","14":"taxable","15":"shipping-taxable","16":"purchasable","17":"product-type-simple"},"jetpack_sharing_enabled":true,"brands":[{"id":475,"name":"Allnutrition","slug":"allnutrition"}],"_links":{"self":[{"href":"https:\/\/veganova.eu\/fr\/wp-json\/wp\/v2\/product\/48209","targetHints":{"allow":["GET"]}}],"collection":[{"href":"https:\/\/veganova.eu\/fr\/wp-json\/wp\/v2\/product"}],"about":[{"href":"https:\/\/veganova.eu\/fr\/wp-json\/wp\/v2\/types\/product"}],"replies":[{"embeddable":true,"href":"https:\/\/veganova.eu\/fr\/wp-json\/wp\/v2\/comments?post=48209"}],"version-history":[{"count":1,"href":"https:\/\/veganova.eu\/fr\/wp-json\/wp\/v2\/product\/48209\/revisions"}],"predecessor-version":[{"id":59395,"href":"https:\/\/veganova.eu\/fr\/wp-json\/wp\/v2\/product\/48209\/revisions\/59395"}],"wp:featuredmedia":[{"embeddable":true,"href":"https:\/\/veganova.eu\/fr\/wp-json\/wp\/v2\/media\/52185"}],"wp:attachment":[{"href":"https:\/\/veganova.eu\/fr\/wp-json\/wp\/v2\/media?parent=48209"}],"wp:term":[{"taxonomy":"pwb-brand","embeddable":true,"href":"https:\/\/veganova.eu\/fr\/wp-json\/wp\/v2\/pwb-brand?post=48209"},{"taxonomy":"product_brand","embeddable":true,"href":"https:\/\/veganova.eu\/fr\/wp-json\/wp\/v2\/product_brand?post=48209"},{"taxonomy":"product_cat","embeddable":true,"href":"https:\/\/veganova.eu\/fr\/wp-json\/wp\/v2\/product_cat?post=48209"},{"taxonomy":"product_tag","embeddable":true,"href":"https:\/\/veganova.eu\/fr\/wp-json\/wp\/v2\/product_tag?post=48209"}],"curies":[{"name":"wp","href":"https:\/\/api.w.org\/{rel}","templated":true}]}}