{"id":5098,"date":"2023-10-01T17:08:38","date_gmt":"2023-10-01T15:08:38","guid":{"rendered":"https:\/\/veganova.eu\/?post_type=product&#038;p=5098"},"modified":"2026-04-21T07:24:32","modified_gmt":"2026-04-21T05:24:32","slug":"doctors-best-fast-acting-arginine-complex-with-nitrosigine-750mg-60-tab","status":"publish","type":"product","link":"https:\/\/veganova.eu\/fr\/shop\/doctors-best-fast-acting-arginine-complex-with-nitrosigine-750mg-60-tab\/","title":{"rendered":"Doctor's Best Fast Acting Arginine Complex with Nitrosigine, 750mg (60 tab)"},"content":{"rendered":"<h3>Doctor's Best Fast Acting Arginine Complex with Nitrosigine, 750mg (60 tab)<\/h3>\n<p>Nutrition fond\u00e9e sur la science<br \/>\nAide \u00e0 augmenter les niveaux d'oxyde nitrique (NO) pour soutenir la sant\u00e9 cardiovasculaire globale<br \/>\nCompl\u00e9ment alimentaire<br \/>\nV\u00e9g\u00e9talien<br \/>\nSans OGM\/Sans gluten\/Sans soja<br \/>\nLe complexe d'arginine \u00e0 action rapide Doctor's Best avec Nitrosigine utilise une forme li\u00e9e brevet\u00e9e de silicate d'arginine, dont il a \u00e9t\u00e9 cliniquement d\u00e9montr\u00e9 qu'elle augmente de fa\u00e7on significative les niveaux d'oxyde nitrique (NO). Le NO est un facteur cl\u00e9 dans l'augmentation du flux sanguin vers les muscles en activit\u00e9. Con\u00e7u pour agir en 15 minutes, il procure des bienfaits pendant toute la dur\u00e9e de l'entra\u00eenement et jusqu'\u00e0 6 heures - avec une seule dose ! L'utilisation continue augmente les niveaux de NO, ce qui peut augmenter le flux et la flexibilit\u00e9 des vaisseaux.<\/p>\n<p>Aide \u00e0 soutenir les niveaux d'arginine et de silicium<br \/>\nAide \u00e0 augmenter les niveaux d'oxyde nitrique (NO) pour soutenir la sant\u00e9 cardiovasculaire globale<br \/>\nIngr\u00e9dient avanc\u00e9 \u00e0 action rapide qui agit en 15 minutes et dont les effets b\u00e9n\u00e9fiques durent jusqu'\u00e0 6 heures avec une seule dose.<\/p>","protected":false},"excerpt":{"rendered":"<p>Le suppl\u00e9ment nutritionnel v\u00e9g\u00e9talien Doctor's Best Fast Acting Arginine Complex with Nitrosigine, 750mg favorise la circulation sanguine et la sant\u00e9 du c\u0153ur. L'effet commence dans les 30 minutes et dure plus de 3 heures. L'emballage contient : 60 comprim\u00e9s. Sans gluten, sans OGM.<\/p>","protected":false},"featured_media":53019,"comment_status":"closed","ping_status":"closed","template":"","meta":{"advanced_seo_description":"","jetpack_seo_html_title":"","jetpack_seo_noindex":false},"pwb-brand":[147],"product_brand":[4565],"product_cat":[174,152],"product_tag":[599,601,602,603],"class_list":{"0":"post-5098","1":"product","2":"type-product","3":"status-publish","4":"has-post-thumbnail","6":"pwb-brand-doctors-best","7":"product_brand-doctors-best","8":"product_cat-amino-acids","9":"product_cat-vitamins-and-minerals","10":"product_tag-gluten-free","11":"product_tag-non-gmo","12":"product_tag-vegan","13":"product_tag-vege","14":"brand_woo-doctors-best","16":"first","17":"instock","18":"taxable","19":"shipping-taxable","20":"purchasable","21":"product-type-simple"},"jetpack_sharing_enabled":true,"brands":[{"id":147,"name":"Doctor's Best","slug":"doctors-best"}],"_links":{"self":[{"href":"https:\/\/veganova.eu\/fr\/wp-json\/wp\/v2\/product\/5098","targetHints":{"allow":["GET"]}}],"collection":[{"href":"https:\/\/veganova.eu\/fr\/wp-json\/wp\/v2\/product"}],"about":[{"href":"https:\/\/veganova.eu\/fr\/wp-json\/wp\/v2\/types\/product"}],"replies":[{"embeddable":true,"href":"https:\/\/veganova.eu\/fr\/wp-json\/wp\/v2\/comments?post=5098"}],"version-history":[{"count":1,"href":"https:\/\/veganova.eu\/fr\/wp-json\/wp\/v2\/product\/5098\/revisions"}],"predecessor-version":[{"id":58211,"href":"https:\/\/veganova.eu\/fr\/wp-json\/wp\/v2\/product\/5098\/revisions\/58211"}],"wp:featuredmedia":[{"embeddable":true,"href":"https:\/\/veganova.eu\/fr\/wp-json\/wp\/v2\/media\/53019"}],"wp:attachment":[{"href":"https:\/\/veganova.eu\/fr\/wp-json\/wp\/v2\/media?parent=5098"}],"wp:term":[{"taxonomy":"pwb-brand","embeddable":true,"href":"https:\/\/veganova.eu\/fr\/wp-json\/wp\/v2\/pwb-brand?post=5098"},{"taxonomy":"product_brand","embeddable":true,"href":"https:\/\/veganova.eu\/fr\/wp-json\/wp\/v2\/product_brand?post=5098"},{"taxonomy":"product_cat","embeddable":true,"href":"https:\/\/veganova.eu\/fr\/wp-json\/wp\/v2\/product_cat?post=5098"},{"taxonomy":"product_tag","embeddable":true,"href":"https:\/\/veganova.eu\/fr\/wp-json\/wp\/v2\/product_tag?post=5098"}],"curies":[{"name":"wp","href":"https:\/\/api.w.org\/{rel}","templated":true}]}}