{"id":5102,"date":"2023-10-01T17:08:39","date_gmt":"2023-10-01T15:08:39","guid":{"rendered":"https:\/\/veganova.eu\/?post_type=product&#038;p=5102"},"modified":"2026-04-21T07:24:32","modified_gmt":"2026-04-21T05:24:32","slug":"doctors-best-gluten-rescue-with-glutalytic-60-kaps","status":"publish","type":"product","link":"https:\/\/veganova.eu\/fr\/shop\/doctors-best-gluten-rescue-with-glutalytic-60-kaps\/","title":{"rendered":"Doctor's Best Gluten Rescue avec Glutalytic (60 g\u00e9lules)"},"content":{"rendered":"<h3>Doctor's Best Gluten Rescue avec Glutalytic<\/h3>\n<ul>\n<li>Les prot\u00e9ines du gluten sont extr\u00eamement difficiles \u00e0 dig\u00e9rer et posent des probl\u00e8mes, m\u00eame pour les personnes en bonne sant\u00e9.<\/li>\n<li>Les prot\u00e9ines de gluten non dig\u00e9r\u00e9es incitent le syst\u00e8me immunitaire \u00e0 attaquer la paroi interne de l'intestin gr\u00eale, ce qui entra\u00eene divers degr\u00e9s de sensibilit\u00e9 au gluten. La d\u00e9composition de ces prot\u00e9ines peut contribuer \u00e0 att\u00e9nuer les sympt\u00f4mes associ\u00e9s \u00e0 la sensibilit\u00e9 au gluten et \u00e0 pr\u00e9venir d'autres dommages pour l'organisme.<\/li>\n<li>Les prot\u00e9ases sont des enzymes qui d\u00e9composent les prot\u00e9ines, mais des prot\u00e9ases sp\u00e9cifiques sont n\u00e9cessaires pour d\u00e9composer les peptides toxiques de la gliadine, riches en proline.<\/li>\n<li>Gluten Rescue avec Glutalytic aide \u00e0 d\u00e9composer les grands peptides de gluten non hydrolys\u00e9s en acides amin\u00e9s que l'organisme peut absorber et utiliser.<\/li>\n<li>Gluten Rescue avec Glutalytic est con\u00e7u de mani\u00e8re unique pour d\u00e9composer les prot\u00e9ines du gluten plus rapidement et plus efficacement en attaquant les liaisons peptidiques internes et terminales, alors que la plupart des produits de digestion du gluten n'utilisent qu'une seule approche enzymatique.<\/li>\n<\/ul>","protected":false},"excerpt":{"rendered":"<p>Le compl\u00e9ment alimentaire v\u00e9g\u00e9talien Doctor's Best Gluten Rescue avec Glutalytic convient en cas d'allergie ou de sensibilit\u00e9 au gluten. L'emballage contient : 60 g\u00e9lules. Sans gluten, sans OGM.<\/p>","protected":false},"featured_media":53394,"comment_status":"closed","ping_status":"closed","template":"","meta":{"advanced_seo_description":"","jetpack_seo_html_title":"","jetpack_seo_noindex":false},"pwb-brand":[147],"product_brand":[4565],"product_cat":[596,597,152],"product_tag":[1067,1419,1348,1117],"class_list":{"0":"post-5102","1":"product","2":"type-product","3":"status-publish","4":"has-post-thumbnail","6":"pwb-brand-doctors-best","7":"product_brand-doctors-best","8":"product_cat-digestion","9":"product_cat-body-immunity","10":"product_cat-vitamins-and-minerals","11":"product_tag-digestion","12":"product_tag-gluten","13":"product_tag-gluten-allergy","14":"product_tag-immunity","15":"brand_woo-doctors-best","17":"first","18":"instock","19":"taxable","20":"shipping-taxable","21":"purchasable","22":"product-type-simple"},"jetpack_sharing_enabled":true,"brands":[{"id":147,"name":"Doctor's Best","slug":"doctors-best"}],"_links":{"self":[{"href":"https:\/\/veganova.eu\/fr\/wp-json\/wp\/v2\/product\/5102","targetHints":{"allow":["GET"]}}],"collection":[{"href":"https:\/\/veganova.eu\/fr\/wp-json\/wp\/v2\/product"}],"about":[{"href":"https:\/\/veganova.eu\/fr\/wp-json\/wp\/v2\/types\/product"}],"replies":[{"embeddable":true,"href":"https:\/\/veganova.eu\/fr\/wp-json\/wp\/v2\/comments?post=5102"}],"version-history":[{"count":1,"href":"https:\/\/veganova.eu\/fr\/wp-json\/wp\/v2\/product\/5102\/revisions"}],"predecessor-version":[{"id":58215,"href":"https:\/\/veganova.eu\/fr\/wp-json\/wp\/v2\/product\/5102\/revisions\/58215"}],"wp:featuredmedia":[{"embeddable":true,"href":"https:\/\/veganova.eu\/fr\/wp-json\/wp\/v2\/media\/53394"}],"wp:attachment":[{"href":"https:\/\/veganova.eu\/fr\/wp-json\/wp\/v2\/media?parent=5102"}],"wp:term":[{"taxonomy":"pwb-brand","embeddable":true,"href":"https:\/\/veganova.eu\/fr\/wp-json\/wp\/v2\/pwb-brand?post=5102"},{"taxonomy":"product_brand","embeddable":true,"href":"https:\/\/veganova.eu\/fr\/wp-json\/wp\/v2\/product_brand?post=5102"},{"taxonomy":"product_cat","embeddable":true,"href":"https:\/\/veganova.eu\/fr\/wp-json\/wp\/v2\/product_cat?post=5102"},{"taxonomy":"product_tag","embeddable":true,"href":"https:\/\/veganova.eu\/fr\/wp-json\/wp\/v2\/product_tag?post=5102"}],"curies":[{"name":"wp","href":"https:\/\/api.w.org\/{rel}","templated":true}]}}