{"id":5110,"date":"2023-10-01T17:08:43","date_gmt":"2023-10-01T15:08:43","guid":{"rendered":"https:\/\/veganova.eu\/?post_type=product&#038;p=5110"},"modified":"2026-04-21T07:24:33","modified_gmt":"2026-04-21T05:24:33","slug":"doctors-best-high-absorption-iron-27mg-120-tab","status":"publish","type":"product","link":"https:\/\/veganova.eu\/fr\/shop\/doctors-best-high-absorption-iron-27mg-120-tab\/","title":{"rendered":"Doctor's Best Fer \u00e0 haute absorption, 27mg (120 tab)"},"content":{"rendered":"<h3>Doctor's Best Fer \u00e0 haute absorption<\/h3>\n<ul>\n<li>Le fer \u00e0 haute absorption de Doctor's Best avec Ferrochel est ch\u00e9lat\u00e9 pour aider \u00e0 augmenter la biodisponibilit\u00e9 et pr\u00e9venir les naus\u00e9es et l'indigestion souvent caus\u00e9es par les suppl\u00e9ments de fer.<\/li>\n<li>La ch\u00e9lation permet au fer de traverser facilement la paroi intestinale, o\u00f9 les min\u00e9raux sont absorb\u00e9s de mani\u00e8re optimale.<\/li>\n<li>Le fer est un min\u00e9ral essentiel qui contribue \u00e0 la formation de globules rouges normaux. Il est un \u00e9l\u00e9ment important de l'h\u00e9moglobine, qui transporte l'oxyg\u00e8ne dans tout le corps.<\/li>\n<\/ul>","protected":false},"excerpt":{"rendered":"<p>Le suppl\u00e9ment nutritionnel v\u00e9g\u00e9talien Doctor's Best High Absorption Iron, 27mg est id\u00e9al si vous avez besoin de prendre du fer, mais que vous avez tendance \u00e0 vous sentir naus\u00e9eux lorsque vous le prenez. Ce produit vous apportera une absorption rapide, sans encombrer votre estomac. L'emballage contient : 120 comprim\u00e9s. Sans gluten, sans OGM.<\/p>","protected":false},"featured_media":53392,"comment_status":"closed","ping_status":"closed","template":"","meta":{"advanced_seo_description":"","jetpack_seo_html_title":"","jetpack_seo_noindex":false},"pwb-brand":[147],"product_brand":[4565],"product_cat":[172,152],"product_tag":[1206,860,1208,1207],"class_list":{"0":"post-5110","1":"product","2":"type-product","3":"status-publish","4":"has-post-thumbnail","6":"pwb-brand-doctors-best","7":"product_brand-doctors-best","8":"product_cat-minerals","9":"product_cat-vitamins-and-minerals","10":"product_tag-blood-production","11":"product_tag-energy","12":"product_tag-muscles","13":"product_tag-strength","14":"brand_woo-doctors-best","16":"first","17":"instock","18":"taxable","19":"shipping-taxable","20":"purchasable","21":"product-type-simple"},"jetpack_sharing_enabled":true,"brands":[{"id":147,"name":"Doctor's Best","slug":"doctors-best"}],"_links":{"self":[{"href":"https:\/\/veganova.eu\/fr\/wp-json\/wp\/v2\/product\/5110","targetHints":{"allow":["GET"]}}],"collection":[{"href":"https:\/\/veganova.eu\/fr\/wp-json\/wp\/v2\/product"}],"about":[{"href":"https:\/\/veganova.eu\/fr\/wp-json\/wp\/v2\/types\/product"}],"replies":[{"embeddable":true,"href":"https:\/\/veganova.eu\/fr\/wp-json\/wp\/v2\/comments?post=5110"}],"version-history":[{"count":1,"href":"https:\/\/veganova.eu\/fr\/wp-json\/wp\/v2\/product\/5110\/revisions"}],"predecessor-version":[{"id":58223,"href":"https:\/\/veganova.eu\/fr\/wp-json\/wp\/v2\/product\/5110\/revisions\/58223"}],"wp:featuredmedia":[{"embeddable":true,"href":"https:\/\/veganova.eu\/fr\/wp-json\/wp\/v2\/media\/53392"}],"wp:attachment":[{"href":"https:\/\/veganova.eu\/fr\/wp-json\/wp\/v2\/media?parent=5110"}],"wp:term":[{"taxonomy":"pwb-brand","embeddable":true,"href":"https:\/\/veganova.eu\/fr\/wp-json\/wp\/v2\/pwb-brand?post=5110"},{"taxonomy":"product_brand","embeddable":true,"href":"https:\/\/veganova.eu\/fr\/wp-json\/wp\/v2\/product_brand?post=5110"},{"taxonomy":"product_cat","embeddable":true,"href":"https:\/\/veganova.eu\/fr\/wp-json\/wp\/v2\/product_cat?post=5110"},{"taxonomy":"product_tag","embeddable":true,"href":"https:\/\/veganova.eu\/fr\/wp-json\/wp\/v2\/product_tag?post=5110"}],"curies":[{"name":"wp","href":"https:\/\/api.w.org\/{rel}","templated":true}]}}