{"id":5116,"date":"2023-10-01T17:08:45","date_gmt":"2023-10-01T15:08:45","guid":{"rendered":"https:\/\/veganova.eu\/?post_type=product&#038;p=5116"},"modified":"2026-04-21T07:24:33","modified_gmt":"2026-04-21T05:24:33","slug":"doctors-best-l-carnitine-fumarate-855mg-60-kaps","status":"publish","type":"product","link":"https:\/\/veganova.eu\/fr\/shop\/doctors-best-l-carnitine-fumarate-855mg-60-kaps\/","title":{"rendered":"Doctor's Best L-Carnitine Fumarate, 855mg (60 g\u00e9lules)"},"content":{"rendered":"<h3>Doctor's Best L-Carnitine Fumarate<\/h3>\n<ul>\n<li>Le fumarate de L-carnitine de Doctor's Best aide l'organisme \u00e0 br\u00fbler les graisses pour obtenir de l'\u00e9nergie et \u00e0 maintenir un c\u0153ur et un syst\u00e8me cardiovasculaire en sant\u00e9.<\/li>\n<li>La L-carnitine est un nutriment qui favorise la production d'\u00e9nergie dans les cellules en transportant les acides gras vers les mitochondries, une structure intracellulaire qui cr\u00e9e de l'\u00e9nergie m\u00e9tabolique sous forme d'ATP.<\/li>\n<li>Dans ce r\u00f4le, la L-carnitine aide l'organisme \u00e0 m\u00e9taboliser efficacement les graisses.<\/li>\n<li>Le fumarate est un compos\u00e9 naturellement pr\u00e9sent dans l'organisme. Le fumarate sert d'interm\u00e9diaire dans le cycle de Krebs, un processus cl\u00e9 de production d'\u00e9nergie qui se d\u00e9roule dans les mitochondries.<\/li>\n<li>Le fumarate de carnitine de Doctor's Best est d\u00e9riv\u00e9 de la L-carnitine de qualit\u00e9 pharmaceutique produite par un proc\u00e9d\u00e9 brevet\u00e9 approuv\u00e9 par la FDA.<\/li>\n<\/ul>\n<p>&nbsp;<\/p>","protected":false},"excerpt":{"rendered":"<p>Vegan nutritional supplement Doctor&#8217;s Best L-Carnitine Fumarate, 855mg supports metabolism, blood circulation and energy production. The package contains: 60 capsules. Gluten-free, GMO-free.<\/p>","protected":false},"featured_media":53381,"comment_status":"closed","ping_status":"closed","template":"","meta":{"advanced_seo_description":"","jetpack_seo_html_title":"","jetpack_seo_noindex":false},"pwb-brand":[147],"product_brand":[4565],"product_cat":[174,132],"product_tag":[1200,860,1097,1059],"class_list":{"0":"post-5116","1":"product","2":"type-product","3":"status-publish","4":"has-post-thumbnail","6":"pwb-brand-doctors-best","7":"product_brand-doctors-best","8":"product_cat-amino-acids","9":"product_cat-sports-nutrition","10":"product_tag-blood-circulation","11":"product_tag-energy","12":"product_tag-fat-metabolism","13":"product_tag-healthy-metabolism","14":"brand_woo-doctors-best","16":"first","17":"instock","18":"sale","19":"taxable","20":"shipping-taxable","21":"purchasable","22":"product-type-simple"},"jetpack_sharing_enabled":true,"brands":[{"id":147,"name":"Doctor's Best","slug":"doctors-best"}],"_links":{"self":[{"href":"https:\/\/veganova.eu\/fr\/wp-json\/wp\/v2\/product\/5116","targetHints":{"allow":["GET"]}}],"collection":[{"href":"https:\/\/veganova.eu\/fr\/wp-json\/wp\/v2\/product"}],"about":[{"href":"https:\/\/veganova.eu\/fr\/wp-json\/wp\/v2\/types\/product"}],"replies":[{"embeddable":true,"href":"https:\/\/veganova.eu\/fr\/wp-json\/wp\/v2\/comments?post=5116"}],"version-history":[{"count":1,"href":"https:\/\/veganova.eu\/fr\/wp-json\/wp\/v2\/product\/5116\/revisions"}],"predecessor-version":[{"id":58229,"href":"https:\/\/veganova.eu\/fr\/wp-json\/wp\/v2\/product\/5116\/revisions\/58229"}],"wp:featuredmedia":[{"embeddable":true,"href":"https:\/\/veganova.eu\/fr\/wp-json\/wp\/v2\/media\/53381"}],"wp:attachment":[{"href":"https:\/\/veganova.eu\/fr\/wp-json\/wp\/v2\/media?parent=5116"}],"wp:term":[{"taxonomy":"pwb-brand","embeddable":true,"href":"https:\/\/veganova.eu\/fr\/wp-json\/wp\/v2\/pwb-brand?post=5116"},{"taxonomy":"product_brand","embeddable":true,"href":"https:\/\/veganova.eu\/fr\/wp-json\/wp\/v2\/product_brand?post=5116"},{"taxonomy":"product_cat","embeddable":true,"href":"https:\/\/veganova.eu\/fr\/wp-json\/wp\/v2\/product_cat?post=5116"},{"taxonomy":"product_tag","embeddable":true,"href":"https:\/\/veganova.eu\/fr\/wp-json\/wp\/v2\/product_tag?post=5116"}],"curies":[{"name":"wp","href":"https:\/\/api.w.org\/{rel}","templated":true}]}}